{"id":1069,"date":"2023-11-28T06:51:27","date_gmt":"2023-11-28T06:51:27","guid":{"rendered":"https:\/\/freeman-freeman.com\/?page_id=1069"},"modified":"2024-02-27T18:34:41","modified_gmt":"2024-02-27T18:34:41","slug":"woodland-hills-abogado-de-lesiones-de-la-medula-espinal","status":"publish","type":"page","link":"https:\/\/freeman-freeman.com\/es\/woodland-hills-spinal-cord-injury-lawyer\/","title":{"rendered":"Woodland Hills abogado de lesiones de la m\u00e9dula espinal"},"content":{"rendered":"<h2><span data-sheets-root=\"1\" data-sheets-value=\"{&quot;1&quot;:2,&quot;2&quot;:&quot;Woodland Hills Spinal Cord Injury Lawyer&quot;}\" data-sheets-userformat=\"{&quot;2&quot;:15105,&quot;3&quot;:{&quot;1&quot;:0},&quot;11&quot;:0,&quot;12&quot;:0,&quot;14&quot;:{&quot;1&quot;:2,&quot;2&quot;:0},&quot;15&quot;:&quot;Calibri&quot;,&quot;16&quot;:11}\">Woodland Hills abogado de lesiones de la m\u00e9dula espinal<\/span><\/h2>\n<div class=\"abt-img\"><img loading=\"lazy\" decoding=\"async\" class=\"alignnone\" title=\"Woodland Hills abogado de lesiones de la m\u00e9dula espinal\" src=\"https:\/\/freeman-freeman.com\/wp-content\/uploads\/2024\/02\/Woodland-Hills-Spinal-Cord-Injury-Lawyer.jpg\" alt=\"Woodland Hills abogado de lesiones de la m\u00e9dula espinal\" width=\"970\" height=\"500\" \/><\/div>\n<p>Usted puede ser una de las miles de personas que han sufrido una lesi\u00f3n cerebral o lesi\u00f3n de la m\u00e9dula espinal. Los abogados de Freeman &amp; Freeman, LLP, pueden ayudarle a obtener la compensaci\u00f3n que necesita y merece.<\/p>\n<p>Tanto si ha sufrido lesiones en un accidente de coche, una colisi\u00f3n de cami\u00f3n, una cat\u00e1strofe en moto o un accidente por resbal\u00f3n y ca\u00edda, tenemos la experiencia y los conocimientos jur\u00eddicos necesarios para ayudarle a obtener la ayuda que necesita. Usted puede tener una capacidad limitada para trabajar o ser incapaz de trabajar como resultado de sus desaf\u00edos. La calidad de su vida puede haberse visto alterada significativamente.<\/p>\n<p>Si un individuo, una organizaci\u00f3n o un fabricante fue de alguna manera responsable de sus lesiones, ll\u00e1menos para discutir las formas en que podemos hacerlos responsables.<\/p>\n<h2>Una lesi\u00f3n medular puede ser catastr\u00f3fica<\/h2>\n<p>Los s\u00edntomas de una lesi\u00f3n medular pueden incluir dolor insoportable, entumecimiento, hormigueo, falta de coordinaci\u00f3n, incapacidad para ponerse de pie o caminar e incluso disminuci\u00f3n del control de la vejiga. Cualquier traumatismo que comprima, corte o desv\u00ede la m\u00e9dula espinal puede causar una lesi\u00f3n medular.<\/p>\n<p>Tales lesiones pueden tener efectos masivos a corto y largo plazo en su vida. Nuestros abogados tendr\u00e1n en cuenta estos efectos a largo plazo cuando buscamos justicia y compensaci\u00f3n para usted.<\/p>\n<p>Cada caso de lesi\u00f3n medular tiene unas caracter\u00edsticas que lo hacen \u00fanico. Hemos llevado numerosos casos de lesiones complejas de la m\u00e9dula espinal y tenemos una gran experiencia en documentar lesiones de los discos cervicales y lumbares.<\/p>\n<p>Tenemos relaciones con los tipos de expertos m\u00e9dicos necesarios para demostrar los efectos devastadores de estas lesiones.<\/p>\n<h2>Las lesiones cerebrales tienen graves consecuencias a largo plazo<\/h2>\n<p>M\u00e1s que ninguna otra lesi\u00f3n, las lesiones cerebrales son las que m\u00e1s pueden alterar la vida de las personas afectadas y sus familias. Las personas afectadas por lesiones cerebrales, incluso leves, sufren a menudo p\u00e9rdida de memoria o amnesia, alteraciones emocionales y de la personalidad. Las lesiones cerebrales tambi\u00e9n pueden provocar problemas cognitivos e intelectuales y causar dolor debilitante de por vida.<\/p>\n<p>La amplia experiencia de nuestros abogados especializados en lesiones medulares de Woodland Hills en casos de lesiones cerebrales nos coloca en una posici\u00f3n \u00fanica para identificar y demostrar las dificultades que cambiar\u00e1n la vida de los clientes y sus familias en el futuro.<\/p>\n<p>Muchas v\u00edctimas de lesiones cerebrales se lesionan debido a la negligencia de otra persona, como puede ser el caso en accidentes de coche, ca\u00eddas, ataques violentos, actividades recreativas y lesiones deportivas. Estos casos son extremadamente complejos, pero trabajamos habitualmente con los principales expertos en lesiones cerebrales de California y de todo el pa\u00eds. Nuestra experiencia da sus frutos tanto en las negociaciones como en los juicios.<\/p>\n<h2>Sus derechos y su recuperaci\u00f3n son nuestra prioridad<\/h2>\n<p>Al igual que con todos nuestros clientes gravemente heridos, estaremos m\u00e1s que encantados de ir a su casa u hospital para reunirse con usted a su conveniencia.<\/p>\n<p>Si usted, su familia o un ser querido tiene la desgracia de haber sufrido una lesi\u00f3n cerebral o medular como consecuencia de un accidente, p\u00f3ngase en contacto con nosotros en <a role=\"link\" href=\"tel:+1-818-992-2919\" data-wpel-link=\"internal\">818-992-2919<\/a> inmediatamente para que podamos empezar a ayudarle. Tambi\u00e9n puede <a role=\"link\" href=\"https:\/\/freeman-freeman.com\/es\/pongase-en-contacto-con\/\" data-wpel-link=\"internal\">rellene nuestro formulario de contacto en l\u00ednea<\/a>.<\/p>","protected":false},"excerpt":{"rendered":"<p>Woodland Hills Spinal Cord Injury Attorney You may be one of the thousands of people who have suffered a brain injury or spinal cord injury. The attorneys at Freeman &amp; Freeman, LLP, can help you get the compensation that you need and deserve. Whether you were injured in a car accident, truck collision, motorcycle catastrophe &hellip; <\/p>\n<p class=\"link-more\"><a href=\"https:\/\/freeman-freeman.com\/es\/woodland-hills-spinal-cord-injury-lawyer\/\" class=\"more-link\">Seguir leyendo<span class=\"screen-reader-text\"> &#8220;Woodland Hills Spinal Cord Injury Lawyer&#8221;<\/span><\/a><\/p>","protected":false},"author":1,"featured_media":0,"parent":0,"menu_order":0,"comment_status":"closed","ping_status":"closed","template":"","meta":{"_acf_changed":false,"footnotes":""},"class_list":["post-1069","page","type-page","status-publish","hentry","entry"],"acf":[],"yoast_head":"<!-- This site is optimized with the Yoast SEO plugin v27.3 - https:\/\/yoast.com\/product\/yoast-seo-wordpress\/ -->\n<title>Woodland Hills Spinal Cord Injury Lawyer - Free Consultation<\/title>\n<meta name=\"description\" content=\"Suffering from a spinal cord injury? Seek legal support from Freeman &amp; Freeman, LLP, your trusted Woodland Hills Spinal Cord Injury Lawyer. Contact now!\" \/>\n<meta name=\"robots\" content=\"index, follow, max-snippet:-1, max-image-preview:large, max-video-preview:-1\" \/>\n<link rel=\"canonical\" href=\"https:\/\/freeman-freeman.com\/es\/woodland-hills-abogado-de-lesiones-de-la-medula-espinal\/\" \/>\n<meta property=\"og:locale\" content=\"es_MX\" \/>\n<meta property=\"og:type\" content=\"article\" \/>\n<meta property=\"og:title\" content=\"Woodland Hills Spinal Cord Injury Lawyer - Free Consultation\" \/>\n<meta property=\"og:description\" content=\"Suffering from a spinal cord injury? Seek legal support from Freeman &amp; Freeman, LLP, your trusted Woodland Hills Spinal Cord Injury Lawyer. Contact now!\" \/>\n<meta property=\"og:url\" content=\"https:\/\/freeman-freeman.com\/es\/woodland-hills-abogado-de-lesiones-de-la-medula-espinal\/\" \/>\n<meta property=\"og:site_name\" content=\"Freeman &amp; Freeman, LLP\" \/>\n<meta property=\"article:publisher\" content=\"https:\/\/www.facebook.com\/FreemanFreemanLaw\" \/>\n<meta property=\"article:modified_time\" content=\"2024-02-27T18:34:41+00:00\" \/>\n<meta property=\"og:image\" content=\"https:\/\/freeman-freeman.com\/wp-content\/uploads\/2024\/02\/Woodland-Hills-Spinal-Cord-Injury-Lawyer.jpg\" \/>\n<meta name=\"twitter:card\" content=\"summary_large_image\" \/>\n<meta name=\"twitter:site\" content=\"@FreemanFreeman1\" \/>\n<meta name=\"twitter:label1\" content=\"Tiempo de lectura\" \/>\n\t<meta name=\"twitter:data1\" content=\"3 minutos\" \/>\n<script type=\"application\/ld+json\" class=\"yoast-schema-graph\">{\"@context\":\"https:\\\/\\\/schema.org\",\"@graph\":[{\"@type\":\"WebPage\",\"@id\":\"https:\\\/\\\/freeman-freeman.com\\\/woodland-hills-spinal-cord-injury-lawyer\\\/\",\"url\":\"https:\\\/\\\/freeman-freeman.com\\\/woodland-hills-spinal-cord-injury-lawyer\\\/\",\"name\":\"Woodland Hills Spinal Cord Injury Lawyer - Free Consultation\",\"isPartOf\":{\"@id\":\"https:\\\/\\\/freeman-freeman.com\\\/#website\"},\"primaryImageOfPage\":{\"@id\":\"https:\\\/\\\/freeman-freeman.com\\\/woodland-hills-spinal-cord-injury-lawyer\\\/#primaryimage\"},\"image\":{\"@id\":\"https:\\\/\\\/freeman-freeman.com\\\/woodland-hills-spinal-cord-injury-lawyer\\\/#primaryimage\"},\"thumbnailUrl\":\"https:\\\/\\\/freeman-freeman.com\\\/wp-content\\\/uploads\\\/2024\\\/02\\\/Woodland-Hills-Spinal-Cord-Injury-Lawyer.jpg\",\"datePublished\":\"2023-11-28T06:51:27+00:00\",\"dateModified\":\"2024-02-27T18:34:41+00:00\",\"description\":\"Suffering from a spinal cord injury? Seek legal support from Freeman & Freeman, LLP, your trusted Woodland Hills Spinal Cord Injury Lawyer. Contact now!\",\"inLanguage\":\"es\",\"potentialAction\":[{\"@type\":\"ReadAction\",\"target\":[\"https:\\\/\\\/freeman-freeman.com\\\/woodland-hills-spinal-cord-injury-lawyer\\\/\"]}]},{\"@type\":\"ImageObject\",\"inLanguage\":\"es\",\"@id\":\"https:\\\/\\\/freeman-freeman.com\\\/woodland-hills-spinal-cord-injury-lawyer\\\/#primaryimage\",\"url\":\"https:\\\/\\\/freeman-freeman.com\\\/wp-content\\\/uploads\\\/2024\\\/02\\\/Woodland-Hills-Spinal-Cord-Injury-Lawyer.jpg\",\"contentUrl\":\"https:\\\/\\\/freeman-freeman.com\\\/wp-content\\\/uploads\\\/2024\\\/02\\\/Woodland-Hills-Spinal-Cord-Injury-Lawyer.jpg\"},{\"@type\":\"WebSite\",\"@id\":\"https:\\\/\\\/freeman-freeman.com\\\/#website\",\"url\":\"https:\\\/\\\/freeman-freeman.com\\\/\",\"name\":\"Freeman &amp; Freeman, LLP\",\"description\":\"\",\"publisher\":{\"@id\":\"https:\\\/\\\/freeman-freeman.com\\\/#organization\"},\"potentialAction\":[{\"@type\":\"SearchAction\",\"target\":{\"@type\":\"EntryPoint\",\"urlTemplate\":\"https:\\\/\\\/freeman-freeman.com\\\/?s={search_term_string}\"},\"query-input\":{\"@type\":\"PropertyValueSpecification\",\"valueRequired\":true,\"valueName\":\"search_term_string\"}}],\"inLanguage\":\"es\"},{\"@type\":\"Organization\",\"@id\":\"https:\\\/\\\/freeman-freeman.com\\\/#organization\",\"name\":\"Freeman & Freeman, LLP\",\"url\":\"https:\\\/\\\/freeman-freeman.com\\\/\",\"logo\":{\"@type\":\"ImageObject\",\"inLanguage\":\"es\",\"@id\":\"https:\\\/\\\/freeman-freeman.com\\\/#\\\/schema\\\/logo\\\/image\\\/\",\"url\":\"https:\\\/\\\/freeman-freeman.com\\\/wp-content\\\/uploads\\\/2024\\\/01\\\/logo.jpg\",\"contentUrl\":\"https:\\\/\\\/freeman-freeman.com\\\/wp-content\\\/uploads\\\/2024\\\/01\\\/logo.jpg\",\"width\":674,\"height\":104,\"caption\":\"Freeman & Freeman, LLP\"},\"image\":{\"@id\":\"https:\\\/\\\/freeman-freeman.com\\\/#\\\/schema\\\/logo\\\/image\\\/\"},\"sameAs\":[\"https:\\\/\\\/www.facebook.com\\\/FreemanFreemanLaw\",\"https:\\\/\\\/x.com\\\/FreemanFreeman1\",\"https:\\\/\\\/www.linkedin.com\\\/company\\\/freeman-freeman-llp\"]}]}<\/script>\n<!-- \/ Yoast SEO plugin. -->","yoast_head_json":{"title":"Woodland Hills Abogado de Lesion de la Espina Dorsal - Consulta Gratis","description":"\u00bfSufre una lesi\u00f3n de la m\u00e9dula espinal? Buscar apoyo legal de Freeman y Freeman, LLP, su confianza Woodland Hills lesi\u00f3n de la m\u00e9dula espinal abogado. \u00a1P\u00f3ngase en contacto ahora!","robots":{"index":"index","follow":"follow","max-snippet":"max-snippet:-1","max-image-preview":"max-image-preview:large","max-video-preview":"max-video-preview:-1"},"canonical":"https:\/\/freeman-freeman.com\/es\/woodland-hills-abogado-de-lesiones-de-la-medula-espinal\/","og_locale":"es_MX","og_type":"article","og_title":"Woodland Hills Spinal Cord Injury Lawyer - Free Consultation","og_description":"Suffering from a spinal cord injury? Seek legal support from Freeman & Freeman, LLP, your trusted Woodland Hills Spinal Cord Injury Lawyer. Contact now!","og_url":"https:\/\/freeman-freeman.com\/es\/woodland-hills-abogado-de-lesiones-de-la-medula-espinal\/","og_site_name":"Freeman &amp; Freeman, LLP","article_publisher":"https:\/\/www.facebook.com\/FreemanFreemanLaw","article_modified_time":"2024-02-27T18:34:41+00:00","og_image":[{"url":"https:\/\/freeman-freeman.com\/wp-content\/uploads\/2024\/02\/Woodland-Hills-Spinal-Cord-Injury-Lawyer.jpg","type":"","width":"","height":""}],"twitter_card":"summary_large_image","twitter_site":"@FreemanFreeman1","twitter_misc":{"Tiempo de lectura":"3 minutos"},"schema":{"@context":"https:\/\/schema.org","@graph":[{"@type":"WebPage","@id":"https:\/\/freeman-freeman.com\/woodland-hills-spinal-cord-injury-lawyer\/","url":"https:\/\/freeman-freeman.com\/woodland-hills-spinal-cord-injury-lawyer\/","name":"Woodland Hills Abogado de Lesion de la Espina Dorsal - Consulta Gratis","isPartOf":{"@id":"https:\/\/freeman-freeman.com\/#website"},"primaryImageOfPage":{"@id":"https:\/\/freeman-freeman.com\/woodland-hills-spinal-cord-injury-lawyer\/#primaryimage"},"image":{"@id":"https:\/\/freeman-freeman.com\/woodland-hills-spinal-cord-injury-lawyer\/#primaryimage"},"thumbnailUrl":"https:\/\/freeman-freeman.com\/wp-content\/uploads\/2024\/02\/Woodland-Hills-Spinal-Cord-Injury-Lawyer.jpg","datePublished":"2023-11-28T06:51:27+00:00","dateModified":"2024-02-27T18:34:41+00:00","description":"\u00bfSufre una lesi\u00f3n de la m\u00e9dula espinal? Buscar apoyo legal de Freeman y Freeman, LLP, su confianza Woodland Hills lesi\u00f3n de la m\u00e9dula espinal abogado. \u00a1P\u00f3ngase en contacto ahora!","inLanguage":"es","potentialAction":[{"@type":"ReadAction","target":["https:\/\/freeman-freeman.com\/woodland-hills-spinal-cord-injury-lawyer\/"]}]},{"@type":"ImageObject","inLanguage":"es","@id":"https:\/\/freeman-freeman.com\/woodland-hills-spinal-cord-injury-lawyer\/#primaryimage","url":"https:\/\/freeman-freeman.com\/wp-content\/uploads\/2024\/02\/Woodland-Hills-Spinal-Cord-Injury-Lawyer.jpg","contentUrl":"https:\/\/freeman-freeman.com\/wp-content\/uploads\/2024\/02\/Woodland-Hills-Spinal-Cord-Injury-Lawyer.jpg"},{"@type":"WebSite","@id":"https:\/\/freeman-freeman.com\/#website","url":"https:\/\/freeman-freeman.com\/","name":"Freeman &amp; Freeman, LLP","description":"","publisher":{"@id":"https:\/\/freeman-freeman.com\/#organization"},"potentialAction":[{"@type":"SearchAction","target":{"@type":"EntryPoint","urlTemplate":"https:\/\/freeman-freeman.com\/?s={search_term_string}"},"query-input":{"@type":"PropertyValueSpecification","valueRequired":true,"valueName":"search_term_string"}}],"inLanguage":"es"},{"@type":"Organization","@id":"https:\/\/freeman-freeman.com\/#organization","name":"Freeman &amp; Freeman, LLP","url":"https:\/\/freeman-freeman.com\/","logo":{"@type":"ImageObject","inLanguage":"es","@id":"https:\/\/freeman-freeman.com\/#\/schema\/logo\/image\/","url":"https:\/\/freeman-freeman.com\/wp-content\/uploads\/2024\/01\/logo.jpg","contentUrl":"https:\/\/freeman-freeman.com\/wp-content\/uploads\/2024\/01\/logo.jpg","width":674,"height":104,"caption":"Freeman & Freeman, LLP"},"image":{"@id":"https:\/\/freeman-freeman.com\/#\/schema\/logo\/image\/"},"sameAs":["https:\/\/www.facebook.com\/FreemanFreemanLaw","https:\/\/x.com\/FreemanFreeman1","https:\/\/www.linkedin.com\/company\/freeman-freeman-llp"]}]}},"_links":{"self":[{"href":"https:\/\/freeman-freeman.com\/es\/wp-json\/wp\/v2\/pages\/1069","targetHints":{"allow":["GET"]}}],"collection":[{"href":"https:\/\/freeman-freeman.com\/es\/wp-json\/wp\/v2\/pages"}],"about":[{"href":"https:\/\/freeman-freeman.com\/es\/wp-json\/wp\/v2\/types\/page"}],"author":[{"embeddable":true,"href":"https:\/\/freeman-freeman.com\/es\/wp-json\/wp\/v2\/users\/1"}],"replies":[{"embeddable":true,"href":"https:\/\/freeman-freeman.com\/es\/wp-json\/wp\/v2\/comments?post=1069"}],"version-history":[{"count":11,"href":"https:\/\/freeman-freeman.com\/es\/wp-json\/wp\/v2\/pages\/1069\/revisions"}],"predecessor-version":[{"id":2470,"href":"https:\/\/freeman-freeman.com\/es\/wp-json\/wp\/v2\/pages\/1069\/revisions\/2470"}],"wp:attachment":[{"href":"https:\/\/freeman-freeman.com\/es\/wp-json\/wp\/v2\/media?parent=1069"}],"curies":[{"name":"wp","href":"https:\/\/api.w.org\/{rel}","templated":true}]}}