{"id":1247,"date":"2023-11-28T09:28:36","date_gmt":"2023-11-28T09:28:36","guid":{"rendered":"https:\/\/freeman-freeman.com\/?page_id=1247"},"modified":"2024-02-07T15:03:32","modified_gmt":"2024-02-07T15:03:32","slug":"woodland-hills-interseccion-accidente-abogado","status":"publish","type":"page","link":"https:\/\/freeman-freeman.com\/es\/woodland-hills-intersection-accident-lawyer\/","title":{"rendered":"Woodland Hills Abogado de Accidente de Intersecci\u00f3n"},"content":{"rendered":"<h2><span data-sheets-root=\"1\" data-sheets-value=\"{&quot;1&quot;:2,&quot;2&quot;:&quot;Woodland Hills Intersection Accident Lawyer&quot;}\" data-sheets-userformat=\"{&quot;2&quot;:15105,&quot;3&quot;:{&quot;1&quot;:0},&quot;11&quot;:0,&quot;12&quot;:0,&quot;14&quot;:{&quot;1&quot;:2,&quot;2&quot;:0},&quot;15&quot;:&quot;Calibri&quot;,&quot;16&quot;:11}\">Woodland Hills Abogado de Accidente de Intersecci\u00f3n<\/span><\/h2>\n<p><img loading=\"lazy\" decoding=\"async\" class=\"aligncenter wp-image-1251 size-full\" title=\"Woodland Hills Abogado de Accidente de Intersecci\u00f3n\" src=\"https:\/\/freeman-freeman.com\/wp-content\/uploads\/2023\/11\/i-prac-intersectionaccidents.webp\" alt=\"Woodland Hills Abogado de Accidente de Intersecci\u00f3n\" width=\"325\" height=\"204\" srcset=\"https:\/\/freeman-freeman.com\/wp-content\/uploads\/2023\/11\/i-prac-intersectionaccidents.webp 325w, https:\/\/freeman-freeman.com\/wp-content\/uploads\/2023\/11\/i-prac-intersectionaccidents-300x188.webp 300w\" sizes=\"auto, (max-width: 325px) 100vw, 325px\" \/><\/p>\n<p>Los abogados de Freeman &amp; Freeman, LLP, tienen amplia experiencia en estos casos extremadamente complejos. Los automovilistas negligentemente aceleran a trav\u00e9s de luces amarillas o contin\u00faan a trav\u00e9s de una luz roja porque tienen prisa.<\/p>\n<p>Puede que no se detengan por completo. Pueden tomar una decisi\u00f3n equivocada al girar a la izquierda. Los automovilistas, ciclistas y peatones son puestos en riesgo regularmente. Si usted o un miembro de la familia ha sido herido porque un conductor negligente caus\u00f3 un accidente de intersecci\u00f3n, llame a nuestros abogados en Freeman y Freeman, LLP.<\/p>\n<p>Llame a <a role=\"link\" href=\"tel:+1-818-992-2919\" data-wpel-link=\"internal\">818-992-2919<\/a> si usted est\u00e1 interesado en tener abogados con m\u00e1s de cuatro d\u00e9cadas de experiencia, han recuperado m\u00e1s de $200 millones en indemnizaciones para las v\u00edctimas de lesiones en todo Los \u00c1ngeles. Freeman &amp; Freeman, LLP, est\u00e1 de su lado despu\u00e9s de un accidente u otro trauma.<\/p>\n<h2>Abogados compasivos y dedicados a su lado<\/h2>\n<p>Nuestros experimentados abogados han estado protegiendo los derechos de los californianos lesionados durante m\u00e1s de cuatro d\u00e9cadas. Tenemos un conocimiento significativo de los tipos de accidentes de intersecci\u00f3n que se producen - incluyendo accidentes automovil\u00edsticos, accidentes de peatones, accidentes de motocicleta y accidentes de bicicleta.<\/p>\n<p>Estamos dedicados a proteger los derechos de nuestros clientes lesionados y ser su m\u00e1s fuerte defensor contra las grandes compa\u00f1\u00edas de seguros. Freeman &amp; Freeman, LLP, busca la m\u00e1xima compensaci\u00f3n por facturas m\u00e9dicas, salarios perdidos, dolor y sufrimiento, y otras p\u00e9rdidas.<\/p>\n<p>No importa lo complejo de su caso y no importa la gravedad de las lesiones, nuestros abogados de accidentes saben que no hay dos casos iguales. Tenemos la experiencia legal para confiar en las estrategias legales exitosas que hemos utilizado en el pasado y la capacidad de adaptarse a las especificidades de su caso. Si el latigazo cervical o muerte injusta est\u00e1n en cuesti\u00f3n, estamos preparados.<\/p>\n<p>Nuestro bufete proporciona ayuda compasiva y sensible a los familiares supervivientes en reclamaciones por homicidio culposo. Entendemos el dolor que est\u00e1 experimentando y respondemos con la ayuda legal que necesita para obtener un cierre. Mientras que seremos compasivos con usted y su familia, seremos agresivos en nuestra b\u00fasqueda de la compensaci\u00f3n m\u00e1xima en su favor.<\/p>\n<h2>Contacte con nuestros expertos <span data-sheets-root=\"1\" data-sheets-value=\"{&quot;1&quot;:2,&quot;2&quot;:&quot;Woodland Hills Intersection Accident Lawyer&quot;}\" data-sheets-userformat=\"{&quot;2&quot;:15105,&quot;3&quot;:{&quot;1&quot;:0},&quot;11&quot;:0,&quot;12&quot;:0,&quot;14&quot;:{&quot;1&quot;:2,&quot;2&quot;:0},&quot;15&quot;:&quot;Calibri&quot;,&quot;16&quot;:11}\">Woodland Hills Abogados de Accidentes de Intersecci\u00f3n <\/span>Hoy<\/h2>\n<p>P\u00f3ngase en contacto con nuestros abogados hoy mismo para concertar su primera consulta gratuita. Llame a <a role=\"link\" href=\"tel:+1-818-992-2919\" data-wpel-link=\"internal\">818-992-2919<\/a> o rellene <a role=\"link\" href=\"https:\/\/freeman-freeman.com\/es\/pongase-en-contacto-con\/\" data-wpel-link=\"internal\">nuestro formulario de contacto en l\u00ednea<\/a>. Trabajamos en r\u00e9gimen de contingencia. Usted no paga nuestros honorarios hasta que recuperemos su indemnizaci\u00f3n.<\/p>","protected":false},"excerpt":{"rendered":"<p>Woodland Hills Intersection Accident Attorney The attorneys at Freeman &amp; Freeman, LLP, have extensive experience in these extremely complex cases. Motorists negligently speed through yellow lights or continue through a red light because they are in a hurry. They may not come to a complete stop. They may make a terrible decision when timing a &hellip; <\/p>\n<p class=\"link-more\"><a href=\"https:\/\/freeman-freeman.com\/es\/woodland-hills-intersection-accident-lawyer\/\" class=\"more-link\">Seguir leyendo<span class=\"screen-reader-text\"> &#8220;Woodland Hills Intersection Accident Lawyer&#8221;<\/span><\/a><\/p>","protected":false},"author":1,"featured_media":0,"parent":0,"menu_order":0,"comment_status":"closed","ping_status":"closed","template":"","meta":{"_acf_changed":false,"footnotes":""},"class_list":["post-1247","page","type-page","status-publish","hentry","entry"],"acf":[],"yoast_head":"<!-- This site is optimized with the Yoast SEO plugin v27.3 - https:\/\/yoast.com\/product\/yoast-seo-wordpress\/ -->\n<title>Woodland Hills Intersection Accident Lawyer - Free Consult<\/title>\n<meta name=\"description\" content=\"Involved in an intersection accident? Trust Freeman &amp; Freeman, LLP, your experienced Woodland Hills intersection accident lawyers. Free consultation!\" \/>\n<meta name=\"robots\" content=\"index, follow, max-snippet:-1, max-image-preview:large, max-video-preview:-1\" \/>\n<link rel=\"canonical\" href=\"https:\/\/freeman-freeman.com\/es\/woodland-hills-interseccion-accidente-abogado\/\" \/>\n<meta property=\"og:locale\" content=\"es_MX\" \/>\n<meta property=\"og:type\" content=\"article\" \/>\n<meta property=\"og:title\" content=\"Woodland Hills Intersection Accident Lawyer - Free Consult\" \/>\n<meta property=\"og:description\" content=\"Involved in an intersection accident? Trust Freeman &amp; Freeman, LLP, your experienced Woodland Hills intersection accident lawyers. Free consultation!\" \/>\n<meta property=\"og:url\" content=\"https:\/\/freeman-freeman.com\/es\/woodland-hills-interseccion-accidente-abogado\/\" \/>\n<meta property=\"og:site_name\" content=\"Freeman &amp; Freeman, LLP\" \/>\n<meta property=\"article:publisher\" content=\"https:\/\/www.facebook.com\/FreemanFreemanLaw\" \/>\n<meta property=\"article:modified_time\" content=\"2024-02-07T15:03:32+00:00\" \/>\n<meta property=\"og:image\" content=\"https:\/\/freeman-freeman.com\/wp-content\/uploads\/2023\/11\/i-prac-intersectionaccidents.webp\" \/>\n<meta name=\"twitter:card\" content=\"summary_large_image\" \/>\n<meta name=\"twitter:site\" content=\"@FreemanFreeman1\" \/>\n<meta name=\"twitter:label1\" content=\"Tiempo de lectura\" \/>\n\t<meta name=\"twitter:data1\" content=\"2 minutos\" \/>\n<script type=\"application\/ld+json\" class=\"yoast-schema-graph\">{\"@context\":\"https:\\\/\\\/schema.org\",\"@graph\":[{\"@type\":\"WebPage\",\"@id\":\"https:\\\/\\\/freeman-freeman.com\\\/woodland-hills-intersection-accident-lawyer\\\/\",\"url\":\"https:\\\/\\\/freeman-freeman.com\\\/woodland-hills-intersection-accident-lawyer\\\/\",\"name\":\"Woodland Hills Intersection Accident Lawyer - Free Consult\",\"isPartOf\":{\"@id\":\"https:\\\/\\\/freeman-freeman.com\\\/#website\"},\"primaryImageOfPage\":{\"@id\":\"https:\\\/\\\/freeman-freeman.com\\\/woodland-hills-intersection-accident-lawyer\\\/#primaryimage\"},\"image\":{\"@id\":\"https:\\\/\\\/freeman-freeman.com\\\/woodland-hills-intersection-accident-lawyer\\\/#primaryimage\"},\"thumbnailUrl\":\"https:\\\/\\\/freeman-freeman.com\\\/wp-content\\\/uploads\\\/2023\\\/11\\\/i-prac-intersectionaccidents.webp\",\"datePublished\":\"2023-11-28T09:28:36+00:00\",\"dateModified\":\"2024-02-07T15:03:32+00:00\",\"description\":\"Involved in an intersection accident? Trust Freeman & Freeman, LLP, your experienced Woodland Hills intersection accident lawyers. Free consultation!\",\"inLanguage\":\"es\",\"potentialAction\":[{\"@type\":\"ReadAction\",\"target\":[\"https:\\\/\\\/freeman-freeman.com\\\/woodland-hills-intersection-accident-lawyer\\\/\"]}]},{\"@type\":\"ImageObject\",\"inLanguage\":\"es\",\"@id\":\"https:\\\/\\\/freeman-freeman.com\\\/woodland-hills-intersection-accident-lawyer\\\/#primaryimage\",\"url\":\"https:\\\/\\\/freeman-freeman.com\\\/wp-content\\\/uploads\\\/2023\\\/11\\\/i-prac-intersectionaccidents.webp\",\"contentUrl\":\"https:\\\/\\\/freeman-freeman.com\\\/wp-content\\\/uploads\\\/2023\\\/11\\\/i-prac-intersectionaccidents.webp\"},{\"@type\":\"WebSite\",\"@id\":\"https:\\\/\\\/freeman-freeman.com\\\/#website\",\"url\":\"https:\\\/\\\/freeman-freeman.com\\\/\",\"name\":\"Freeman &amp; Freeman, LLP\",\"description\":\"\",\"publisher\":{\"@id\":\"https:\\\/\\\/freeman-freeman.com\\\/#organization\"},\"potentialAction\":[{\"@type\":\"SearchAction\",\"target\":{\"@type\":\"EntryPoint\",\"urlTemplate\":\"https:\\\/\\\/freeman-freeman.com\\\/?s={search_term_string}\"},\"query-input\":{\"@type\":\"PropertyValueSpecification\",\"valueRequired\":true,\"valueName\":\"search_term_string\"}}],\"inLanguage\":\"es\"},{\"@type\":\"Organization\",\"@id\":\"https:\\\/\\\/freeman-freeman.com\\\/#organization\",\"name\":\"Freeman & Freeman, LLP\",\"url\":\"https:\\\/\\\/freeman-freeman.com\\\/\",\"logo\":{\"@type\":\"ImageObject\",\"inLanguage\":\"es\",\"@id\":\"https:\\\/\\\/freeman-freeman.com\\\/#\\\/schema\\\/logo\\\/image\\\/\",\"url\":\"https:\\\/\\\/freeman-freeman.com\\\/wp-content\\\/uploads\\\/2024\\\/01\\\/logo.jpg\",\"contentUrl\":\"https:\\\/\\\/freeman-freeman.com\\\/wp-content\\\/uploads\\\/2024\\\/01\\\/logo.jpg\",\"width\":674,\"height\":104,\"caption\":\"Freeman & Freeman, LLP\"},\"image\":{\"@id\":\"https:\\\/\\\/freeman-freeman.com\\\/#\\\/schema\\\/logo\\\/image\\\/\"},\"sameAs\":[\"https:\\\/\\\/www.facebook.com\\\/FreemanFreemanLaw\",\"https:\\\/\\\/x.com\\\/FreemanFreeman1\",\"https:\\\/\\\/www.linkedin.com\\\/company\\\/freeman-freeman-llp\"]}]}<\/script>\n<!-- \/ Yoast SEO plugin. -->","yoast_head_json":{"title":"Woodland Hills Abogado de Accidente de Intersecci\u00f3n - Consulta Gratis","description":"Involucrado en un accidente de intersecci\u00f3n? Conf\u00ede en Freeman &amp; Freeman, LLP, sus abogados expertos en accidentes en intersecciones de Woodland Hills. \u00a1Consulta gratis!","robots":{"index":"index","follow":"follow","max-snippet":"max-snippet:-1","max-image-preview":"max-image-preview:large","max-video-preview":"max-video-preview:-1"},"canonical":"https:\/\/freeman-freeman.com\/es\/woodland-hills-interseccion-accidente-abogado\/","og_locale":"es_MX","og_type":"article","og_title":"Woodland Hills Intersection Accident Lawyer - Free Consult","og_description":"Involved in an intersection accident? Trust Freeman & Freeman, LLP, your experienced Woodland Hills intersection accident lawyers. Free consultation!","og_url":"https:\/\/freeman-freeman.com\/es\/woodland-hills-interseccion-accidente-abogado\/","og_site_name":"Freeman &amp; Freeman, LLP","article_publisher":"https:\/\/www.facebook.com\/FreemanFreemanLaw","article_modified_time":"2024-02-07T15:03:32+00:00","og_image":[{"url":"https:\/\/freeman-freeman.com\/wp-content\/uploads\/2023\/11\/i-prac-intersectionaccidents.webp","type":"","width":"","height":""}],"twitter_card":"summary_large_image","twitter_site":"@FreemanFreeman1","twitter_misc":{"Tiempo de lectura":"2 minutos"},"schema":{"@context":"https:\/\/schema.org","@graph":[{"@type":"WebPage","@id":"https:\/\/freeman-freeman.com\/woodland-hills-intersection-accident-lawyer\/","url":"https:\/\/freeman-freeman.com\/woodland-hills-intersection-accident-lawyer\/","name":"Woodland Hills Abogado de Accidente de Intersecci\u00f3n - Consulta Gratis","isPartOf":{"@id":"https:\/\/freeman-freeman.com\/#website"},"primaryImageOfPage":{"@id":"https:\/\/freeman-freeman.com\/woodland-hills-intersection-accident-lawyer\/#primaryimage"},"image":{"@id":"https:\/\/freeman-freeman.com\/woodland-hills-intersection-accident-lawyer\/#primaryimage"},"thumbnailUrl":"https:\/\/freeman-freeman.com\/wp-content\/uploads\/2023\/11\/i-prac-intersectionaccidents.webp","datePublished":"2023-11-28T09:28:36+00:00","dateModified":"2024-02-07T15:03:32+00:00","description":"Involucrado en un accidente de intersecci\u00f3n? Conf\u00ede en Freeman &amp; Freeman, LLP, sus abogados expertos en accidentes en intersecciones de Woodland Hills. \u00a1Consulta gratis!","inLanguage":"es","potentialAction":[{"@type":"ReadAction","target":["https:\/\/freeman-freeman.com\/woodland-hills-intersection-accident-lawyer\/"]}]},{"@type":"ImageObject","inLanguage":"es","@id":"https:\/\/freeman-freeman.com\/woodland-hills-intersection-accident-lawyer\/#primaryimage","url":"https:\/\/freeman-freeman.com\/wp-content\/uploads\/2023\/11\/i-prac-intersectionaccidents.webp","contentUrl":"https:\/\/freeman-freeman.com\/wp-content\/uploads\/2023\/11\/i-prac-intersectionaccidents.webp"},{"@type":"WebSite","@id":"https:\/\/freeman-freeman.com\/#website","url":"https:\/\/freeman-freeman.com\/","name":"Freeman &amp; Freeman, LLP","description":"","publisher":{"@id":"https:\/\/freeman-freeman.com\/#organization"},"potentialAction":[{"@type":"SearchAction","target":{"@type":"EntryPoint","urlTemplate":"https:\/\/freeman-freeman.com\/?s={search_term_string}"},"query-input":{"@type":"PropertyValueSpecification","valueRequired":true,"valueName":"search_term_string"}}],"inLanguage":"es"},{"@type":"Organization","@id":"https:\/\/freeman-freeman.com\/#organization","name":"Freeman &amp; Freeman, LLP","url":"https:\/\/freeman-freeman.com\/","logo":{"@type":"ImageObject","inLanguage":"es","@id":"https:\/\/freeman-freeman.com\/#\/schema\/logo\/image\/","url":"https:\/\/freeman-freeman.com\/wp-content\/uploads\/2024\/01\/logo.jpg","contentUrl":"https:\/\/freeman-freeman.com\/wp-content\/uploads\/2024\/01\/logo.jpg","width":674,"height":104,"caption":"Freeman & Freeman, LLP"},"image":{"@id":"https:\/\/freeman-freeman.com\/#\/schema\/logo\/image\/"},"sameAs":["https:\/\/www.facebook.com\/FreemanFreemanLaw","https:\/\/x.com\/FreemanFreeman1","https:\/\/www.linkedin.com\/company\/freeman-freeman-llp"]}]}},"_links":{"self":[{"href":"https:\/\/freeman-freeman.com\/es\/wp-json\/wp\/v2\/pages\/1247","targetHints":{"allow":["GET"]}}],"collection":[{"href":"https:\/\/freeman-freeman.com\/es\/wp-json\/wp\/v2\/pages"}],"about":[{"href":"https:\/\/freeman-freeman.com\/es\/wp-json\/wp\/v2\/types\/page"}],"author":[{"embeddable":true,"href":"https:\/\/freeman-freeman.com\/es\/wp-json\/wp\/v2\/users\/1"}],"replies":[{"embeddable":true,"href":"https:\/\/freeman-freeman.com\/es\/wp-json\/wp\/v2\/comments?post=1247"}],"version-history":[{"count":3,"href":"https:\/\/freeman-freeman.com\/es\/wp-json\/wp\/v2\/pages\/1247\/revisions"}],"predecessor-version":[{"id":2023,"href":"https:\/\/freeman-freeman.com\/es\/wp-json\/wp\/v2\/pages\/1247\/revisions\/2023"}],"wp:attachment":[{"href":"https:\/\/freeman-freeman.com\/es\/wp-json\/wp\/v2\/media?parent=1247"}],"curies":[{"name":"wp","href":"https:\/\/api.w.org\/{rel}","templated":true}]}}