{"id":1371,"date":"2023-11-29T05:21:35","date_gmt":"2023-11-29T05:21:35","guid":{"rendered":"https:\/\/freeman-freeman.com\/?page_id=1371"},"modified":"2023-12-29T07:01:38","modified_gmt":"2023-12-29T07:01:38","slug":"honores-y-premios","status":"publish","type":"page","link":"https:\/\/freeman-freeman.com\/es\/honors-and-awards\/","title":{"rendered":"Premios y distinciones"},"content":{"rendered":"<h2>Top Abogado de Lesiones Personales en Simi Valley<\/h2>\n<p><a role=\"link\" href=\"https:\/\/www.expertise.com\/ca\/simi-valley\/personal-injury-attorney\" target=\"_blank\" rel=\"noopener noreferrer\" data-wpel-link=\"external\"><img loading=\"lazy\" decoding=\"async\" src=\"https:\/\/freeman-freeman.com\/wp-content\/uploads\/2023\/11\/awrds_sec_img7.webp\" alt=\"\" width=\"145\" height=\"121\" class=\"alignright size-full wp-image-142\" \/><\/a> El objetivo de Expertise es conectar a las personas con los mejores expertos locales en su campo. En nuestro caso, Abogados de Lesiones Personales en todo California fueron calificados en m\u00e1s de 25 variables a trav\u00e9s de cinco categor\u00edas, incluyendo: Disponibilidad para los clientes, Calificaciones, Reputaci\u00f3n, Experiencia y Profesionalismo. Expertise.com rigurosa y objetiva calibra las empresas sobre la base de sus conocimientos, amabilidad y profesionalismo y que proporcionan un servicio excepcional con honestidad, fiabilidad y respeto. Todos los abogados seleccionados han ido m\u00e1s all\u00e1 de educarse a s\u00ed mismos en su \u00e1rea de especializaci\u00f3n.<\/p>\n<h2>S\u00faper abogados<\/h2>\n<p><img loading=\"lazy\" decoding=\"async\" src=\"https:\/\/freeman-freeman.com\/wp-content\/uploads\/2023\/11\/superlawyers.webp\" alt=\"\" width=\"166\" height=\"144\" class=\"alignleft size-full wp-image-234\" \/>Super Lawyers es una de las publicaciones jur\u00eddicas m\u00e1s fiables del pa\u00eds que reconoce a abogados excepcionales en docenas de \u00e1reas de pr\u00e1ctica. El proceso de selecci\u00f3n incluye investigaci\u00f3n independiente, nominaciones de colegas y evaluaciones de colegas basadas en los veredictos, experiencia, premios y logros sobresalientes del abogado. S\u00f3lo hasta el 5 por ciento de los abogados en California son nombrados Super Lawyers.<\/p>\n<h2>Abogados litigantes nacionales<\/h2>\n<p><img loading=\"lazy\" decoding=\"async\" src=\"https:\/\/freeman-freeman.com\/wp-content\/uploads\/2023\/11\/NTLTop100-badge.webp\" alt=\"\" width=\"197\" height=\"106\" class=\"alignright size-full wp-image-233\" \/>La National Trial Lawyers lleva a cabo investigaciones y nominaciones por pares para seleccionar a los abogados m\u00e1s cualificados de todos los estados del pa\u00eds. Los abogados seleccionados se eligen en funci\u00f3n de sus cualificaciones, reputaci\u00f3n, influencia y contribuciones al ejercicio de la abogac\u00eda. S\u00f3lo es posible ser miembro mediante selecci\u00f3n e invitaci\u00f3n, ya que el objetivo del grupo es ayudar a elevar el nivel de la pr\u00e1ctica de los abogados en todo el pa\u00eds.<\/p>\n<h2>Martindale-Hubbell<\/h2>\n<p><img loading=\"lazy\" decoding=\"async\" src=\"https:\/\/freeman-freeman.com\/wp-content\/uploads\/2023\/11\/awrds_sec_img2.webp\" alt=\"\" width=\"267\" height=\"85\" class=\"alignleft size-full wp-image-136\" \/>Martindale-Hubbell es la respetada organizaci\u00f3n de revisi\u00f3n por pares de abogados cuyas calificaciones reflejan las opiniones an\u00f3nimas de los miembros del colegio de abogados y del poder judicial. AV Preeminente es la calificaci\u00f3n m\u00e1s alta que puede recibir un abogado.<\/p>\n<h2>Asociaci\u00f3n Nacional de Abogados Distinguidos<\/h2>\n<p><img loading=\"lazy\" decoding=\"async\" src=\"https:\/\/freeman-freeman.com\/wp-content\/uploads\/2023\/11\/awrds_sec_img5.webp\" alt=\"\" width=\"124\" height=\"123\" class=\"alignright size-full wp-image-140\" \/>La misi\u00f3n de la Asociaci\u00f3n Nacional de Abogados Distinguidos es reconocer objetivamente a los abogados que elevan los est\u00e1ndares del Colegio de Abogados y proporcionar un punto de referencia para que otros abogados emulen. Los miembros son examinados minuciosamente por un equipo de investigaci\u00f3n, seleccionados por un panel de abogados y aprobados por una junta de revisi\u00f3n judicial como muestra de excelencia en la pr\u00e1ctica de la abogac\u00eda. S\u00f3lo el uno por ciento de los mejores abogados de los Estados Unidos son miembros del NADC.<\/p>\n<h2>Instituto Americano de Lesiones Personales<\/h2>\n<p><img loading=\"lazy\" decoding=\"async\" src=\"https:\/\/freeman-freeman.com\/wp-content\/uploads\/2023\/11\/10bestattorney.webp\" alt=\"\" width=\"112\" height=\"176\" class=\"alignleft size-full wp-image-231\" \/>El Instituto Americano de Lesiones Personales es una organizaci\u00f3n que selecciona a los 10 mejores abogados de lesiones personales en cada estado para la satisfacci\u00f3n del cliente. Los abogados que son seleccionados para la lista de los \"10 Mejores\" deben pasar el riguroso proceso de selecci\u00f3n de AIOPIA, que se basa en nominaciones de clientes y\/o compa\u00f1eros, investigaci\u00f3n exhaustiva y evaluaci\u00f3n independiente de AIOPIA. Uno de los aspectos m\u00e1s significativos del proceso de selecci\u00f3n tiene que ver con las relaciones y la reputaci\u00f3n de los abogados entre sus clientes.<\/p>\n<h2>Los mejores abogados<\/h2>\n<p><img loading=\"lazy\" decoding=\"async\" src=\"https:\/\/freeman-freeman.com\/wp-content\/uploads\/2023\/11\/award-img1.webp\" alt=\"\" width=\"153\" height=\"136\" class=\"alignright size-full wp-image-186\" \/>The Best of the Best Attorneys se dedica a promover el m\u00e1s alto nivel de excelencia jur\u00eddica. Este honor est\u00e1 reservado para los abogados que muestran la excelencia en su \u00e1rea de pr\u00e1ctica, en nuestro caso la Ley de Lesiones Personales. De los 1,3 millones de abogados que ejercen en los Estados Unidos menos de .05% de Abogados recibir\u00e1n esta distinci\u00f3n.<\/p>\n<h2>La Asociaci\u00f3n Americana de Abogados Defensores<\/h2>\n<p><img loading=\"lazy\" decoding=\"async\" src=\"https:\/\/freeman-freeman.com\/wp-content\/uploads\/2023\/11\/awrds_sec_img6.webp\" alt=\"\" width=\"140\" height=\"124\" class=\"alignleft size-full wp-image-141\" \/>La American Association of Attorneys Advocates (AAAA) es una organizaci\u00f3n de abogados de primer nivel a la que s\u00f3lo se puede acceder por invitaci\u00f3n y que se dedica a prestar el mejor servicio a sus clientes. Los abogados y bufetes de abogados son seleccionados en base a su extraordinaria dedicaci\u00f3n a la excelencia, habilidades de defensa, excelente reputaci\u00f3n, liderazgo, y se han distinguido de sus compa\u00f1eros.<\/p>\n<h2>AVVO<\/h2>\n<p><img loading=\"lazy\" decoding=\"async\" src=\"https:\/\/freeman-freeman.com\/wp-content\/uploads\/2023\/11\/awrds_sec_img3.webp\" alt=\"\" width=\"153\" height=\"118\" class=\"alignright size-full wp-image-138\" \/><img loading=\"lazy\" decoding=\"async\" src=\"https:\/\/freeman-freeman.com\/wp-content\/uploads\/2023\/11\/awrds_sec_img4.webp\" alt=\"\" width=\"129\" height=\"120\" class=\"alignright size-full wp-image-139\" \/>Nuestros abogados han obtenido sistem\u00e1ticamente la calificaci\u00f3n m\u00e1s alta de 10.0 Superb por AVVO, una organizaci\u00f3n que eval\u00faa y crea una calificaci\u00f3n utilizando un modelo que considera el perfil del abogado y los comentarios de compa\u00f1eros y clientes, adem\u00e1s de la informaci\u00f3n recopilada de fuentes p\u00fablicas como los Colegios de Abogados del Estado.<\/p>\n<h2>BBB<\/h2>\n<p><a role=\"link\" href=\"https:\/\/www.bbb.org\/us\/ca\/woodland-hills\/profile\/personal-injury-lawyer\/freeman-freeman-llp-1216-100112948#bbbseal\" target=\"_blank\" rel=\"noopener noreferrer\" data-wpel-link=\"external\"><img loading=\"lazy\" decoding=\"async\" src=\"https:\/\/freeman-freeman.com\/wp-content\/uploads\/2023\/11\/bbb-seal-freeman.webp\" alt=\"\" width=\"255\" height=\"72\" class=\"alignleft size-full wp-image-232\" \/><\/a>El Better Business Bureau (BBB) es una organizaci\u00f3n <a role=\"link\" href=\"https:\/\/en.wikipedia.org\/wiki\/Nonprofit_organization\" target=\"_blank\" rel=\"noopener noreferrer\" data-wpel-link=\"external\">organizaci\u00f3n sin \u00e1nimo de lucro<\/a> cuya misi\u00f3n es fomentar la confianza en el mercado. Su sistema de calificaci\u00f3n representa el grado de confianza de la BBB en que la empresa opera de manera fiable y har\u00e1 un esfuerzo de buena fe para resolver cualquier preocupaci\u00f3n de los clientes presentada a la BBB. Tiene en cuenta 17 factores basados en informaci\u00f3n objetiva e incidencias reales del comportamiento de una empresa que han sido verificadas y evaluadas por profesionales de BBB. Freeman &amp; Freeman, LLP ha ganado consistentemente un A + BBB m\u00e1s alta calificaci\u00f3n de confianza.<\/p>","protected":false},"excerpt":{"rendered":"<p>Top Personal Injury Lawyer in Simi Valley The goal of Expertise is to connect people with the best local experts in their field. In our case, Personal Injury Lawyers throughout California were scored on more than 25 variables across five categories, including: Availability to Clients, Qualifications, Reputation, Experience, and Professionalism. Expertise.com rigorously and objectively gauges &hellip; <\/p>\n<p class=\"link-more\"><a href=\"https:\/\/freeman-freeman.com\/es\/honors-and-awards\/\" class=\"more-link\">Seguir leyendo<span class=\"screen-reader-text\"> &#8220;Honors And Awards&#8221;<\/span><\/a><\/p>","protected":false},"author":1,"featured_media":0,"parent":0,"menu_order":0,"comment_status":"closed","ping_status":"closed","template":"","meta":{"_acf_changed":false,"footnotes":""},"class_list":["post-1371","page","type-page","status-publish","hentry","entry"],"acf":[],"yoast_head":"<!-- This site is optimized with the Yoast SEO plugin v27.3 - https:\/\/yoast.com\/product\/yoast-seo-wordpress\/ -->\n<title>Honors &amp; Awards | Freeman &amp; Freeman, LLP | Woodland Hills, CA<\/title>\n<meta name=\"description\" content=\"Learn more about the honors and awards the attorneys at our firm have received.\" \/>\n<meta name=\"robots\" content=\"index, follow, max-snippet:-1, max-image-preview:large, max-video-preview:-1\" \/>\n<link rel=\"canonical\" href=\"https:\/\/freeman-freeman.com\/es\/honores-y-premios\/\" \/>\n<meta property=\"og:locale\" content=\"es_MX\" \/>\n<meta property=\"og:type\" content=\"article\" \/>\n<meta property=\"og:title\" content=\"Honors &amp; Awards | Freeman &amp; Freeman, LLP | Woodland Hills, CA\" \/>\n<meta property=\"og:description\" content=\"Learn more about the honors and awards the attorneys at our firm have received.\" \/>\n<meta property=\"og:url\" content=\"https:\/\/freeman-freeman.com\/es\/honores-y-premios\/\" \/>\n<meta property=\"og:site_name\" content=\"Freeman &amp; Freeman, LLP\" \/>\n<meta property=\"article:publisher\" content=\"https:\/\/www.facebook.com\/FreemanFreemanLaw\" \/>\n<meta property=\"article:modified_time\" content=\"2023-12-29T07:01:38+00:00\" \/>\n<meta property=\"og:image\" content=\"https:\/\/freeman-freeman.com\/wp-content\/uploads\/2023\/11\/awrds_sec_img7.webp\" \/>\n<meta name=\"twitter:card\" content=\"summary_large_image\" \/>\n<meta name=\"twitter:site\" content=\"@FreemanFreeman1\" \/>\n<meta name=\"twitter:label1\" content=\"Tiempo de lectura\" \/>\n\t<meta name=\"twitter:data1\" content=\"6 minutos\" \/>\n<script type=\"application\/ld+json\" class=\"yoast-schema-graph\">{\"@context\":\"https:\\\/\\\/schema.org\",\"@graph\":[{\"@type\":\"WebPage\",\"@id\":\"https:\\\/\\\/freeman-freeman.com\\\/honors-and-awards\\\/\",\"url\":\"https:\\\/\\\/freeman-freeman.com\\\/honors-and-awards\\\/\",\"name\":\"Honors & Awards | Freeman & Freeman, LLP | Woodland Hills, CA\",\"isPartOf\":{\"@id\":\"https:\\\/\\\/freeman-freeman.com\\\/#website\"},\"primaryImageOfPage\":{\"@id\":\"https:\\\/\\\/freeman-freeman.com\\\/honors-and-awards\\\/#primaryimage\"},\"image\":{\"@id\":\"https:\\\/\\\/freeman-freeman.com\\\/honors-and-awards\\\/#primaryimage\"},\"thumbnailUrl\":\"https:\\\/\\\/freeman-freeman.com\\\/wp-content\\\/uploads\\\/2023\\\/11\\\/awrds_sec_img7.webp\",\"datePublished\":\"2023-11-29T05:21:35+00:00\",\"dateModified\":\"2023-12-29T07:01:38+00:00\",\"description\":\"Learn more about the honors and awards the attorneys at our firm have received.\",\"inLanguage\":\"es\",\"potentialAction\":[{\"@type\":\"ReadAction\",\"target\":[\"https:\\\/\\\/freeman-freeman.com\\\/honors-and-awards\\\/\"]}]},{\"@type\":\"ImageObject\",\"inLanguage\":\"es\",\"@id\":\"https:\\\/\\\/freeman-freeman.com\\\/honors-and-awards\\\/#primaryimage\",\"url\":\"https:\\\/\\\/freeman-freeman.com\\\/wp-content\\\/uploads\\\/2023\\\/11\\\/awrds_sec_img7.webp\",\"contentUrl\":\"https:\\\/\\\/freeman-freeman.com\\\/wp-content\\\/uploads\\\/2023\\\/11\\\/awrds_sec_img7.webp\"},{\"@type\":\"WebSite\",\"@id\":\"https:\\\/\\\/freeman-freeman.com\\\/#website\",\"url\":\"https:\\\/\\\/freeman-freeman.com\\\/\",\"name\":\"Freeman &amp; Freeman, LLP\",\"description\":\"\",\"publisher\":{\"@id\":\"https:\\\/\\\/freeman-freeman.com\\\/#organization\"},\"potentialAction\":[{\"@type\":\"SearchAction\",\"target\":{\"@type\":\"EntryPoint\",\"urlTemplate\":\"https:\\\/\\\/freeman-freeman.com\\\/?s={search_term_string}\"},\"query-input\":{\"@type\":\"PropertyValueSpecification\",\"valueRequired\":true,\"valueName\":\"search_term_string\"}}],\"inLanguage\":\"es\"},{\"@type\":\"Organization\",\"@id\":\"https:\\\/\\\/freeman-freeman.com\\\/#organization\",\"name\":\"Freeman & Freeman, LLP\",\"url\":\"https:\\\/\\\/freeman-freeman.com\\\/\",\"logo\":{\"@type\":\"ImageObject\",\"inLanguage\":\"es\",\"@id\":\"https:\\\/\\\/freeman-freeman.com\\\/#\\\/schema\\\/logo\\\/image\\\/\",\"url\":\"https:\\\/\\\/freeman-freeman.com\\\/wp-content\\\/uploads\\\/2024\\\/01\\\/logo.jpg\",\"contentUrl\":\"https:\\\/\\\/freeman-freeman.com\\\/wp-content\\\/uploads\\\/2024\\\/01\\\/logo.jpg\",\"width\":674,\"height\":104,\"caption\":\"Freeman & Freeman, LLP\"},\"image\":{\"@id\":\"https:\\\/\\\/freeman-freeman.com\\\/#\\\/schema\\\/logo\\\/image\\\/\"},\"sameAs\":[\"https:\\\/\\\/www.facebook.com\\\/FreemanFreemanLaw\",\"https:\\\/\\\/x.com\\\/FreemanFreeman1\",\"https:\\\/\\\/www.linkedin.com\\\/company\\\/freeman-freeman-llp\"]}]}<\/script>\n<!-- \/ Yoast SEO plugin. -->","yoast_head_json":{"title":"Honores y premios | Freeman &amp; Freeman, LLP | Woodland Hills, CA","description":"Obtenga m\u00e1s informaci\u00f3n sobre los honores y premios que han recibido los abogados de nuestro bufete.","robots":{"index":"index","follow":"follow","max-snippet":"max-snippet:-1","max-image-preview":"max-image-preview:large","max-video-preview":"max-video-preview:-1"},"canonical":"https:\/\/freeman-freeman.com\/es\/honores-y-premios\/","og_locale":"es_MX","og_type":"article","og_title":"Honors & Awards | Freeman & Freeman, LLP | Woodland Hills, CA","og_description":"Learn more about the honors and awards the attorneys at our firm have received.","og_url":"https:\/\/freeman-freeman.com\/es\/honores-y-premios\/","og_site_name":"Freeman &amp; Freeman, LLP","article_publisher":"https:\/\/www.facebook.com\/FreemanFreemanLaw","article_modified_time":"2023-12-29T07:01:38+00:00","og_image":[{"url":"https:\/\/freeman-freeman.com\/wp-content\/uploads\/2023\/11\/awrds_sec_img7.webp","type":"","width":"","height":""}],"twitter_card":"summary_large_image","twitter_site":"@FreemanFreeman1","twitter_misc":{"Tiempo de lectura":"6 minutos"},"schema":{"@context":"https:\/\/schema.org","@graph":[{"@type":"WebPage","@id":"https:\/\/freeman-freeman.com\/honors-and-awards\/","url":"https:\/\/freeman-freeman.com\/honors-and-awards\/","name":"Honores y premios | Freeman &amp; Freeman, LLP | Woodland Hills, CA","isPartOf":{"@id":"https:\/\/freeman-freeman.com\/#website"},"primaryImageOfPage":{"@id":"https:\/\/freeman-freeman.com\/honors-and-awards\/#primaryimage"},"image":{"@id":"https:\/\/freeman-freeman.com\/honors-and-awards\/#primaryimage"},"thumbnailUrl":"https:\/\/freeman-freeman.com\/wp-content\/uploads\/2023\/11\/awrds_sec_img7.webp","datePublished":"2023-11-29T05:21:35+00:00","dateModified":"2023-12-29T07:01:38+00:00","description":"Obtenga m\u00e1s informaci\u00f3n sobre los honores y premios que han recibido los abogados de nuestro bufete.","inLanguage":"es","potentialAction":[{"@type":"ReadAction","target":["https:\/\/freeman-freeman.com\/honors-and-awards\/"]}]},{"@type":"ImageObject","inLanguage":"es","@id":"https:\/\/freeman-freeman.com\/honors-and-awards\/#primaryimage","url":"https:\/\/freeman-freeman.com\/wp-content\/uploads\/2023\/11\/awrds_sec_img7.webp","contentUrl":"https:\/\/freeman-freeman.com\/wp-content\/uploads\/2023\/11\/awrds_sec_img7.webp"},{"@type":"WebSite","@id":"https:\/\/freeman-freeman.com\/#website","url":"https:\/\/freeman-freeman.com\/","name":"Freeman &amp; Freeman, LLP","description":"","publisher":{"@id":"https:\/\/freeman-freeman.com\/#organization"},"potentialAction":[{"@type":"SearchAction","target":{"@type":"EntryPoint","urlTemplate":"https:\/\/freeman-freeman.com\/?s={search_term_string}"},"query-input":{"@type":"PropertyValueSpecification","valueRequired":true,"valueName":"search_term_string"}}],"inLanguage":"es"},{"@type":"Organization","@id":"https:\/\/freeman-freeman.com\/#organization","name":"Freeman &amp; Freeman, LLP","url":"https:\/\/freeman-freeman.com\/","logo":{"@type":"ImageObject","inLanguage":"es","@id":"https:\/\/freeman-freeman.com\/#\/schema\/logo\/image\/","url":"https:\/\/freeman-freeman.com\/wp-content\/uploads\/2024\/01\/logo.jpg","contentUrl":"https:\/\/freeman-freeman.com\/wp-content\/uploads\/2024\/01\/logo.jpg","width":674,"height":104,"caption":"Freeman & Freeman, LLP"},"image":{"@id":"https:\/\/freeman-freeman.com\/#\/schema\/logo\/image\/"},"sameAs":["https:\/\/www.facebook.com\/FreemanFreemanLaw","https:\/\/x.com\/FreemanFreeman1","https:\/\/www.linkedin.com\/company\/freeman-freeman-llp"]}]}},"_links":{"self":[{"href":"https:\/\/freeman-freeman.com\/es\/wp-json\/wp\/v2\/pages\/1371","targetHints":{"allow":["GET"]}}],"collection":[{"href":"https:\/\/freeman-freeman.com\/es\/wp-json\/wp\/v2\/pages"}],"about":[{"href":"https:\/\/freeman-freeman.com\/es\/wp-json\/wp\/v2\/types\/page"}],"author":[{"embeddable":true,"href":"https:\/\/freeman-freeman.com\/es\/wp-json\/wp\/v2\/users\/1"}],"replies":[{"embeddable":true,"href":"https:\/\/freeman-freeman.com\/es\/wp-json\/wp\/v2\/comments?post=1371"}],"version-history":[{"count":8,"href":"https:\/\/freeman-freeman.com\/es\/wp-json\/wp\/v2\/pages\/1371\/revisions"}],"predecessor-version":[{"id":1866,"href":"https:\/\/freeman-freeman.com\/es\/wp-json\/wp\/v2\/pages\/1371\/revisions\/1866"}],"wp:attachment":[{"href":"https:\/\/freeman-freeman.com\/es\/wp-json\/wp\/v2\/media?parent=1371"}],"curies":[{"name":"wp","href":"https:\/\/api.w.org\/{rel}","templated":true}]}}