{"id":1489,"date":"2023-11-29T06:51:03","date_gmt":"2023-11-29T06:51:03","guid":{"rendered":"https:\/\/freeman-freeman.com\/?page_id=1489"},"modified":"2024-04-18T15:40:12","modified_gmt":"2024-04-18T15:40:12","slug":"woodland-hills-abogado-de-lesiones-personales","status":"publish","type":"page","link":"https:\/\/freeman-freeman.com\/es\/woodland-hills-personal-injury-lawyer\/","title":{"rendered":"Woodland Hills Abogado de Lesiones Personales"},"content":{"rendered":"<h2><span data-sheets-root=\"1\" data-sheets-value=\"{&quot;1&quot;:2,&quot;2&quot;:&quot;Woodland Hills Personal Injury Lawyer&quot;}\" data-sheets-userformat=\"{&quot;2&quot;:15105,&quot;3&quot;:{&quot;1&quot;:0},&quot;11&quot;:0,&quot;12&quot;:0,&quot;14&quot;:{&quot;1&quot;:2,&quot;2&quot;:0},&quot;15&quot;:&quot;Calibri&quot;,&quot;16&quot;:11}\">Woodland Hills Abogado de Lesiones Personales<\/span><\/h2>\n<div class=\"abt-img\"><img loading=\"lazy\" decoding=\"async\" class=\"alignnone\" title=\"Woodland Hills Abogado de Lesiones Personales\" src=\"https:\/\/freeman-freeman.com\/wp-content\/uploads\/2023\/12\/sng-pract-img-4.webp\" alt=\"Woodland Hills Abogado de Lesiones Personales\" width=\"970\" height=\"500\" \/><\/div>\n<p>Los \u00c1ngeles es la capital de uno de los estados m\u00e1s grandes y poblados del pa\u00eds. A menudo se la conoce como la Ciudad de los \u00c1ngeles, La-La Land, Angeltown o, simplemente, L.A. Cuando los residentes se refieren a L.A., tambi\u00e9n pueden estar hablando del \u00e1rea metropolitana de Los \u00c1ngeles, que incluye la ciudad de Los \u00c1ngeles, as\u00ed como Long Beach y las ciudades de los alrededores.<\/p>\n<p>Los \u00c1ngeles es la segunda ciudad m\u00e1s poblada de Estados Unidos y la cuadrag\u00e9simo octava del mundo. Alberga a casi 4 millones de habitantes, lo que la convierte en un lugar relativamente peligroso para vivir, en lo que a accidentes y lesiones se refiere.<\/p>\n<p>Los \u00c1ngeles alberga autopistas como la Long Beach Freeway, la Hollywood Freeway y otras. Debido a que es un centro de negocios y econ\u00f3mico, el \u00edndice de poblaci\u00f3n y la cantidad de tr\u00e1fico son muy elevados.<\/p>\n<p>Como resultado, los conductores y los residentes que viven aqu\u00ed est\u00e1n a menudo en riesgo de sufrir lesiones o estar involucrados en accidentes. Si alguna vez est\u00e1 involucrado en cualquier tipo de accidente y sufri\u00f3 una lesi\u00f3n como resultado, p\u00f3ngase en contacto con nuestros abogados de lesiones personales para una consulta gratuita.<\/p>\n<h2>Ll\u00e1menos hoy mismo para una consulta gratuita<\/h2>\n<p>Si usted fue herido, nuestros abogados de lesiones personales pueden ayudarle. Hemos defendido los derechos de miles de v\u00edctimas en el pasado, y podemos hacer lo mismo por usted. Llamar es gratis y no requiere ning\u00fan compromiso. No cobramos hasta que <a href=\"https:\/\/freeman-freeman.com\/es\/blog\/cantidades-de-acuerdos-por-lesiones-personales-ejemplos-en-california\/\">gane su caso<\/a>lo que significa que no tiene nada que perder. Obtenga su consulta gratuita con un abogado de lesiones personales hoy y usted podr\u00eda ser capaz de ganar una indemnizaci\u00f3n por:<\/p>\n<ul>\n<li>Dolor y sufrimiento<\/li>\n<li>P\u00e9rdida de salario<\/li>\n<li>Da\u00f1os y perjuicios<\/li>\n<li>Facturas hospitalarias<\/li>\n<li>Prestaciones m\u00e9dicas<\/li>\n<li>Otros gastos<\/li>\n<\/ul>\n<h2>Nuestras \u00e1reas de pr\u00e1ctica<\/h2>\n<p>Nuestros abogados de lesiones personales practican en una variedad de \u00e1reas. Tenemos a\u00f1os de experiencia y podemos ayudar a defender sus derechos, no importa c\u00f3mo se lastim\u00f3. Nuestras especialidades incluyen:<\/p>\n<ul>\n<li><a role=\"link\" href=\"https:\/\/freeman-freeman.com\/es\/woodland-hills-abogado-de-accidente-de-coche\/\" data-wpel-link=\"internal\">Accidentes de tr\u00e1fico<\/a><\/li>\n<li>Accidentes por conducir ebrio<\/li>\n<li>Accidentes de peatones<\/li>\n<li>Accidentes de moto<\/li>\n<li>Accidentes de bicicleta<\/li>\n<li>Accidentes de camiones<\/li>\n<li>Muerte por negligencia<\/li>\n<li>Negligencia m\u00e9dica<\/li>\n<li>Malos tratos en residencias de ancianos<\/li>\n<li>Maltrato infantil<\/li>\n<li>Mordeduras de perro y agresiones de animales<\/li>\n<li>Resbalones y ca\u00eddas<\/li>\n<li>Accidentes en la construcci\u00f3n<\/li>\n<li>Indemnizaci\u00f3n de los trabajadores<\/li>\n<li>Lesi\u00f3n relacionada con el trabajo<\/li>\n<\/ul>\n<p>Ll\u00e1menos hoy para su consulta gratuita para aprender m\u00e1s acerca de sus opciones legales. Nuestros abogados de lesiones personales est\u00e1n aqu\u00ed para ayudar, as\u00ed que descubra c\u00f3mo poni\u00e9ndose en contacto con nosotros hoy.<\/p>","protected":false},"excerpt":{"rendered":"<p>Woodland Hills Personal Injury Attorney Los Angeles is the capital of one of the largest and most populated states in the country. It is often referred to as the City of Angels, La-La Land, Angeltown, or simply, L.A. When residents refer to L.A., they might also be talking about the Greater Los Angeles metropolitan area, &hellip; <\/p>\n<p class=\"link-more\"><a href=\"https:\/\/freeman-freeman.com\/es\/woodland-hills-personal-injury-lawyer\/\" class=\"more-link\">Seguir leyendo<span class=\"screen-reader-text\"> &#8220;Woodland Hills Personal Injury Lawyer&#8221;<\/span><\/a><\/p>","protected":false},"author":1,"featured_media":0,"parent":0,"menu_order":0,"comment_status":"closed","ping_status":"closed","template":"","meta":{"_acf_changed":false,"footnotes":""},"class_list":["post-1489","page","type-page","status-publish","hentry","entry"],"acf":[],"yoast_head":"<!-- This site is optimized with the Yoast SEO plugin v27.3 - https:\/\/yoast.com\/product\/yoast-seo-wordpress\/ -->\n<title>Woodland Hills Personal Injury Lawyer - Free Consultation<\/title>\n<meta name=\"description\" content=\"Seeking a personal injury lawyer in Woodland Hills? Look no further than Freeman &amp; Freeman, LLP. Our experienced team is here to fight for your rights!\" \/>\n<meta name=\"robots\" content=\"index, follow, max-snippet:-1, max-image-preview:large, max-video-preview:-1\" \/>\n<link rel=\"canonical\" href=\"https:\/\/freeman-freeman.com\/es\/woodland-hills-abogado-de-lesiones-personales\/\" \/>\n<meta property=\"og:locale\" content=\"es_MX\" \/>\n<meta property=\"og:type\" content=\"article\" \/>\n<meta property=\"og:title\" content=\"Woodland Hills Personal Injury Lawyer - Free Consultation\" \/>\n<meta property=\"og:description\" content=\"Seeking a personal injury lawyer in Woodland Hills? Look no further than Freeman &amp; Freeman, LLP. Our experienced team is here to fight for your rights!\" \/>\n<meta property=\"og:url\" content=\"https:\/\/freeman-freeman.com\/es\/woodland-hills-abogado-de-lesiones-personales\/\" \/>\n<meta property=\"og:site_name\" content=\"Freeman &amp; Freeman, LLP\" \/>\n<meta property=\"article:publisher\" content=\"https:\/\/www.facebook.com\/FreemanFreemanLaw\" \/>\n<meta property=\"article:modified_time\" content=\"2024-04-18T15:40:12+00:00\" \/>\n<meta property=\"og:image\" content=\"https:\/\/freeman-freeman.com\/wp-content\/uploads\/2023\/12\/sng-pract-img-4.webp\" \/>\n<meta name=\"twitter:card\" content=\"summary_large_image\" \/>\n<meta name=\"twitter:site\" content=\"@FreemanFreeman1\" \/>\n<meta name=\"twitter:label1\" content=\"Tiempo de lectura\" \/>\n\t<meta name=\"twitter:data1\" content=\"2 minutos\" \/>\n<script type=\"application\/ld+json\" class=\"yoast-schema-graph\">{\"@context\":\"https:\\\/\\\/schema.org\",\"@graph\":[{\"@type\":\"WebPage\",\"@id\":\"https:\\\/\\\/freeman-freeman.com\\\/woodland-hills-personal-injury-lawyer\\\/\",\"url\":\"https:\\\/\\\/freeman-freeman.com\\\/woodland-hills-personal-injury-lawyer\\\/\",\"name\":\"Woodland Hills Personal Injury Lawyer - Free Consultation\",\"isPartOf\":{\"@id\":\"https:\\\/\\\/freeman-freeman.com\\\/#website\"},\"primaryImageOfPage\":{\"@id\":\"https:\\\/\\\/freeman-freeman.com\\\/woodland-hills-personal-injury-lawyer\\\/#primaryimage\"},\"image\":{\"@id\":\"https:\\\/\\\/freeman-freeman.com\\\/woodland-hills-personal-injury-lawyer\\\/#primaryimage\"},\"thumbnailUrl\":\"https:\\\/\\\/freeman-freeman.com\\\/wp-content\\\/uploads\\\/2023\\\/12\\\/sng-pract-img-4.webp\",\"datePublished\":\"2023-11-29T06:51:03+00:00\",\"dateModified\":\"2024-04-18T15:40:12+00:00\",\"description\":\"Seeking a personal injury lawyer in Woodland Hills? Look no further than Freeman & Freeman, LLP. Our experienced team is here to fight for your rights!\",\"inLanguage\":\"es\",\"potentialAction\":[{\"@type\":\"ReadAction\",\"target\":[\"https:\\\/\\\/freeman-freeman.com\\\/woodland-hills-personal-injury-lawyer\\\/\"]}]},{\"@type\":\"ImageObject\",\"inLanguage\":\"es\",\"@id\":\"https:\\\/\\\/freeman-freeman.com\\\/woodland-hills-personal-injury-lawyer\\\/#primaryimage\",\"url\":\"https:\\\/\\\/freeman-freeman.com\\\/wp-content\\\/uploads\\\/2023\\\/12\\\/sng-pract-img-4.webp\",\"contentUrl\":\"https:\\\/\\\/freeman-freeman.com\\\/wp-content\\\/uploads\\\/2023\\\/12\\\/sng-pract-img-4.webp\"},{\"@type\":\"WebSite\",\"@id\":\"https:\\\/\\\/freeman-freeman.com\\\/#website\",\"url\":\"https:\\\/\\\/freeman-freeman.com\\\/\",\"name\":\"Freeman &amp; Freeman, LLP\",\"description\":\"\",\"publisher\":{\"@id\":\"https:\\\/\\\/freeman-freeman.com\\\/#organization\"},\"potentialAction\":[{\"@type\":\"SearchAction\",\"target\":{\"@type\":\"EntryPoint\",\"urlTemplate\":\"https:\\\/\\\/freeman-freeman.com\\\/?s={search_term_string}\"},\"query-input\":{\"@type\":\"PropertyValueSpecification\",\"valueRequired\":true,\"valueName\":\"search_term_string\"}}],\"inLanguage\":\"es\"},{\"@type\":\"Organization\",\"@id\":\"https:\\\/\\\/freeman-freeman.com\\\/#organization\",\"name\":\"Freeman & Freeman, LLP\",\"url\":\"https:\\\/\\\/freeman-freeman.com\\\/\",\"logo\":{\"@type\":\"ImageObject\",\"inLanguage\":\"es\",\"@id\":\"https:\\\/\\\/freeman-freeman.com\\\/#\\\/schema\\\/logo\\\/image\\\/\",\"url\":\"https:\\\/\\\/freeman-freeman.com\\\/wp-content\\\/uploads\\\/2024\\\/01\\\/logo.jpg\",\"contentUrl\":\"https:\\\/\\\/freeman-freeman.com\\\/wp-content\\\/uploads\\\/2024\\\/01\\\/logo.jpg\",\"width\":674,\"height\":104,\"caption\":\"Freeman & Freeman, LLP\"},\"image\":{\"@id\":\"https:\\\/\\\/freeman-freeman.com\\\/#\\\/schema\\\/logo\\\/image\\\/\"},\"sameAs\":[\"https:\\\/\\\/www.facebook.com\\\/FreemanFreemanLaw\",\"https:\\\/\\\/x.com\\\/FreemanFreeman1\",\"https:\\\/\\\/www.linkedin.com\\\/company\\\/freeman-freeman-llp\"]}]}<\/script>\n<!-- \/ Yoast SEO plugin. -->","yoast_head_json":{"title":"Woodland Hills Abogado de Lesiones Personales - Consulta Gratuita","description":"\u00bfBusca un abogado de lesiones personales en Woodland Hills? No busque m\u00e1s all\u00e1 de Freeman y Freeman, LLP. \u00a1Nuestro equipo experimentado est\u00e1 aqu\u00ed para luchar por sus derechos!","robots":{"index":"index","follow":"follow","max-snippet":"max-snippet:-1","max-image-preview":"max-image-preview:large","max-video-preview":"max-video-preview:-1"},"canonical":"https:\/\/freeman-freeman.com\/es\/woodland-hills-abogado-de-lesiones-personales\/","og_locale":"es_MX","og_type":"article","og_title":"Woodland Hills Personal Injury Lawyer - Free Consultation","og_description":"Seeking a personal injury lawyer in Woodland Hills? Look no further than Freeman & Freeman, LLP. Our experienced team is here to fight for your rights!","og_url":"https:\/\/freeman-freeman.com\/es\/woodland-hills-abogado-de-lesiones-personales\/","og_site_name":"Freeman &amp; Freeman, LLP","article_publisher":"https:\/\/www.facebook.com\/FreemanFreemanLaw","article_modified_time":"2024-04-18T15:40:12+00:00","og_image":[{"url":"https:\/\/freeman-freeman.com\/wp-content\/uploads\/2023\/12\/sng-pract-img-4.webp","type":"","width":"","height":""}],"twitter_card":"summary_large_image","twitter_site":"@FreemanFreeman1","twitter_misc":{"Tiempo de lectura":"2 minutos"},"schema":{"@context":"https:\/\/schema.org","@graph":[{"@type":"WebPage","@id":"https:\/\/freeman-freeman.com\/woodland-hills-personal-injury-lawyer\/","url":"https:\/\/freeman-freeman.com\/woodland-hills-personal-injury-lawyer\/","name":"Woodland Hills Abogado de Lesiones Personales - Consulta Gratuita","isPartOf":{"@id":"https:\/\/freeman-freeman.com\/#website"},"primaryImageOfPage":{"@id":"https:\/\/freeman-freeman.com\/woodland-hills-personal-injury-lawyer\/#primaryimage"},"image":{"@id":"https:\/\/freeman-freeman.com\/woodland-hills-personal-injury-lawyer\/#primaryimage"},"thumbnailUrl":"https:\/\/freeman-freeman.com\/wp-content\/uploads\/2023\/12\/sng-pract-img-4.webp","datePublished":"2023-11-29T06:51:03+00:00","dateModified":"2024-04-18T15:40:12+00:00","description":"\u00bfBusca un abogado de lesiones personales en Woodland Hills? No busque m\u00e1s all\u00e1 de Freeman y Freeman, LLP. \u00a1Nuestro equipo experimentado est\u00e1 aqu\u00ed para luchar por sus derechos!","inLanguage":"es","potentialAction":[{"@type":"ReadAction","target":["https:\/\/freeman-freeman.com\/woodland-hills-personal-injury-lawyer\/"]}]},{"@type":"ImageObject","inLanguage":"es","@id":"https:\/\/freeman-freeman.com\/woodland-hills-personal-injury-lawyer\/#primaryimage","url":"https:\/\/freeman-freeman.com\/wp-content\/uploads\/2023\/12\/sng-pract-img-4.webp","contentUrl":"https:\/\/freeman-freeman.com\/wp-content\/uploads\/2023\/12\/sng-pract-img-4.webp"},{"@type":"WebSite","@id":"https:\/\/freeman-freeman.com\/#website","url":"https:\/\/freeman-freeman.com\/","name":"Freeman &amp; Freeman, LLP","description":"","publisher":{"@id":"https:\/\/freeman-freeman.com\/#organization"},"potentialAction":[{"@type":"SearchAction","target":{"@type":"EntryPoint","urlTemplate":"https:\/\/freeman-freeman.com\/?s={search_term_string}"},"query-input":{"@type":"PropertyValueSpecification","valueRequired":true,"valueName":"search_term_string"}}],"inLanguage":"es"},{"@type":"Organization","@id":"https:\/\/freeman-freeman.com\/#organization","name":"Freeman &amp; Freeman, LLP","url":"https:\/\/freeman-freeman.com\/","logo":{"@type":"ImageObject","inLanguage":"es","@id":"https:\/\/freeman-freeman.com\/#\/schema\/logo\/image\/","url":"https:\/\/freeman-freeman.com\/wp-content\/uploads\/2024\/01\/logo.jpg","contentUrl":"https:\/\/freeman-freeman.com\/wp-content\/uploads\/2024\/01\/logo.jpg","width":674,"height":104,"caption":"Freeman & Freeman, LLP"},"image":{"@id":"https:\/\/freeman-freeman.com\/#\/schema\/logo\/image\/"},"sameAs":["https:\/\/www.facebook.com\/FreemanFreemanLaw","https:\/\/x.com\/FreemanFreeman1","https:\/\/www.linkedin.com\/company\/freeman-freeman-llp"]}]}},"_links":{"self":[{"href":"https:\/\/freeman-freeman.com\/es\/wp-json\/wp\/v2\/pages\/1489","targetHints":{"allow":["GET"]}}],"collection":[{"href":"https:\/\/freeman-freeman.com\/es\/wp-json\/wp\/v2\/pages"}],"about":[{"href":"https:\/\/freeman-freeman.com\/es\/wp-json\/wp\/v2\/types\/page"}],"author":[{"embeddable":true,"href":"https:\/\/freeman-freeman.com\/es\/wp-json\/wp\/v2\/users\/1"}],"replies":[{"embeddable":true,"href":"https:\/\/freeman-freeman.com\/es\/wp-json\/wp\/v2\/comments?post=1489"}],"version-history":[{"count":7,"href":"https:\/\/freeman-freeman.com\/es\/wp-json\/wp\/v2\/pages\/1489\/revisions"}],"predecessor-version":[{"id":2835,"href":"https:\/\/freeman-freeman.com\/es\/wp-json\/wp\/v2\/pages\/1489\/revisions\/2835"}],"wp:attachment":[{"href":"https:\/\/freeman-freeman.com\/es\/wp-json\/wp\/v2\/media?parent=1489"}],"curies":[{"name":"wp","href":"https:\/\/api.w.org\/{rel}","templated":true}]}}