{"id":1550,"date":"2023-11-29T09:09:42","date_gmt":"2023-11-29T09:09:42","guid":{"rendered":"https:\/\/freeman-freeman.com\/?page_id=1550"},"modified":"2024-02-09T07:05:16","modified_gmt":"2024-02-09T07:05:16","slug":"woodland-hills-resbalon-y-caida-abogado","status":"publish","type":"page","link":"https:\/\/freeman-freeman.com\/es\/woodland-hills-slip-and-fall-lawyer\/","title":{"rendered":"Woodland Hills Resbal\u00f3n y Ca\u00edda Abogado"},"content":{"rendered":"<h2><span data-sheets-root=\"1\" data-sheets-value=\"{&quot;1&quot;:2,&quot;2&quot;:&quot;Woodland Hills Slip and Fall Lawyer&quot;}\" data-sheets-userformat=\"{&quot;2&quot;:15105,&quot;3&quot;:{&quot;1&quot;:0},&quot;11&quot;:0,&quot;12&quot;:0,&quot;14&quot;:{&quot;1&quot;:2,&quot;2&quot;:0},&quot;15&quot;:&quot;Calibri&quot;,&quot;16&quot;:11}\">Woodland Hills Resbal\u00f3n y Ca\u00edda Abogado de Accidente<\/span><\/h2>\n<div class=\"abt-img\"><img loading=\"lazy\" decoding=\"async\" class=\"alignnone\" title=\"Woodland Hills Resbal\u00f3n y Ca\u00edda Abogado\" src=\"https:\/\/freeman-freeman.com\/wp-content\/uploads\/2023\/12\/sng-pract-img-2.webp\" alt=\"Woodland Hills Resbal\u00f3n y Ca\u00edda Abogado\" width=\"970\" height=\"500\" \/><\/div>\n<p>Por m\u00e1s de 30 a\u00f1os en Freeman &amp; Freeman, LLP, hemos representado a individuos que han sido v\u00edctimas de accidentes de resbal\u00f3n y ca\u00edda a trav\u00e9s de Los \u00c1ngeles. Un abogado de accidentes de resbal\u00f3n y ca\u00edda en Woodland Hills puede ayudar a aquellos que han sufrido de estos accidentes a obtener la compensaci\u00f3n que necesitan.<\/p>\n<p>En la mayor\u00eda de los casos, estas lesiones son consecuencia de la negligencia de los propietarios de terrenos, ya sean privados o comerciales, y de las condiciones peligrosas que pueden existir en una propiedad p\u00fablica o privada. Los terratenientes y los administradores de propiedades son responsables de hacer que las condiciones sean seguras. Si no lo han hecho, podemos ayudarle a obtener una indemnizaci\u00f3n.<\/p>\n<p>Lo hemos hecho para innumerables clientes a lo largo de los a\u00f1os y les hemos ayudado a recuperar cientos de millones de d\u00f3lares en indemnizaciones por sus graves lesiones. Las lesiones por resbalones y ca\u00eddas a menudo incluyen:<\/p>\n<ul>\n<li>Latigazo cervical, lesiones de cuello y espalda<\/li>\n<li>Fracturas y fracturas \u00f3seas<\/li>\n<li>Lesiones cerebrales<\/li>\n<li>Lesiones de rodilla<\/li>\n<li>Lesiones de cadera<\/li>\n<\/ul>\n<p>Estos incidentes pueden ocurrir dentro o fuera de un edificio y estar causados por condiciones como suelos en mal estado, suelos mojados, escalones mal iluminados y escaleras resbaladizas.<\/p>\n<p>En el caso de los accidentes en el exterior, los peligros ocultos o relacionados con el tiempo tambi\u00e9n pueden ser un factor. Por ejemplo, una placa de hielo delante de una puerta o una grieta en la acera pueden ser la causa de una lesi\u00f3n en una tienda o un aparcamiento.<\/p>\n<p>Mucha gente cree que s\u00f3lo las personas mayores o enfermas sufren lesiones por resbalones y ca\u00eddas, pero cualquiera puede ser v\u00edctima de un incidente de este tipo. Hemos representado a personas de todos los \u00e1mbitos de la vida y de casi todas las edades. Podemos representarle.<\/p>\n<h2>Los propietarios y la administraci\u00f3n deben garantizar su seguridad<\/h2>\n<p>Los propietarios tienen el deber de velar por que su inmueble sea seguro para todos los clientes, inquilinos, visitantes o transe\u00fantes. Esto incluye asegurarse de que el edificio no tenga defectos estructurales que puedan causar un resbal\u00f3n y ca\u00edda, lesi\u00f3n por tropiezo u otro accidente, tanto dentro como fuera. Un demandante o reclamante tambi\u00e9n tiene el deber de actuar con diligencia razonable, por lo que si alguna acci\u00f3n suya contribuy\u00f3 al accidente, puede compartir la negligencia.<\/p>\n<p>Sin embargo, incluso si usted tuvo parte de la culpa, nuestros abogados pueden ser capaces de conseguirle la justicia y la indemnizaci\u00f3n que se merece, pero es crucial en este tipo de casos que nos llame lo antes posible.<\/p>\n<ul>\n<li>Tomaremos fotograf\u00edas y medidas del lugar del accidente inmediatamente.<\/li>\n<li>Contrataremos a un ingeniero de seguridad para que examine el lugar y determine si existe alguna infracci\u00f3n del c\u00f3digo.<\/li>\n<li>Nos apoyaremos en investigadores del lugar del accidente para identificar pruebas que puedan resultar vitales.<\/li>\n<li>Utilizaremos toda nuestra experiencia y recursos jur\u00eddicos para presentar su caso de la forma m\u00e1s favorable.<\/li>\n<\/ul>\n<p>A menudo, un propietario cambia la condici\u00f3n que caus\u00f3 la ca\u00edda y alega que no exist\u00eda. Esto hace que una investigaci\u00f3n r\u00e1pida sea extremadamente importante. Su abogado tambi\u00e9n tendr\u00e1 que averiguar si otras personas han tenido ca\u00eddas en este lugar, lo que demostrar\u00eda que el propietario ten\u00eda conocimiento de la condici\u00f3n.<\/p>\n<h2>\u00bfC\u00f3mo se demuestra la culpa en un caso de resbal\u00f3n y ca\u00edda?<\/h2>\n<p>La informaci\u00f3n recopilada en nuestra investigaci\u00f3n puede utilizarse para demostrar que la parte culpable de sus lesiones es responsable. El proceso para probar esta responsabilidad es en gran medida el mismo que podr\u00edamos encontrar en cualquier <a href=\"https:\/\/freeman-freeman.com\/es\/woodland-hills-abogado-de-lesiones-personales\/\">da\u00f1os personales<\/a> reclamar.<\/p>\n<p>Debe haber alguna acci\u00f3n por parte del demandado que haya sido un error o equivocaci\u00f3n. En este caso, fue no proporcionar condiciones seguras a un visitante de la propiedad. Se puede demostrar que eso fue la causa directa de las lesiones sufridas. Para ganar un premio o un acuerdo, su abogado debe demostrar que la falta de mantenimiento de la propiedad fue la causa de su resbal\u00f3n y ca\u00edda y luego que la ca\u00edda fue la causa de sus lesiones.<\/p>\n<h3>Deber de asistencia<\/h3>\n<p>Para demostrar la responsabilidad, hay que probar la negligencia. El primer paso en ese proceso es demostrar el deber de diligencia. Esto significa demostrar que el demandado ten\u00eda la responsabilidad de tomar precauciones razonables para proteger a los dem\u00e1s de posibles lesiones.<\/p>\n<p>En un caso de resbal\u00f3n y ca\u00edda, esto significa tomar medidas para garantizar que los visitantes puedan moverse por la propiedad con seguridad. Para ello puede ser necesario demostrar que usted era un visitante legal y que fue invitado o ten\u00eda un motivo leg\u00edtimo para estar en la propiedad.<\/p>\n<h3>Incumplimiento del deber<\/h3>\n<p>Una vez demostrada la obligaci\u00f3n, hay que demostrar que se ha incumplido. En este caso, significa demostrar que algo en la propiedad no se mantuvo correctamente, creando condiciones peligrosas para los visitantes. Puede tratarse de un fallo en:<\/p>\n<ul>\n<li>Abordar correctamente una placa helada.<\/li>\n<li>Arreglar una ra\u00edz de un \u00e1rbol que creaba riesgo de ca\u00edda.<\/li>\n<li>Advertir correctamente a los visitantes de una mancha de humedad en una tienda.<\/li>\n<li>Adoptar cualquier medida que pudiera haber eliminado o reducido el riesgo.<\/li>\n<\/ul>\n<p>Para demostrarlo, los resultados de una investigaci\u00f3n son de vital importancia.<\/p>\n<h3>El incumplimiento provoc\u00f3 el da\u00f1o<\/h3>\n<p>Por \u00faltimo, una conexi\u00f3n entre esa infracci\u00f3n, o el hecho de no haber hecho lo que deb\u00edan, y las lesiones que usted sufri\u00f3 puede establecer la responsabilidad. En primer lugar, esto significa demostrar que el incumplimiento fue lo que provoc\u00f3 su ca\u00edda.<\/p>\n<p>Puede que no siempre sea as\u00ed, por lo que se requiere una prueba de la conexi\u00f3n. Por ejemplo, si alguien tiene una zona helada en un aparcamiento, eso podr\u00eda ser una infracci\u00f3n, pero no es la causa de que tropieces con tu propio cord\u00f3n dentro del edificio.<\/p>\n<h2>La importancia de demostrar la relaci\u00f3n entre responsabilidad y lesiones<\/h2>\n<p>Una vez establecida la conexi\u00f3n entre la infracci\u00f3n y la ca\u00edda, debe demostrarse la conexi\u00f3n entre la ca\u00edda y las lesiones. Algunas personas han intentado hacer pasar afecciones preexistentes o lesiones sufridas mucho despu\u00e9s de la ca\u00edda como relacionadas con la ca\u00edda, por lo que debe demostrarse una conexi\u00f3n clara.<\/p>\n<p>En otros casos, la gente ha intentado exagerar la naturaleza de sus lesiones, por lo que tambi\u00e9n debe demostrarse una descripci\u00f3n clara de las mismas.<\/p>\n<p>Una vez establecida esta cadena causal completa, es posible cobrar una indemnizaci\u00f3n por las lesiones.<\/p>\n<h2>\u00bfQu\u00e9 indemnizaci\u00f3n podr\u00eda recibir en caso de resbal\u00f3n y ca\u00edda?<\/h2>\n<p>La indemnizaci\u00f3n por resbal\u00f3n y ca\u00edda s\u00f3lo cubrir\u00e1 los gastos que sean consecuencia directa de las lesiones que usted sufri\u00f3 a causa de la ca\u00edda. Su abogado debe demostrar que estos gastos son consecuencia directa de la lesi\u00f3n utilizando las notas del m\u00e9dico y las facturas m\u00e9dicas. La indemnizaci\u00f3n por estos gastos se paga en concepto de da\u00f1os y perjuicios. La indemnizaci\u00f3n por da\u00f1os y perjuicios en un caso de resbal\u00f3n y ca\u00edda suele ser de dos tipos:<\/p>\n<h3>Da\u00f1os econ\u00f3micos<\/h3>\n<p>Se trata de indemnizaciones que cubrir\u00e1n aquellos gastos que tengan un claro componente econ\u00f3mico. En un caso de resbal\u00f3n y ca\u00edda, esto significar\u00e1 principalmente facturas m\u00e9dicas, por lo que cualquier visita al m\u00e9dico, tratamiento, medicaci\u00f3n y otros gastos m\u00e9dicos est\u00e1n cubiertos.<\/p>\n<p>Si las lesiones fueron tan graves que fue necesario faltar al trabajo, se cubrir\u00e1n los salarios perdidos. Si la lesi\u00f3n deja secuelas, como las de un <a href=\"https:\/\/freeman-freeman.com\/es\/woodland-hills-abogado-de-lesiones-de-la-medula-espinal\/\">lesi\u00f3n cerebral<\/a>Los gastos futuros tambi\u00e9n estar\u00e1n cubiertos. Las facturas m\u00e9dicas futuras o la p\u00e9rdida de ingresos pueden cubrirse mediante da\u00f1os econ\u00f3micos.<\/p>\n<h3>Da\u00f1os no econ\u00f3micos<\/h3>\n<p>Las lesiones tambi\u00e9n conllevan costes intangibles. Suelen ser m\u00e1s psicol\u00f3gicos o emocionales, como el dolor y el sufrimiento o la angustia mental. Aunque el dinero no resuelve estas preocupaciones, puede reducir sus cargas en otros aspectos de la vida, liber\u00e1ndole para gestionarlas. Por lo tanto, se da un valor a estos intangibles, y se compensan mediante da\u00f1os no econ\u00f3micos.<\/p>\n<h2>C\u00f3mo afecta la negligencia comparativa a su indemnizaci\u00f3n<\/h2>\n<p>Al considerar los da\u00f1os que se le podr\u00eda conceder, es importante reconocer que California opera en un sistema de negligencia comparativa pura. Esto significa que si los abogados del demandado pueden demostrar cualquier nivel de culpa por parte del demandante, entonces tendr\u00e1n sus da\u00f1os reducidos proporcionalmente a su parte de culpa. Por ejemplo, si se demuestra que el demandante es 25% responsable, y se le concedieron inicialmente $40.000, entonces se le pagar\u00e1n $30.000.<\/p>\n<h2>Resuelva su reclamaci\u00f3n o acuda a los tribunales<\/h2>\n<p>La decisi\u00f3n de llegar a un acuerdo o acudir a los tribunales depender\u00e1 en gran medida de las particularidades del caso. Ambas partes pueden salir ganando.<\/p>\n<p>La ventaja de llevar una reclamaci\u00f3n a los tribunales es que maximiza los posibles ingresos que pueda obtener. Sin embargo, conlleva un mayor riesgo. Siempre existe la posibilidad de que el tribunal dictamine que usted recibe mucho menos de lo que podr\u00eda obtener en un acuerdo o que su indemnizaci\u00f3n se vea gravemente afectada por una negligencia comparativa.<\/p>\n<p>La ventaja de un acuerdo extrajudicial es que hay una cantidad asegurada que se le pagar\u00e1. No tienes que preocuparte por los riesgos inherentes a un proceso judicial, ya que obtendr\u00e1s la cantidad acordada.<\/p>\n<p>Otra posible ventaja es el calendario del acuerdo. Es probable que reciba los fondos acordados en cuesti\u00f3n de semanas o incluso d\u00edas. En cambio, un proceso judicial puede prolongarse durante meses o incluso a\u00f1os. Por lo tanto, un acuerdo puede hacer que los fondos lleguen a su cuenta mucho antes.<\/p>\n<h2>Deje que un abogado de resbalones y ca\u00eddas de Woodland Hills le ayude a buscar lo que se merece<\/h2>\n<p>Sabemos c\u00f3mo obtener esta informaci\u00f3n e identificar la verdad. Si usted o un miembro de su familia ha sufrido lesiones en la propiedad de otra persona, <a href=\"https:\/\/freeman-freeman.com\/es\/pongase-en-contacto-con\/\">p\u00f3ngase en contacto con<\/a> nuestros abogados de lesiones por resbal\u00f3n y ca\u00edda en Woodland Hills al 818-992-2919 para una consulta gratuita.<\/p>\n<p>Si usted no puede visitar nuestra oficina, podemos ir a usted dondequiera que usted este en el Sur de California. Est\u00e9 donde est\u00e9 y sean cuales sean sus retos legales, estamos de su lado.<\/p>","protected":false},"excerpt":{"rendered":"<p>Woodland Hills Slip &amp; Fall Accident Attorney For over 30 years at Freeman &amp; Freeman, LLP, we have represented individuals who have been victims of slip and fall accidents throughout Los Angeles. A Woodland Hills slip &amp; fall accident lawyer can help those who have suffered from these accidents get the compensation they need. Most &hellip; <\/p>\n<p class=\"link-more\"><a href=\"https:\/\/freeman-freeman.com\/es\/woodland-hills-slip-and-fall-lawyer\/\" class=\"more-link\">Seguir leyendo<span class=\"screen-reader-text\"> &#8220;Woodland Hills Slip &#038; Fall Lawyer&#8221;<\/span><\/a><\/p>","protected":false},"author":1,"featured_media":0,"parent":0,"menu_order":0,"comment_status":"closed","ping_status":"closed","template":"","meta":{"_acf_changed":false,"footnotes":""},"class_list":["post-1550","page","type-page","status-publish","hentry","entry"],"acf":[],"yoast_head":"<!-- This site is optimized with the Yoast SEO plugin v27.3 - https:\/\/yoast.com\/product\/yoast-seo-wordpress\/ -->\n<title>Woodland Hills Slip and Fall Lawyer - Free Consultation<\/title>\n<meta name=\"description\" content=\"Have you slipped and fallen in Woodland Hills? Get the support you need from Freeman &amp; Freeman, LLP, your trusted Woodland Hills slip and fall lawyer!\" \/>\n<meta name=\"robots\" content=\"index, follow, max-snippet:-1, max-image-preview:large, max-video-preview:-1\" \/>\n<link rel=\"canonical\" href=\"https:\/\/freeman-freeman.com\/es\/woodland-hills-resbalon-y-caida-abogado\/\" \/>\n<meta property=\"og:locale\" content=\"es_MX\" \/>\n<meta property=\"og:type\" content=\"article\" \/>\n<meta property=\"og:title\" content=\"Woodland Hills Slip and Fall Lawyer - Free Consultation\" \/>\n<meta property=\"og:description\" content=\"Have you slipped and fallen in Woodland Hills? Get the support you need from Freeman &amp; Freeman, LLP, your trusted Woodland Hills slip and fall lawyer!\" \/>\n<meta property=\"og:url\" content=\"https:\/\/freeman-freeman.com\/es\/woodland-hills-resbalon-y-caida-abogado\/\" \/>\n<meta property=\"og:site_name\" content=\"Freeman &amp; Freeman, LLP\" \/>\n<meta property=\"article:publisher\" content=\"https:\/\/www.facebook.com\/FreemanFreemanLaw\" \/>\n<meta property=\"article:modified_time\" content=\"2024-02-09T07:05:16+00:00\" \/>\n<meta property=\"og:image\" content=\"https:\/\/freeman-freeman.com\/wp-content\/uploads\/2023\/12\/sng-pract-img-2.webp\" \/>\n<meta name=\"twitter:card\" content=\"summary_large_image\" \/>\n<meta name=\"twitter:site\" content=\"@FreemanFreeman1\" \/>\n<meta name=\"twitter:label1\" content=\"Tiempo de lectura\" \/>\n\t<meta name=\"twitter:data1\" content=\"8 minutos\" \/>\n<script type=\"application\/ld+json\" class=\"yoast-schema-graph\">{\"@context\":\"https:\\\/\\\/schema.org\",\"@graph\":[{\"@type\":\"WebPage\",\"@id\":\"https:\\\/\\\/freeman-freeman.com\\\/woodland-hills-slip-and-fall-lawyer\\\/\",\"url\":\"https:\\\/\\\/freeman-freeman.com\\\/woodland-hills-slip-and-fall-lawyer\\\/\",\"name\":\"Woodland Hills Slip and Fall Lawyer - Free Consultation\",\"isPartOf\":{\"@id\":\"https:\\\/\\\/freeman-freeman.com\\\/#website\"},\"primaryImageOfPage\":{\"@id\":\"https:\\\/\\\/freeman-freeman.com\\\/woodland-hills-slip-and-fall-lawyer\\\/#primaryimage\"},\"image\":{\"@id\":\"https:\\\/\\\/freeman-freeman.com\\\/woodland-hills-slip-and-fall-lawyer\\\/#primaryimage\"},\"thumbnailUrl\":\"https:\\\/\\\/freeman-freeman.com\\\/wp-content\\\/uploads\\\/2023\\\/12\\\/sng-pract-img-2.webp\",\"datePublished\":\"2023-11-29T09:09:42+00:00\",\"dateModified\":\"2024-02-09T07:05:16+00:00\",\"description\":\"Have you slipped and fallen in Woodland Hills? Get the support you need from Freeman & Freeman, LLP, your trusted Woodland Hills slip and fall lawyer!\",\"inLanguage\":\"es\",\"potentialAction\":[{\"@type\":\"ReadAction\",\"target\":[\"https:\\\/\\\/freeman-freeman.com\\\/woodland-hills-slip-and-fall-lawyer\\\/\"]}]},{\"@type\":\"ImageObject\",\"inLanguage\":\"es\",\"@id\":\"https:\\\/\\\/freeman-freeman.com\\\/woodland-hills-slip-and-fall-lawyer\\\/#primaryimage\",\"url\":\"https:\\\/\\\/freeman-freeman.com\\\/wp-content\\\/uploads\\\/2023\\\/12\\\/sng-pract-img-2.webp\",\"contentUrl\":\"https:\\\/\\\/freeman-freeman.com\\\/wp-content\\\/uploads\\\/2023\\\/12\\\/sng-pract-img-2.webp\"},{\"@type\":\"WebSite\",\"@id\":\"https:\\\/\\\/freeman-freeman.com\\\/#website\",\"url\":\"https:\\\/\\\/freeman-freeman.com\\\/\",\"name\":\"Freeman &amp; Freeman, LLP\",\"description\":\"\",\"publisher\":{\"@id\":\"https:\\\/\\\/freeman-freeman.com\\\/#organization\"},\"potentialAction\":[{\"@type\":\"SearchAction\",\"target\":{\"@type\":\"EntryPoint\",\"urlTemplate\":\"https:\\\/\\\/freeman-freeman.com\\\/?s={search_term_string}\"},\"query-input\":{\"@type\":\"PropertyValueSpecification\",\"valueRequired\":true,\"valueName\":\"search_term_string\"}}],\"inLanguage\":\"es\"},{\"@type\":\"Organization\",\"@id\":\"https:\\\/\\\/freeman-freeman.com\\\/#organization\",\"name\":\"Freeman & Freeman, LLP\",\"url\":\"https:\\\/\\\/freeman-freeman.com\\\/\",\"logo\":{\"@type\":\"ImageObject\",\"inLanguage\":\"es\",\"@id\":\"https:\\\/\\\/freeman-freeman.com\\\/#\\\/schema\\\/logo\\\/image\\\/\",\"url\":\"https:\\\/\\\/freeman-freeman.com\\\/wp-content\\\/uploads\\\/2024\\\/01\\\/logo.jpg\",\"contentUrl\":\"https:\\\/\\\/freeman-freeman.com\\\/wp-content\\\/uploads\\\/2024\\\/01\\\/logo.jpg\",\"width\":674,\"height\":104,\"caption\":\"Freeman & Freeman, LLP\"},\"image\":{\"@id\":\"https:\\\/\\\/freeman-freeman.com\\\/#\\\/schema\\\/logo\\\/image\\\/\"},\"sameAs\":[\"https:\\\/\\\/www.facebook.com\\\/FreemanFreemanLaw\",\"https:\\\/\\\/x.com\\\/FreemanFreeman1\",\"https:\\\/\\\/www.linkedin.com\\\/company\\\/freeman-freeman-llp\"]}]}<\/script>\n<!-- \/ Yoast SEO plugin. -->","yoast_head_json":{"title":"Woodland Hills Resbal\u00f3n y Ca\u00edda Abogado - Consulta Gratuita","description":"\u00bfHa resbalado y ca\u00eddo en Woodland Hills? Obtenga el apoyo que necesita de Freeman &amp; Freeman, LLP, su abogado de confianza en resbalones y ca\u00eddas en Woodland Hills.","robots":{"index":"index","follow":"follow","max-snippet":"max-snippet:-1","max-image-preview":"max-image-preview:large","max-video-preview":"max-video-preview:-1"},"canonical":"https:\/\/freeman-freeman.com\/es\/woodland-hills-resbalon-y-caida-abogado\/","og_locale":"es_MX","og_type":"article","og_title":"Woodland Hills Slip and Fall Lawyer - Free Consultation","og_description":"Have you slipped and fallen in Woodland Hills? Get the support you need from Freeman & Freeman, LLP, your trusted Woodland Hills slip and fall lawyer!","og_url":"https:\/\/freeman-freeman.com\/es\/woodland-hills-resbalon-y-caida-abogado\/","og_site_name":"Freeman &amp; Freeman, LLP","article_publisher":"https:\/\/www.facebook.com\/FreemanFreemanLaw","article_modified_time":"2024-02-09T07:05:16+00:00","og_image":[{"url":"https:\/\/freeman-freeman.com\/wp-content\/uploads\/2023\/12\/sng-pract-img-2.webp","type":"","width":"","height":""}],"twitter_card":"summary_large_image","twitter_site":"@FreemanFreeman1","twitter_misc":{"Tiempo de lectura":"8 minutos"},"schema":{"@context":"https:\/\/schema.org","@graph":[{"@type":"WebPage","@id":"https:\/\/freeman-freeman.com\/woodland-hills-slip-and-fall-lawyer\/","url":"https:\/\/freeman-freeman.com\/woodland-hills-slip-and-fall-lawyer\/","name":"Woodland Hills Resbal\u00f3n y Ca\u00edda Abogado - Consulta Gratuita","isPartOf":{"@id":"https:\/\/freeman-freeman.com\/#website"},"primaryImageOfPage":{"@id":"https:\/\/freeman-freeman.com\/woodland-hills-slip-and-fall-lawyer\/#primaryimage"},"image":{"@id":"https:\/\/freeman-freeman.com\/woodland-hills-slip-and-fall-lawyer\/#primaryimage"},"thumbnailUrl":"https:\/\/freeman-freeman.com\/wp-content\/uploads\/2023\/12\/sng-pract-img-2.webp","datePublished":"2023-11-29T09:09:42+00:00","dateModified":"2024-02-09T07:05:16+00:00","description":"\u00bfHa resbalado y ca\u00eddo en Woodland Hills? Obtenga el apoyo que necesita de Freeman &amp; Freeman, LLP, su abogado de confianza en resbalones y ca\u00eddas en Woodland Hills.","inLanguage":"es","potentialAction":[{"@type":"ReadAction","target":["https:\/\/freeman-freeman.com\/woodland-hills-slip-and-fall-lawyer\/"]}]},{"@type":"ImageObject","inLanguage":"es","@id":"https:\/\/freeman-freeman.com\/woodland-hills-slip-and-fall-lawyer\/#primaryimage","url":"https:\/\/freeman-freeman.com\/wp-content\/uploads\/2023\/12\/sng-pract-img-2.webp","contentUrl":"https:\/\/freeman-freeman.com\/wp-content\/uploads\/2023\/12\/sng-pract-img-2.webp"},{"@type":"WebSite","@id":"https:\/\/freeman-freeman.com\/#website","url":"https:\/\/freeman-freeman.com\/","name":"Freeman &amp; Freeman, LLP","description":"","publisher":{"@id":"https:\/\/freeman-freeman.com\/#organization"},"potentialAction":[{"@type":"SearchAction","target":{"@type":"EntryPoint","urlTemplate":"https:\/\/freeman-freeman.com\/?s={search_term_string}"},"query-input":{"@type":"PropertyValueSpecification","valueRequired":true,"valueName":"search_term_string"}}],"inLanguage":"es"},{"@type":"Organization","@id":"https:\/\/freeman-freeman.com\/#organization","name":"Freeman &amp; Freeman, LLP","url":"https:\/\/freeman-freeman.com\/","logo":{"@type":"ImageObject","inLanguage":"es","@id":"https:\/\/freeman-freeman.com\/#\/schema\/logo\/image\/","url":"https:\/\/freeman-freeman.com\/wp-content\/uploads\/2024\/01\/logo.jpg","contentUrl":"https:\/\/freeman-freeman.com\/wp-content\/uploads\/2024\/01\/logo.jpg","width":674,"height":104,"caption":"Freeman & Freeman, LLP"},"image":{"@id":"https:\/\/freeman-freeman.com\/#\/schema\/logo\/image\/"},"sameAs":["https:\/\/www.facebook.com\/FreemanFreemanLaw","https:\/\/x.com\/FreemanFreeman1","https:\/\/www.linkedin.com\/company\/freeman-freeman-llp"]}]}},"_links":{"self":[{"href":"https:\/\/freeman-freeman.com\/es\/wp-json\/wp\/v2\/pages\/1550","targetHints":{"allow":["GET"]}}],"collection":[{"href":"https:\/\/freeman-freeman.com\/es\/wp-json\/wp\/v2\/pages"}],"about":[{"href":"https:\/\/freeman-freeman.com\/es\/wp-json\/wp\/v2\/types\/page"}],"author":[{"embeddable":true,"href":"https:\/\/freeman-freeman.com\/es\/wp-json\/wp\/v2\/users\/1"}],"replies":[{"embeddable":true,"href":"https:\/\/freeman-freeman.com\/es\/wp-json\/wp\/v2\/comments?post=1550"}],"version-history":[{"count":11,"href":"https:\/\/freeman-freeman.com\/es\/wp-json\/wp\/v2\/pages\/1550\/revisions"}],"predecessor-version":[{"id":1990,"href":"https:\/\/freeman-freeman.com\/es\/wp-json\/wp\/v2\/pages\/1550\/revisions\/1990"}],"wp:attachment":[{"href":"https:\/\/freeman-freeman.com\/es\/wp-json\/wp\/v2\/media?parent=1550"}],"curies":[{"name":"wp","href":"https:\/\/api.w.org\/{rel}","templated":true}]}}