{"id":197,"date":"2023-11-18T12:43:32","date_gmt":"2023-11-18T12:43:32","guid":{"rendered":"https:\/\/freeman-freeman.com\/?page_id=197"},"modified":"2024-02-09T07:00:35","modified_gmt":"2024-02-09T07:00:35","slug":"woodland-hills-abogado-de-accidente-de-motocicleta","status":"publish","type":"page","link":"https:\/\/freeman-freeman.com\/es\/woodland-hills-motorcycle-accident-lawyer\/","title":{"rendered":"Woodland Hills Abogado de Accidente de Motocicleta"},"content":{"rendered":"<h2><span data-sheets-root=\"1\" data-sheets-value=\"{&quot;1&quot;:2,&quot;2&quot;:&quot;Woodland Hills Motorcycle Accident Lawyer&quot;}\" data-sheets-userformat=\"{&quot;2&quot;:15105,&quot;3&quot;:{&quot;1&quot;:0},&quot;11&quot;:0,&quot;12&quot;:0,&quot;14&quot;:{&quot;1&quot;:2,&quot;2&quot;:0},&quot;15&quot;:&quot;Calibri&quot;,&quot;16&quot;:11}\">Woodland Hills Abogado de Accidente de Motocicleta<\/span><\/h2>\n<div class=\"abt-img\"><img loading=\"lazy\" decoding=\"async\" class=\"alignnone\" title=\"Woodland Hills Abogado de Accidente de Motocicleta\" src=\"https:\/\/freeman-freeman.com\/wp-content\/uploads\/2023\/12\/sng-pract-img-10.webp\" alt=\"Woodland Hills Abogado de Accidente de Motocicleta\" width=\"970\" height=\"500\" \/><\/div>\n<p>Los abogados de accidentes de Freeman &amp; Freeman, LLP, utilizar\u00e1n sus d\u00e9cadas de experiencia en la ley de lesiones personales para luchar implacablemente por usted. De Long Beach a Pomona y Malibu al centro de la ciudad, los motociclistas que han sido heridos a lo largo de Los \u00c1ngeles a su vez a nuestros abogados en Freeman y Freeman, LLP, porque:<\/p>\n<ul>\n<li>Hemos recuperado decenas de millones de d\u00f3lares para clientes, incluidos los heridos en accidentes de motocicleta.<\/li>\n<li>Tenemos m\u00e1s de 30 a\u00f1os de experiencia consiguiendo indemnizaciones para motoristas lesionados.<\/li>\n<li>Tenemos acceso a peritos m\u00e9dicos, investigadores, mec\u00e1nicos de motos, especialistas en equipos de seguridad, ingenieros de caminos, especialistas en escenas de accidentes y otros expertos l\u00edderes en sus campos. Utilizaremos sus conocimientos para determinar la causa de su accidente de moto y sus lesiones.<\/li>\n<li>Ofrecemos consultas gratuitas y no cobramos honorarios a menos que ganemos su caso.<\/li>\n<li>Nuestros dos abogados principales le representar\u00e1n desde el inicio de su caso hasta su resoluci\u00f3n.<\/li>\n<\/ul>\n<p>Ll\u00e1manos al <a role=\"link\" href=\"tel:+1-818-992-2919\" data-wpel-link=\"internal\">818-992-2919<\/a> para empezar a buscar la justicia y la indemnizaci\u00f3n que se merece. Incluso si usted cree que es parcialmente culpable, todav\u00eda podemos ser capaces de obtener una compensaci\u00f3n justa.<\/p>\n<h2>\u00bfLastimado en un accidente de motocicleta? Llame a un abogado inmediatamente.<\/h2>\n<p>Tan pronto como sea posible, llame a un abogado para que le asista en todos los asuntos legales relacionados con su accidente. Si usted o un ser querido se encuentra entre los muchos motoristas lesionados cada a\u00f1o en las carreteras, autopistas y entornos todoterreno de California, no acepte ninguna oferta de las compa\u00f1\u00edas de seguros y, desde luego, no firme ning\u00fan documento antes de haber consultado a un abogado.<\/p>\n<p>Si su ser querido queda incapacitado despu\u00e9s de un accidente de motocicleta en Woodland Hills, las compa\u00f1\u00edas de seguros implicadas pueden estar tramando c\u00f3mo librarse de pagar; pueden culpar a la v\u00edctima; pueden incluso negar una reclamaci\u00f3n acusando a la v\u00edctima de fraude. Nuestros abogados de accidentes de motocicleta en Woodland Hills no permitir\u00e1n que se salgan con la suya.<\/p>\n<p>Estaremos de su lado a lo largo de las secuelas de un accidente de motocicleta. Freeman &amp; Freeman, LLP, sabe c\u00f3mo obtener resultados en los casos m\u00e1s graves y contra los oponentes m\u00e1s formidables.<\/p>\n<p>En Freeman &amp; Freeman, LLP, tenemos amplios conocimientos y experiencia <a role=\"link\" href=\"https:\/\/freeman-freeman.com\/es\/blog\/accidentes-de-moto-la-importancia-de-contratar-a-un-abogado-de-accidentes-de-moto\/\" data-wpel-link=\"internal\">representaci\u00f3n de v\u00edctimas de lesiones en motocicleta<\/a>. Lamentablemente, hasta que los automovilistas \"empiecen a ver las motocicletas\", es probable que los accidentes de motocicleta sigan causando las consecuencias m\u00e1s graves y desgarradoras para sus v\u00edctimas, incluidas las familias de los motoristas. Por ello, cualquier acuerdo que se ofrezca debe ser examinado cuidadosamente.<\/p>\n<p>Los accidentes de moto suelen dejar a los motoristas y pasajeros con lesiones extremadamente graves y pueden incluso provocar la muerte por negligencia. La indemnizaci\u00f3n justa puede ser muy importante. Para obtenerla, p\u00f3ngase en contacto con abogados agresivos y probados.<\/p>\n<h2>Compensaci\u00f3n justa: Nuestra prioridad.<\/h2>\n<p>Debido a que los accidentes de motocicleta a menudo resultan en lesiones catastr\u00f3ficas, las compa\u00f1\u00edas de seguros pueden estar particularmente comprometidas a no ofrecer un acuerdo justo. Pero si usted ha sufrido alguna lesi\u00f3n, incluyendo cualquiera de los siguientes, estamos de su lado en la lucha para obtener justicia:<\/p>\n<ul>\n<li>Par\u00e1lisis<\/li>\n<li>Quemaduras<\/li>\n<li>P\u00e9rdida de extremidades<\/li>\n<li>Desfiguraci\u00f3n<\/li>\n<li>Lesiones cerebrales y medulares<\/li>\n<li>Lesiones de espalda<\/li>\n<\/ul>\n<p>Manejamos todo tipo de casos de accidentes de motocicleta: motos de cross, accidentes de motocicleta en autopista, accidentes de motocicleta de dos ruedas, tres ruedas y cuatro ruedas. Si usted o alguien cercano a usted ha sido lesionado, debe ponerse en contacto con un abogado de California con experiencia que puede trabajar para maximizar su compensaci\u00f3n por lesiones personales, especialmente si una motocicleta estuvo involucrado.<\/p>\n<h2>Obtenga la indemnizaci\u00f3n que merece<\/h2>\n<p>Si usted o un ser querido se lesion\u00f3 recientemente debido a un accidente de motocicleta, llame a nuestro Freeman &amp; Freeman, LLP, o <a role=\"link\" href=\"https:\/\/freeman-freeman.com\/es\/pongase-en-contacto-con\/\" data-wpel-link=\"internal\">rellene nuestro formulario en l\u00ednea<\/a> para programar una consulta inicial gratuita y discutir sus opciones. No se conforme con menos.<\/p>","protected":false},"excerpt":{"rendered":"<p>Woodland Hills Motorcycle Accident Attorney The accident lawyers of Freeman &amp; Freeman, LLP, will use their decades of experience in personal injury law to relentlessly fight for you. From Long Beach to Pomona and Malibu to Downtown, motorcyclists who have been injured throughout Los Angeles turn to our lawyers at Freeman &amp; Freeman, LLP, because: &hellip; <\/p>\n<p class=\"link-more\"><a href=\"https:\/\/freeman-freeman.com\/es\/woodland-hills-motorcycle-accident-lawyer\/\" class=\"more-link\">Seguir leyendo<span class=\"screen-reader-text\"> &#8220;Woodland Hills Motorcycle Accident Lawyer&#8221;<\/span><\/a><\/p>","protected":false},"author":1,"featured_media":0,"parent":0,"menu_order":0,"comment_status":"closed","ping_status":"closed","template":"","meta":{"_acf_changed":false,"footnotes":""},"class_list":["post-197","page","type-page","status-publish","hentry","entry"],"acf":[],"yoast_head":"<!-- This site is optimized with the Yoast SEO plugin v27.3 - https:\/\/yoast.com\/product\/yoast-seo-wordpress\/ -->\n<title>Woodland Hills Motorcycle Accident Lawyer - Bike Injury Law CA<\/title>\n<meta name=\"description\" content=\"Facing bike injury Woodland Hills? Count on Freeman &amp; Freeman, LLP, your trusted Woodland Hills motorcycle accident lawyer for expert legal support!\" \/>\n<meta name=\"robots\" content=\"index, follow, max-snippet:-1, max-image-preview:large, max-video-preview:-1\" \/>\n<link rel=\"canonical\" href=\"https:\/\/freeman-freeman.com\/es\/woodland-hills-abogado-de-accidente-de-motocicleta\/\" \/>\n<meta property=\"og:locale\" content=\"es_MX\" \/>\n<meta property=\"og:type\" content=\"article\" \/>\n<meta property=\"og:title\" content=\"Woodland Hills Motorcycle Accident Lawyer - Bike Injury Law CA\" \/>\n<meta property=\"og:description\" content=\"Facing bike injury Woodland Hills? Count on Freeman &amp; Freeman, LLP, your trusted Woodland Hills motorcycle accident lawyer for expert legal support!\" \/>\n<meta property=\"og:url\" content=\"https:\/\/freeman-freeman.com\/es\/woodland-hills-abogado-de-accidente-de-motocicleta\/\" \/>\n<meta property=\"og:site_name\" content=\"Freeman &amp; Freeman, LLP\" \/>\n<meta property=\"article:publisher\" content=\"https:\/\/www.facebook.com\/FreemanFreemanLaw\" \/>\n<meta property=\"article:modified_time\" content=\"2024-02-09T07:00:35+00:00\" \/>\n<meta property=\"og:image\" content=\"https:\/\/freeman-freeman.com\/wp-content\/uploads\/2023\/12\/sng-pract-img-10.webp\" \/>\n<meta name=\"twitter:card\" content=\"summary_large_image\" \/>\n<meta name=\"twitter:site\" content=\"@FreemanFreeman1\" \/>\n<meta name=\"twitter:label1\" content=\"Tiempo de lectura\" \/>\n\t<meta name=\"twitter:data1\" content=\"3 minutos\" \/>\n<script type=\"application\/ld+json\" class=\"yoast-schema-graph\">{\"@context\":\"https:\\\/\\\/schema.org\",\"@graph\":[{\"@type\":\"WebPage\",\"@id\":\"https:\\\/\\\/freeman-freeman.com\\\/woodland-hills-motorcycle-accident-lawyer\\\/\",\"url\":\"https:\\\/\\\/freeman-freeman.com\\\/woodland-hills-motorcycle-accident-lawyer\\\/\",\"name\":\"Woodland Hills Motorcycle Accident Lawyer - Bike Injury Law CA\",\"isPartOf\":{\"@id\":\"https:\\\/\\\/freeman-freeman.com\\\/#website\"},\"primaryImageOfPage\":{\"@id\":\"https:\\\/\\\/freeman-freeman.com\\\/woodland-hills-motorcycle-accident-lawyer\\\/#primaryimage\"},\"image\":{\"@id\":\"https:\\\/\\\/freeman-freeman.com\\\/woodland-hills-motorcycle-accident-lawyer\\\/#primaryimage\"},\"thumbnailUrl\":\"https:\\\/\\\/freeman-freeman.com\\\/wp-content\\\/uploads\\\/2023\\\/12\\\/sng-pract-img-10.webp\",\"datePublished\":\"2023-11-18T12:43:32+00:00\",\"dateModified\":\"2024-02-09T07:00:35+00:00\",\"description\":\"Facing bike injury Woodland Hills? Count on Freeman & Freeman, LLP, your trusted Woodland Hills motorcycle accident lawyer for expert legal support!\",\"inLanguage\":\"es\",\"potentialAction\":[{\"@type\":\"ReadAction\",\"target\":[\"https:\\\/\\\/freeman-freeman.com\\\/woodland-hills-motorcycle-accident-lawyer\\\/\"]}]},{\"@type\":\"ImageObject\",\"inLanguage\":\"es\",\"@id\":\"https:\\\/\\\/freeman-freeman.com\\\/woodland-hills-motorcycle-accident-lawyer\\\/#primaryimage\",\"url\":\"https:\\\/\\\/freeman-freeman.com\\\/wp-content\\\/uploads\\\/2023\\\/12\\\/sng-pract-img-10.webp\",\"contentUrl\":\"https:\\\/\\\/freeman-freeman.com\\\/wp-content\\\/uploads\\\/2023\\\/12\\\/sng-pract-img-10.webp\"},{\"@type\":\"WebSite\",\"@id\":\"https:\\\/\\\/freeman-freeman.com\\\/#website\",\"url\":\"https:\\\/\\\/freeman-freeman.com\\\/\",\"name\":\"Freeman &amp; Freeman, LLP\",\"description\":\"\",\"publisher\":{\"@id\":\"https:\\\/\\\/freeman-freeman.com\\\/#organization\"},\"potentialAction\":[{\"@type\":\"SearchAction\",\"target\":{\"@type\":\"EntryPoint\",\"urlTemplate\":\"https:\\\/\\\/freeman-freeman.com\\\/?s={search_term_string}\"},\"query-input\":{\"@type\":\"PropertyValueSpecification\",\"valueRequired\":true,\"valueName\":\"search_term_string\"}}],\"inLanguage\":\"es\"},{\"@type\":\"Organization\",\"@id\":\"https:\\\/\\\/freeman-freeman.com\\\/#organization\",\"name\":\"Freeman & Freeman, LLP\",\"url\":\"https:\\\/\\\/freeman-freeman.com\\\/\",\"logo\":{\"@type\":\"ImageObject\",\"inLanguage\":\"es\",\"@id\":\"https:\\\/\\\/freeman-freeman.com\\\/#\\\/schema\\\/logo\\\/image\\\/\",\"url\":\"https:\\\/\\\/freeman-freeman.com\\\/wp-content\\\/uploads\\\/2024\\\/01\\\/logo.jpg\",\"contentUrl\":\"https:\\\/\\\/freeman-freeman.com\\\/wp-content\\\/uploads\\\/2024\\\/01\\\/logo.jpg\",\"width\":674,\"height\":104,\"caption\":\"Freeman & Freeman, LLP\"},\"image\":{\"@id\":\"https:\\\/\\\/freeman-freeman.com\\\/#\\\/schema\\\/logo\\\/image\\\/\"},\"sameAs\":[\"https:\\\/\\\/www.facebook.com\\\/FreemanFreemanLaw\",\"https:\\\/\\\/x.com\\\/FreemanFreeman1\",\"https:\\\/\\\/www.linkedin.com\\\/company\\\/freeman-freeman-llp\"]}]}<\/script>\n<!-- \/ Yoast SEO plugin. -->","yoast_head_json":{"title":"Woodland Hills Abogado de Accidente de Motocicleta - Bike Injury Law CA","description":"Frente a la lesi\u00f3n en bicicleta Woodland Hills? \u00a1Cuente con Freeman y Freeman, LLP, su abogado de accidentes de motocicleta Woodland Hills confianza para el apoyo legal de expertos!","robots":{"index":"index","follow":"follow","max-snippet":"max-snippet:-1","max-image-preview":"max-image-preview:large","max-video-preview":"max-video-preview:-1"},"canonical":"https:\/\/freeman-freeman.com\/es\/woodland-hills-abogado-de-accidente-de-motocicleta\/","og_locale":"es_MX","og_type":"article","og_title":"Woodland Hills Motorcycle Accident Lawyer - Bike Injury Law CA","og_description":"Facing bike injury Woodland Hills? Count on Freeman & Freeman, LLP, your trusted Woodland Hills motorcycle accident lawyer for expert legal support!","og_url":"https:\/\/freeman-freeman.com\/es\/woodland-hills-abogado-de-accidente-de-motocicleta\/","og_site_name":"Freeman &amp; Freeman, LLP","article_publisher":"https:\/\/www.facebook.com\/FreemanFreemanLaw","article_modified_time":"2024-02-09T07:00:35+00:00","og_image":[{"url":"https:\/\/freeman-freeman.com\/wp-content\/uploads\/2023\/12\/sng-pract-img-10.webp","type":"","width":"","height":""}],"twitter_card":"summary_large_image","twitter_site":"@FreemanFreeman1","twitter_misc":{"Tiempo de lectura":"3 minutos"},"schema":{"@context":"https:\/\/schema.org","@graph":[{"@type":"WebPage","@id":"https:\/\/freeman-freeman.com\/woodland-hills-motorcycle-accident-lawyer\/","url":"https:\/\/freeman-freeman.com\/woodland-hills-motorcycle-accident-lawyer\/","name":"Woodland Hills Abogado de Accidente de Motocicleta - Bike Injury Law CA","isPartOf":{"@id":"https:\/\/freeman-freeman.com\/#website"},"primaryImageOfPage":{"@id":"https:\/\/freeman-freeman.com\/woodland-hills-motorcycle-accident-lawyer\/#primaryimage"},"image":{"@id":"https:\/\/freeman-freeman.com\/woodland-hills-motorcycle-accident-lawyer\/#primaryimage"},"thumbnailUrl":"https:\/\/freeman-freeman.com\/wp-content\/uploads\/2023\/12\/sng-pract-img-10.webp","datePublished":"2023-11-18T12:43:32+00:00","dateModified":"2024-02-09T07:00:35+00:00","description":"Frente a la lesi\u00f3n en bicicleta Woodland Hills? \u00a1Cuente con Freeman y Freeman, LLP, su abogado de accidentes de motocicleta Woodland Hills confianza para el apoyo legal de expertos!","inLanguage":"es","potentialAction":[{"@type":"ReadAction","target":["https:\/\/freeman-freeman.com\/woodland-hills-motorcycle-accident-lawyer\/"]}]},{"@type":"ImageObject","inLanguage":"es","@id":"https:\/\/freeman-freeman.com\/woodland-hills-motorcycle-accident-lawyer\/#primaryimage","url":"https:\/\/freeman-freeman.com\/wp-content\/uploads\/2023\/12\/sng-pract-img-10.webp","contentUrl":"https:\/\/freeman-freeman.com\/wp-content\/uploads\/2023\/12\/sng-pract-img-10.webp"},{"@type":"WebSite","@id":"https:\/\/freeman-freeman.com\/#website","url":"https:\/\/freeman-freeman.com\/","name":"Freeman &amp; Freeman, LLP","description":"","publisher":{"@id":"https:\/\/freeman-freeman.com\/#organization"},"potentialAction":[{"@type":"SearchAction","target":{"@type":"EntryPoint","urlTemplate":"https:\/\/freeman-freeman.com\/?s={search_term_string}"},"query-input":{"@type":"PropertyValueSpecification","valueRequired":true,"valueName":"search_term_string"}}],"inLanguage":"es"},{"@type":"Organization","@id":"https:\/\/freeman-freeman.com\/#organization","name":"Freeman &amp; Freeman, LLP","url":"https:\/\/freeman-freeman.com\/","logo":{"@type":"ImageObject","inLanguage":"es","@id":"https:\/\/freeman-freeman.com\/#\/schema\/logo\/image\/","url":"https:\/\/freeman-freeman.com\/wp-content\/uploads\/2024\/01\/logo.jpg","contentUrl":"https:\/\/freeman-freeman.com\/wp-content\/uploads\/2024\/01\/logo.jpg","width":674,"height":104,"caption":"Freeman & Freeman, LLP"},"image":{"@id":"https:\/\/freeman-freeman.com\/#\/schema\/logo\/image\/"},"sameAs":["https:\/\/www.facebook.com\/FreemanFreemanLaw","https:\/\/x.com\/FreemanFreeman1","https:\/\/www.linkedin.com\/company\/freeman-freeman-llp"]}]}},"_links":{"self":[{"href":"https:\/\/freeman-freeman.com\/es\/wp-json\/wp\/v2\/pages\/197","targetHints":{"allow":["GET"]}}],"collection":[{"href":"https:\/\/freeman-freeman.com\/es\/wp-json\/wp\/v2\/pages"}],"about":[{"href":"https:\/\/freeman-freeman.com\/es\/wp-json\/wp\/v2\/types\/page"}],"author":[{"embeddable":true,"href":"https:\/\/freeman-freeman.com\/es\/wp-json\/wp\/v2\/users\/1"}],"replies":[{"embeddable":true,"href":"https:\/\/freeman-freeman.com\/es\/wp-json\/wp\/v2\/comments?post=197"}],"version-history":[{"count":7,"href":"https:\/\/freeman-freeman.com\/es\/wp-json\/wp\/v2\/pages\/197\/revisions"}],"predecessor-version":[{"id":2145,"href":"https:\/\/freeman-freeman.com\/es\/wp-json\/wp\/v2\/pages\/197\/revisions\/2145"}],"wp:attachment":[{"href":"https:\/\/freeman-freeman.com\/es\/wp-json\/wp\/v2\/media?parent=197"}],"curies":[{"name":"wp","href":"https:\/\/api.w.org\/{rel}","templated":true}]}}