{"id":2917,"date":"2024-10-22T15:04:57","date_gmt":"2024-10-22T15:04:57","guid":{"rendered":"https:\/\/freeman-freeman.com\/?page_id=2917"},"modified":"2024-10-24T08:41:28","modified_gmt":"2024-10-24T08:41:28","slug":"abogado-de-accidentes-de-coche-en-reseda","status":"publish","type":"page","link":"https:\/\/freeman-freeman.com\/es\/reseda-car-accident-lawyer\/","title":{"rendered":"Reseda Abogado de Accidente de Coche"},"content":{"rendered":"<div class=\"abt-img\"><img loading=\"lazy\" decoding=\"async\" class=\"alignnone wp-image-2931 size-full\" title=\"abogado de accidentes de coche reseda superior\" src=\"https:\/\/freeman-freeman.com\/wp-content\/uploads\/2024\/10\/top-reseda-car-accident-lawyer.webp\" alt=\"abogado de accidentes de coche reseda superior\" width=\"800\" height=\"400\" srcset=\"https:\/\/freeman-freeman.com\/wp-content\/uploads\/2024\/10\/top-reseda-car-accident-lawyer.webp 800w, https:\/\/freeman-freeman.com\/wp-content\/uploads\/2024\/10\/top-reseda-car-accident-lawyer-300x150.webp 300w, https:\/\/freeman-freeman.com\/wp-content\/uploads\/2024\/10\/top-reseda-car-accident-lawyer-768x384.webp 768w, https:\/\/freeman-freeman.com\/wp-content\/uploads\/2024\/10\/top-reseda-car-accident-lawyer-18x9.webp 18w\" sizes=\"auto, (max-width: 800px) 100vw, 800px\" \/><\/div>\n<h2>Reseda Abogado de Accidente de Coche<\/h2>\n<p>Estar involucrado en un accidente de coche puede ser una experiencia traum\u00e1tica. Los accidentes de coche pueden ser desde un inconveniente menor hasta un suceso tr\u00e1gico que tiene un impacto irreparable en su vida. A menudo son impredecibles y pueden provocar da\u00f1os considerables, desde bienes personales hasta lesiones personales. Si su accidente de coche fue el resultado de la conducta negligente de otra persona, es posible que desee hablar con un <strong>Reseda abogado de accidente de coche<\/strong> para ver qu\u00e9 opciones tiene.<\/p>\n<p>El equipo legal de Freeman y Freeman, LLP, tiene experiencia ayudando a numerosos clientes en Reseda resolver las secuelas de un accidente de coche. Podemos ayudarle a manejar los detalles de la b\u00fasqueda de sus reclamaciones legales, obtener la compensaci\u00f3n que se merece, y que le da la paz de la mente mientras se recupera y obtener su vida de nuevo en marcha.<\/p>\n<h2>Accidentes de coche en Reseda, CA<\/h2>\n<p>Un accidente de coche puede surgir de la nada y causar da\u00f1os de por vida a su salud f\u00edsica, emocional y mental. Sin embargo, tomar las medidas necesarias para presentar una reclamaci\u00f3n puede ayudarle a recuperarse y responsabilizar a la parte culpable. Un abogado con experiencia en accidentes de tr\u00e1fico puede ayudarle a dar sentido a su reclamaci\u00f3n y evitar que se le pase cualquier plazo vital. Contratar a un <a href=\"https:\/\/freeman-freeman.com\/es\/abogado-de-lesiones-personales-en-reseda\/\">Reseda abogado de lesiones personales<\/a> que le represente puede ser la decisi\u00f3n m\u00e1s importante que tome para su caso.<\/p>\n<p>Si alguna vez se ve involucrado en un accidente de coche en California y desea proceder a la b\u00fasqueda de da\u00f1os compensatorios de la parte negligente, es importante tener en cuenta que el <a href=\"https:\/\/leginfo.legislature.ca.gov\/faces\/codes_displaySection.xhtml?lawCode=CCP&amp;sectionNum=335.1\" target=\"_blank\" rel=\"noopener\">prescripci\u00f3n<\/a> para una reclamaci\u00f3n de este tipo es de dos a\u00f1os. Eso significa que usted tendr\u00e1 dos a\u00f1os a partir de la fecha de su accidente inicial para empezar a construir un caso, reunir pruebas, hablar con un abogado, y presentar una reclamaci\u00f3n por accidente de coche.<\/p>\n<p>Si no puede presentar su demanda antes de que transcurran los dos a\u00f1os, su caso no ser\u00e1 atendido y desaparecer\u00e1 su oportunidad de solicitar una indemnizaci\u00f3n por da\u00f1os y perjuicios. Aunque dos a\u00f1os puedan parecer suficientes, la construcci\u00f3n de un caso s\u00f3lido de lesiones personales puede llevar tiempo. Por eso es vital que empiece a desarrollar su reclamaci\u00f3n lo antes posible con la ayuda de un abogado experto en accidentes de tr\u00e1fico en Reseda.<\/p>\n<h2>Qu\u00e9 hacer en caso de accidente de tr\u00e1fico<\/h2>\n<p>Inmediatamente despu\u00e9s de un accidente de coche, las acciones que tome pueden ayudar o perjudicar su futura reclamaci\u00f3n por accidente. Es importante para la eficiencia de su reclamaci\u00f3n que usted tome las decisiones correctas en el momento adecuado. Aunque a veces puede ser dif\u00edcil saber cu\u00e1les pueden ser esas decisiones en medio del caos de un accidente de coche, aqu\u00ed hay algunos pasos importantes que puede tomar para asegurarse de que todo vaya lo mejor posible:<\/p>\n<ul>\n<li><strong>Mantenga la calma:<\/strong> Su primer instinto tras un accidente de coche puede ser el p\u00e1nico. Es comprensible. Acabas de pasar por un acontecimiento traum\u00e1tico f\u00edsica y emocionalmente. El p\u00e1nico no le ayudar\u00e1 y puede empeorar las cosas. Intenta mantener la calma y empieza a evaluar la situaci\u00f3n. Necesitar\u00e1s orientarte para comprender bien lo que acaba de ocurrir.<\/li>\n<li><strong>No huyas:<\/strong> Haga lo que haga, no intente huir del lugar del accidente. Huir del lugar, por peque\u00f1o o trivial que le parezca el accidente, es ilegal y podr\u00eda dar lugar a cargos penales contra usted por atropello y fuga. Si es posible, detenga su veh\u00edculo en un lugar seguro.<\/li>\n<li><strong>Compruebe si hay lesiones:<\/strong> Una vez que te hayas calmado y hayas llevado tu veh\u00edculo a un lugar m\u00e1s seguro, debes empezar inmediatamente a revisar tu cuerpo en busca de lesiones evidentes. Comprueba si hay sangre, hematomas, esguinces, protuberancias o huesos rotos. Haz lo mismo con los dem\u00e1s pasajeros del coche. Si sientes alg\u00fan dolor persistente pero no encuentras ninguna lesi\u00f3n externa, aseg\u00farate de mencion\u00e1rselo a los param\u00e9dicos en cuanto lleguen. Comprueba si hay heridos entre los pasajeros de tu coche, otros veh\u00edculos, peatones o ciclistas. Si usted u otra persona est\u00e1n heridos, no los mueva a menos que est\u00e9n en peligro inmediato. Cualquier persona que est\u00e9 tirada en medio de una carretera con mucho tr\u00e1fico o atrapada en un veh\u00edculo en llamas debe ser trasladada a un lugar seguro.<\/li>\n<li><strong>Llama al 911:<\/strong> Tras comprobar si hay heridos y poner a salvo a todos los implicados, debes ponerte en contacto con las autoridades lo antes posible. Es conveniente que la polic\u00eda acuda al lugar de los hechos y levante un atestado. Tambi\u00e9n es necesario que los t\u00e9cnicos de emergencias m\u00e9dicas (EMT) eval\u00faen a todos los implicados para comprobar si hay heridos.<\/li>\n<li><strong>Mueve tu coche:<\/strong> Si es posible, puedes considerar apartar tu coche del tr\u00e1fico y colocarlo a un lado de la carretera. Despu\u00e9s de todo, lo \u00faltimo que quieres es provocar accidentalmente otra colisi\u00f3n porque tu coche estaba en medio del tr\u00e1fico que se aproxima. Si la polic\u00eda te dice que no pasa nada y eres f\u00edsicamente capaz de hacerlo, traslada tu veh\u00edculo al arc\u00e9n. Si est\u00e1s demasiado herido o el veh\u00edculo est\u00e1 demasiado da\u00f1ado para moverlo, no te preocupes.<\/li>\n<li><strong>Intercambiar informaci\u00f3n:<\/strong> T\u00fa y los dem\u00e1s conductores implicados deb\u00e9is intercambiar los datos del seguro y la informaci\u00f3n de contacto para seguir adelante con la reclamaci\u00f3n al seguro. Aseg\u00farate de obtener su compa\u00f1\u00eda de seguros, nombre completo, direcci\u00f3n, n\u00famero de tel\u00e9fono y n\u00famero de carn\u00e9 de conducir. Facil\u00edtales la misma informaci\u00f3n. Si alguno de los dos ya tiene abogado, intercambie tambi\u00e9n sus datos de contacto. A lo largo de este intercambio de informaci\u00f3n, puede ser importante para su reclamaci\u00f3n de seguro que nunca admita la culpa del accidente en ning\u00fan grado. Incluso si usted es plenamente consciente de que usted caus\u00f3 el accidente, no lo diga. Incluso disculparse por el accidente puede considerarse una admisi\u00f3n de culpa. Asumir la responsabilidad puede perjudicar su reclamaci\u00f3n cuando llegue el momento de presentarla. Sea cort\u00e9s, pero no acepte la culpa.<\/li>\n<li><strong>Documenta la escena:<\/strong> Una vez que la polic\u00eda y los param\u00e9dicos hayan despejado el lugar y usted haya intercambiado la informaci\u00f3n adecuada con el otro conductor, puede empezar a documentar el lugar del accidente para sus propios archivos. Aseg\u00farate de hacer muchas fotos de tus lesiones, de los da\u00f1os en ambos veh\u00edculos, de los da\u00f1os en la carretera, de las condiciones de la carretera, de las se\u00f1ales de advertencia o de los sem\u00e1foros y de los puntos de referencia circundantes. Aseg\u00farese de hablar con cualquier testigo potencial que haya visto el accidente y pueda estar dispuesto a ayudarle con sus declaraciones. Tambi\u00e9n necesitar\u00e1s su informaci\u00f3n de contacto cuando llegue el momento de construir tu caso. Ten en cuenta si hab\u00eda c\u00e1maras cerca que pudieran haber captado el accidente, quiz\u00e1s cerca de un sem\u00e1foro o de un negocio local.<\/li>\n<li><strong>Presente una denuncia policial:<\/strong> Cuando hable con la polic\u00eda sobre lo ocurrido, debe ser sincero y honesto sobre los hechos que causaron el accidente. De nuevo, no admitas ninguna culpa por el accidente, y tampoco culpes al otro conductor. Mant\u00e9ngase lo m\u00e1s neutral posible en sus respuestas. M\u00e1s adelante tendr\u00e1 la oportunidad de atribuir la culpa. El informe policial consiste en relatar los hechos tal y como ocurrieron. Es posible que desee documentar el nombre, n\u00famero de placa y rango del oficial con el que est\u00e1 hablando en caso de que necesite referirse a ellos m\u00e1s tarde. Aseg\u00farate de obtener un n\u00famero de referencia claro para tu informe antes de irte para que sea m\u00e1s f\u00e1cil localizarlo cuando lo necesites m\u00e1s tarde.<\/li>\n<li><strong>Seguro de contacto:<\/strong> Cuando tengas un informe policial v\u00e1lido, tendr\u00e1s que ponerte en contacto con tu aseguradora para ponerles al corriente de todo lo ocurrido. Expl\u00edqueles los hechos sin prejuicios ni exageraciones. Probablemente le har\u00e1n compartir las pruebas que ha reunido hasta el momento. Aseg\u00farese tambi\u00e9n de no admitir la culpa. A lo largo de este proceso, tenga mucho cuidado con la forma en que describe el accidente. Si acepta la culpa en alg\u00fan momento, puede perjudicar su reclamaci\u00f3n.<\/li>\n<li><strong>Vaya al m\u00e9dico:<\/strong> Aunque los param\u00e9dicos le hayan dado el alta en el lugar del accidente, debe ir al m\u00e9dico de todos modos. Es posible que le detecten lesiones internas que los param\u00e9dicos no vieron en el ca\u00f3tico accidente. Su m\u00e9dico le har\u00e1 un examen m\u00e1s completo y le proporcionar\u00e1 un historial m\u00e9dico v\u00e1lido de sus lesiones, que le ser\u00e1 \u00fatil m\u00e1s adelante cuando empiece a desarrollar su reclamaci\u00f3n.<\/li>\n<li><strong>Acuda a un abogado:<\/strong> Si su accidente de coche result\u00f3 en lesiones graves, da\u00f1os materiales significativos, o angustia emocional, es posible que desee llegar y contratar los servicios de un abogado con experiencia en accidentes de coche. Un buen abogado puede ayudarle a desarrollar un caso que busca da\u00f1os compensatorios de las partes negligentes que causaron su accidente. Su abogado puede ayudar a proporcionarle la tranquilidad de que su caso est\u00e1 siendo manejado profesionalmente, lo que le permite centrarse en su recuperaci\u00f3n y no perder ning\u00fan plazo crucial para la presentaci\u00f3n de documentos legales. Por otro lado, si la polic\u00eda determina que el accidente fue culpa suya y presenta cargos en su contra, es posible que desee contratar a un abogado de defensa criminal para defenderse.<\/li>\n<li>Informe del accidente. Siempre que te veas implicado en un accidente de tr\u00e1fico, debes informar del mismo a las autoridades competentes. Legalmente, si el accidente ha provocado lesiones graves o la muerte, debe notificarse a las fuerzas de seguridad en un plazo de 24 horas, de acuerdo con el <a href=\"https:\/\/casetext.com\/statute\/california-codes\/california-vehicle-code\/division-10-accidents-and-accident-reports\/chapter-1-accidents-and-accident-reports\/section-20008-report-of-accident-resulting-in-injuries-or-death\">C\u00f3digo de Veh\u00edculos de California<\/a>.<\/li>\n<\/ul>\n<h2>Reseda accidente de coche FAQs<\/h2>\n<h3>P: \u00bfCu\u00e1nto cobran los abogados de accidentes de coche en Reseda?<\/h3>\n<p><strong>A:<\/strong> Es dif\u00edcil determinar cu\u00e1nto puede cobrar un abogado de accidentes de coche en Reseda. Cada caso de accidente de coche es diferente y tiene su propio conjunto de complejidades. Un abogado con experiencia en accidentes de coche suele tener en cuenta estos factores a la hora de calcular los honorarios. Generalmente, cuanto m\u00e1s complicado sea el caso, m\u00e1s puede cobrar un abogado. Usted y su abogado deben determinar una cuota fija antes de acordar su contrataci\u00f3n.<\/p>\n<h3>P: \u00bfCu\u00e1l es el promedio de liquidaci\u00f3n de un accidente de coche en Reseda?<\/h3>\n<p><strong>A:<\/strong> El acuerdo promedio para un accidente de coche en California puede ser dif\u00edcil de determinar. La cantidad que usted puede recibir en un acuerdo potencial debe reflejar la gravedad de sus lesiones, la cantidad de da\u00f1os a la propiedad sufridos por su veh\u00edculo, y los gastos m\u00e9dicos que ha tenido que soportar como consecuencia del accidente, entre otros factores \u00fanicos para su caso. Tambi\u00e9n es importante tener en cuenta que s\u00f3lo porque un caso similar al suyo result\u00f3 en una cierta cantidad no significa que el suyo ser\u00eda el mismo.<\/p>\n<h3>Q: \u00bfNecesito un abogado para una demanda de accidente de coche en Reseda?<\/h3>\n<p><strong>A:<\/strong> No, por ley, usted no necesita un abogado para una reclamaci\u00f3n de accidente de coche en <a href=\"https:\/\/en.wikipedia.org\/wiki\/Reseda,_Los_Angeles\" target=\"_blank\" rel=\"noopener\">Reseda<\/a>. Sin embargo, si desea presentar una reclamaci\u00f3n para recuperar los gastos que fueron causados por un accidente de coche, es muy recomendable que busque y contrate a un abogado que tenga experiencia en esta \u00e1rea. Tener a alguien de su lado que entienda la ley de California y pueda anticiparse a cualquier contratiempo s\u00f3lo puede ayudarle a usted y a su caso a largo plazo.<\/p>\n<h3>Q: \u00bfCu\u00e1nto puede demandar a alguien por un accidente de coche en Reseda?<\/h3>\n<p><strong>A:<\/strong> No hay l\u00edmite en California sobre cu\u00e1nto alguien puede demandar a otra persona por un accidente de coche. Hay l\u00edmites en ciertos da\u00f1os no econ\u00f3micos como el dolor y el sufrimiento, pero los da\u00f1os econ\u00f3micos no tienen un tope espec\u00edfico. Usted y su abogado puede perseguir cualquier n\u00famero que refleja con precisi\u00f3n la cantidad de dinero que ha perdido debido a las reparaciones del veh\u00edculo, gastos m\u00e9dicos, salarios perdidos, y la atenci\u00f3n m\u00e9dica continua de sus lesiones. Su abogado puede ayudarle a justificar estas reclamaciones.<\/p>\n<h2>Contacte hoy mismo con un abogado experto en accidentes de tr\u00e1fico<\/h2>\n<p>Puede ser abrumador y frustrante enfrentarse a las consecuencias de un accidente de tr\u00e1fico. Dependiendo de las circunstancias de su accidente, tambi\u00e9n puede estar enfrentando lesiones graves que alteran la vida. Un abogado con experiencia en accidentes de coche Reseda puede ayudarle a trazar un plan y buscar una compensaci\u00f3n de la parte responsable de causar sus lesiones.<\/p>\n<p>El equipo jur\u00eddico de <a href=\"https:\/\/freeman-freeman.com\/es\/acerca-de\/\">Freeman &amp; Freeman, LLP<\/a>entiende el tipo de asistencia que necesitar\u00e1 a lo largo de este calvario. Podemos ayudarle a construir su caso, reunir pruebas que respalden su reclamaci\u00f3n y asegurarnos de que las compa\u00f1\u00edas de seguros no se aprovechen de usted. <a href=\"https:\/\/freeman-freeman.com\/es\/pongase-en-contacto-con\/\">P\u00f3ngase en contacto con nosotros<\/a> para concertar una consulta hoy mismo.<\/p>","protected":false},"excerpt":{"rendered":"<p>Reseda Car Accident Attorney Being involved in a car accident can be a traumatic experience. Car accidents can range anywhere from a minor inconvenience to a tragic event that has an irreparable impact on your life. They are often unpredictable and can result in considerable damage, from personal property to personal injury. If your car &hellip; <\/p>\n<p class=\"link-more\"><a href=\"https:\/\/freeman-freeman.com\/es\/reseda-car-accident-lawyer\/\" class=\"more-link\">Seguir leyendo<span class=\"screen-reader-text\"> &#8220;Reseda Car Accident Lawyer&#8221;<\/span><\/a><\/p>","protected":false},"author":1,"featured_media":0,"parent":0,"menu_order":0,"comment_status":"closed","ping_status":"closed","template":"","meta":{"_acf_changed":false,"footnotes":""},"class_list":["post-2917","page","type-page","status-publish","hentry","entry"],"acf":[],"yoast_head":"<!-- This site is optimized with the Yoast SEO plugin v27.3 - https:\/\/yoast.com\/product\/yoast-seo-wordpress\/ -->\n<title>Reseda Car Accident Lawyer - Free Consultation<\/title>\n<meta name=\"description\" content=\"Reseda Car Accident Lawyer: Freeman &amp; Freeman, LLP fights for maximum compensation for car accident victims. Get expert legal representation today!\" \/>\n<meta name=\"robots\" content=\"index, follow, max-snippet:-1, max-image-preview:large, max-video-preview:-1\" \/>\n<link rel=\"canonical\" href=\"https:\/\/freeman-freeman.com\/es\/abogado-de-accidentes-de-coche-en-reseda\/\" \/>\n<meta property=\"og:locale\" content=\"es_MX\" \/>\n<meta property=\"og:type\" content=\"article\" \/>\n<meta property=\"og:title\" content=\"Reseda Car Accident Lawyer - Free Consultation\" \/>\n<meta property=\"og:description\" content=\"Reseda Car Accident Lawyer: Freeman &amp; Freeman, LLP fights for maximum compensation for car accident victims. Get expert legal representation today!\" \/>\n<meta property=\"og:url\" content=\"https:\/\/freeman-freeman.com\/es\/abogado-de-accidentes-de-coche-en-reseda\/\" \/>\n<meta property=\"og:site_name\" content=\"Freeman &amp; Freeman, LLP\" \/>\n<meta property=\"article:publisher\" content=\"https:\/\/www.facebook.com\/FreemanFreemanLaw\" \/>\n<meta property=\"article:modified_time\" content=\"2024-10-24T08:41:28+00:00\" \/>\n<meta property=\"og:image\" content=\"https:\/\/freeman-freeman.com\/wp-content\/uploads\/2024\/10\/top-reseda-car-accident-lawyer.webp\" \/>\n\t<meta property=\"og:image:width\" content=\"800\" \/>\n\t<meta property=\"og:image:height\" content=\"400\" \/>\n\t<meta property=\"og:image:type\" content=\"image\/webp\" \/>\n<meta name=\"twitter:card\" content=\"summary_large_image\" \/>\n<meta name=\"twitter:site\" content=\"@FreemanFreeman1\" \/>\n<meta name=\"twitter:label1\" content=\"Tiempo de lectura\" \/>\n\t<meta name=\"twitter:data1\" content=\"10 minutos\" \/>\n<script type=\"application\/ld+json\" class=\"yoast-schema-graph\">{\"@context\":\"https:\\\/\\\/schema.org\",\"@graph\":[{\"@type\":\"WebPage\",\"@id\":\"https:\\\/\\\/freeman-freeman.com\\\/reseda-car-accident-lawyer\\\/\",\"url\":\"https:\\\/\\\/freeman-freeman.com\\\/reseda-car-accident-lawyer\\\/\",\"name\":\"Reseda Car Accident Lawyer - Free Consultation\",\"isPartOf\":{\"@id\":\"https:\\\/\\\/freeman-freeman.com\\\/#website\"},\"primaryImageOfPage\":{\"@id\":\"https:\\\/\\\/freeman-freeman.com\\\/reseda-car-accident-lawyer\\\/#primaryimage\"},\"image\":{\"@id\":\"https:\\\/\\\/freeman-freeman.com\\\/reseda-car-accident-lawyer\\\/#primaryimage\"},\"thumbnailUrl\":\"https:\\\/\\\/freeman-freeman.com\\\/wp-content\\\/uploads\\\/2024\\\/10\\\/top-reseda-car-accident-lawyer.webp\",\"datePublished\":\"2024-10-22T15:04:57+00:00\",\"dateModified\":\"2024-10-24T08:41:28+00:00\",\"description\":\"Reseda Car Accident Lawyer: Freeman & Freeman, LLP fights for maximum compensation for car accident victims. Get expert legal representation today!\",\"inLanguage\":\"es\",\"potentialAction\":[{\"@type\":\"ReadAction\",\"target\":[\"https:\\\/\\\/freeman-freeman.com\\\/reseda-car-accident-lawyer\\\/\"]}]},{\"@type\":\"ImageObject\",\"inLanguage\":\"es\",\"@id\":\"https:\\\/\\\/freeman-freeman.com\\\/reseda-car-accident-lawyer\\\/#primaryimage\",\"url\":\"https:\\\/\\\/freeman-freeman.com\\\/wp-content\\\/uploads\\\/2024\\\/10\\\/top-reseda-car-accident-lawyer.webp\",\"contentUrl\":\"https:\\\/\\\/freeman-freeman.com\\\/wp-content\\\/uploads\\\/2024\\\/10\\\/top-reseda-car-accident-lawyer.webp\"},{\"@type\":\"WebSite\",\"@id\":\"https:\\\/\\\/freeman-freeman.com\\\/#website\",\"url\":\"https:\\\/\\\/freeman-freeman.com\\\/\",\"name\":\"Freeman &amp; Freeman, LLP\",\"description\":\"\",\"publisher\":{\"@id\":\"https:\\\/\\\/freeman-freeman.com\\\/#organization\"},\"potentialAction\":[{\"@type\":\"SearchAction\",\"target\":{\"@type\":\"EntryPoint\",\"urlTemplate\":\"https:\\\/\\\/freeman-freeman.com\\\/?s={search_term_string}\"},\"query-input\":{\"@type\":\"PropertyValueSpecification\",\"valueRequired\":true,\"valueName\":\"search_term_string\"}}],\"inLanguage\":\"es\"},{\"@type\":\"Organization\",\"@id\":\"https:\\\/\\\/freeman-freeman.com\\\/#organization\",\"name\":\"Freeman & Freeman, LLP\",\"url\":\"https:\\\/\\\/freeman-freeman.com\\\/\",\"logo\":{\"@type\":\"ImageObject\",\"inLanguage\":\"es\",\"@id\":\"https:\\\/\\\/freeman-freeman.com\\\/#\\\/schema\\\/logo\\\/image\\\/\",\"url\":\"https:\\\/\\\/freeman-freeman.com\\\/wp-content\\\/uploads\\\/2024\\\/01\\\/logo.jpg\",\"contentUrl\":\"https:\\\/\\\/freeman-freeman.com\\\/wp-content\\\/uploads\\\/2024\\\/01\\\/logo.jpg\",\"width\":674,\"height\":104,\"caption\":\"Freeman & Freeman, LLP\"},\"image\":{\"@id\":\"https:\\\/\\\/freeman-freeman.com\\\/#\\\/schema\\\/logo\\\/image\\\/\"},\"sameAs\":[\"https:\\\/\\\/www.facebook.com\\\/FreemanFreemanLaw\",\"https:\\\/\\\/x.com\\\/FreemanFreeman1\",\"https:\\\/\\\/www.linkedin.com\\\/company\\\/freeman-freeman-llp\"]}]}<\/script>\n<!-- \/ Yoast SEO plugin. -->","yoast_head_json":{"title":"Reseda Abogado de Accidente de Coche - Consulta Gratuita","description":"Reseda Abogado de Accidente de Coche: Freeman &amp; Freeman, LLP lucha por la m\u00e1xima compensaci\u00f3n para las v\u00edctimas de accidentes automovil\u00edsticos. \u00a1Obtenga representaci\u00f3n legal experta hoy!","robots":{"index":"index","follow":"follow","max-snippet":"max-snippet:-1","max-image-preview":"max-image-preview:large","max-video-preview":"max-video-preview:-1"},"canonical":"https:\/\/freeman-freeman.com\/es\/abogado-de-accidentes-de-coche-en-reseda\/","og_locale":"es_MX","og_type":"article","og_title":"Reseda Car Accident Lawyer - Free Consultation","og_description":"Reseda Car Accident Lawyer: Freeman & Freeman, LLP fights for maximum compensation for car accident victims. Get expert legal representation today!","og_url":"https:\/\/freeman-freeman.com\/es\/abogado-de-accidentes-de-coche-en-reseda\/","og_site_name":"Freeman &amp; Freeman, LLP","article_publisher":"https:\/\/www.facebook.com\/FreemanFreemanLaw","article_modified_time":"2024-10-24T08:41:28+00:00","og_image":[{"width":800,"height":400,"url":"https:\/\/freeman-freeman.com\/wp-content\/uploads\/2024\/10\/top-reseda-car-accident-lawyer.webp","type":"image\/webp"}],"twitter_card":"summary_large_image","twitter_site":"@FreemanFreeman1","twitter_misc":{"Tiempo de lectura":"10 minutos"},"schema":{"@context":"https:\/\/schema.org","@graph":[{"@type":"WebPage","@id":"https:\/\/freeman-freeman.com\/reseda-car-accident-lawyer\/","url":"https:\/\/freeman-freeman.com\/reseda-car-accident-lawyer\/","name":"Reseda Abogado de Accidente de Coche - Consulta Gratuita","isPartOf":{"@id":"https:\/\/freeman-freeman.com\/#website"},"primaryImageOfPage":{"@id":"https:\/\/freeman-freeman.com\/reseda-car-accident-lawyer\/#primaryimage"},"image":{"@id":"https:\/\/freeman-freeman.com\/reseda-car-accident-lawyer\/#primaryimage"},"thumbnailUrl":"https:\/\/freeman-freeman.com\/wp-content\/uploads\/2024\/10\/top-reseda-car-accident-lawyer.webp","datePublished":"2024-10-22T15:04:57+00:00","dateModified":"2024-10-24T08:41:28+00:00","description":"Reseda Abogado de Accidente de Coche: Freeman &amp; Freeman, LLP lucha por la m\u00e1xima compensaci\u00f3n para las v\u00edctimas de accidentes automovil\u00edsticos. \u00a1Obtenga representaci\u00f3n legal experta hoy!","inLanguage":"es","potentialAction":[{"@type":"ReadAction","target":["https:\/\/freeman-freeman.com\/reseda-car-accident-lawyer\/"]}]},{"@type":"ImageObject","inLanguage":"es","@id":"https:\/\/freeman-freeman.com\/reseda-car-accident-lawyer\/#primaryimage","url":"https:\/\/freeman-freeman.com\/wp-content\/uploads\/2024\/10\/top-reseda-car-accident-lawyer.webp","contentUrl":"https:\/\/freeman-freeman.com\/wp-content\/uploads\/2024\/10\/top-reseda-car-accident-lawyer.webp"},{"@type":"WebSite","@id":"https:\/\/freeman-freeman.com\/#website","url":"https:\/\/freeman-freeman.com\/","name":"Freeman &amp; Freeman, LLP","description":"","publisher":{"@id":"https:\/\/freeman-freeman.com\/#organization"},"potentialAction":[{"@type":"SearchAction","target":{"@type":"EntryPoint","urlTemplate":"https:\/\/freeman-freeman.com\/?s={search_term_string}"},"query-input":{"@type":"PropertyValueSpecification","valueRequired":true,"valueName":"search_term_string"}}],"inLanguage":"es"},{"@type":"Organization","@id":"https:\/\/freeman-freeman.com\/#organization","name":"Freeman &amp; Freeman, LLP","url":"https:\/\/freeman-freeman.com\/","logo":{"@type":"ImageObject","inLanguage":"es","@id":"https:\/\/freeman-freeman.com\/#\/schema\/logo\/image\/","url":"https:\/\/freeman-freeman.com\/wp-content\/uploads\/2024\/01\/logo.jpg","contentUrl":"https:\/\/freeman-freeman.com\/wp-content\/uploads\/2024\/01\/logo.jpg","width":674,"height":104,"caption":"Freeman & Freeman, LLP"},"image":{"@id":"https:\/\/freeman-freeman.com\/#\/schema\/logo\/image\/"},"sameAs":["https:\/\/www.facebook.com\/FreemanFreemanLaw","https:\/\/x.com\/FreemanFreeman1","https:\/\/www.linkedin.com\/company\/freeman-freeman-llp"]}]}},"_links":{"self":[{"href":"https:\/\/freeman-freeman.com\/es\/wp-json\/wp\/v2\/pages\/2917","targetHints":{"allow":["GET"]}}],"collection":[{"href":"https:\/\/freeman-freeman.com\/es\/wp-json\/wp\/v2\/pages"}],"about":[{"href":"https:\/\/freeman-freeman.com\/es\/wp-json\/wp\/v2\/types\/page"}],"author":[{"embeddable":true,"href":"https:\/\/freeman-freeman.com\/es\/wp-json\/wp\/v2\/users\/1"}],"replies":[{"embeddable":true,"href":"https:\/\/freeman-freeman.com\/es\/wp-json\/wp\/v2\/comments?post=2917"}],"version-history":[{"count":8,"href":"https:\/\/freeman-freeman.com\/es\/wp-json\/wp\/v2\/pages\/2917\/revisions"}],"predecessor-version":[{"id":2944,"href":"https:\/\/freeman-freeman.com\/es\/wp-json\/wp\/v2\/pages\/2917\/revisions\/2944"}],"wp:attachment":[{"href":"https:\/\/freeman-freeman.com\/es\/wp-json\/wp\/v2\/media?parent=2917"}],"curies":[{"name":"wp","href":"https:\/\/api.w.org\/{rel}","templated":true}]}}