{"id":2978,"date":"2025-01-02T09:10:13","date_gmt":"2025-01-02T09:10:13","guid":{"rendered":"https:\/\/freeman-freeman.com\/?page_id=2978"},"modified":"2025-01-02T09:13:58","modified_gmt":"2025-01-02T09:13:58","slug":"sherman-oaks-abogado-de-accidente-de-coche","status":"publish","type":"page","link":"https:\/\/freeman-freeman.com\/es\/sherman-oaks-car-accident-lawyer\/","title":{"rendered":"Sherman Oaks Abogado de Accidente de Coche"},"content":{"rendered":"<div class=\"abt-img\"><img loading=\"lazy\" decoding=\"async\" class=\"alignnone wp-image-2985 size-full\" title=\"mejor abogado de accidente de coche sherman oaks\" src=\"https:\/\/freeman-freeman.com\/wp-content\/uploads\/2025\/01\/best-sherman-oaks-car-accident-lawyer.webp\" alt=\"mejor abogado de accidente de coche sherman oaks\" width=\"800\" height=\"400\" srcset=\"https:\/\/freeman-freeman.com\/wp-content\/uploads\/2025\/01\/best-sherman-oaks-car-accident-lawyer.webp 800w, https:\/\/freeman-freeman.com\/wp-content\/uploads\/2025\/01\/best-sherman-oaks-car-accident-lawyer-300x150.webp 300w, https:\/\/freeman-freeman.com\/wp-content\/uploads\/2025\/01\/best-sherman-oaks-car-accident-lawyer-768x384.webp 768w, https:\/\/freeman-freeman.com\/wp-content\/uploads\/2025\/01\/best-sherman-oaks-car-accident-lawyer-18x9.webp 18w\" sizes=\"auto, (max-width: 800px) 100vw, 800px\" \/><\/div>\n<h2>Sherman Oaks Abogado de Accidente de Coche<\/h2>\n<p>Un accidente de tr\u00e1fico puede hacer que usted o un ser querido se sientan abrumados por el aumento de las facturas m\u00e9dicas, el dolor y el sufrimiento, e incluso la p\u00e9rdida de salarios de su trabajo. Usted podr\u00eda tener derecho a los da\u00f1os sufridos en el accidente. A <strong>abogado experto en accidentes de coche en Sherman Oaks<\/strong> puede abogar por su recuperaci\u00f3n y asegurarse de que los costes para seguir adelante con su vida no salgan de su propio bolsillo. Si usted ha sido herido en un accidente, un abogado puede hacer un mundo de diferencia.<\/p>\n<h2>\u00bfQu\u00e9 tipo de casos suele llevar un abogado de lesiones personales?<\/h2>\n<p>Cuando contrate a un <a href=\"https:\/\/freeman-freeman.com\/es\/abogado-de-lesiones-personales-en-sherman-oaks\/\">Sherman Oaks abogado de lesiones personales<\/a>Es importante tener en cuenta su experiencia jur\u00eddica en casos similares al suyo.<\/p>\n<p><strong>Un abogado civilista suele ocuparse de una amplia variedad de asuntos, entre ellos:<\/strong><\/p>\n<ul>\n<li>Accidentes de tr\u00e1fico<\/li>\n<li>Accidentes de autob\u00fas<\/li>\n<li>Incidentes con motocicletas y bicicletas<\/li>\n<li>Accidentes de peatones<\/li>\n<li>Accidentes de trenes y camiones<\/li>\n<li>Accidentes con e-scooters<\/li>\n<li>Reclamaciones generales por da\u00f1os personales<\/li>\n<li>Lesiones catastr\u00f3ficas<\/li>\n<li>Demandas por homicidio culposo<\/li>\n<li>Lesiones medulares<\/li>\n<li>Accidentes con veh\u00edculos compartidos (Uber, Lyft, etc.)<\/li>\n<li>Accidentes en piscinas<\/li>\n<\/ul>\n<p>Un abogado puede dedicar mucho tiempo a conocer los hechos de la reclamaci\u00f3n de cada cliente. A continuaci\u00f3n, puede centrarse en las necesidades individuales de un cliente y sus objetivos de recuperaci\u00f3n. Un abogado experto puede adoptar una estrategia legal personalizada para cada caso y aspirar a la m\u00e1xima recuperaci\u00f3n para cada cliente que representa.<\/p>\n<h2>\u00bfPuedo reclamar una indemnizaci\u00f3n aunque haya tenido parte de culpa en mi propio accidente de tr\u00e1fico?<\/h2>\n<p>S\u00ed, usted puede recuperar la compensaci\u00f3n en los casos de California, incluso cuando se determina que ha sido parcialmente culpable de un accidente de lesiones personales. Por lo tanto, si un juez o un jurado decide que usted comparte una parte de la culpa de su accidente, cualquier indemnizaci\u00f3n concedida restar\u00e1 esa parte de culpa para tener en cuenta su culpa.<\/p>\n<p>Un abogado local con experiencia puede ayudarle a decidir si usted comparte potencialmente la responsabilidad de su accidente. Un abogado tambi\u00e9n puede ayudarle a protegerse de acusaciones infundadas si alguien argumenta que, de hecho, comparten la culpa de un accidente.<\/p>\n<h2>\u00bfCu\u00e1l es el plazo para presentar una demanda por lesiones personales?<\/h2>\n<p>En California, el plazo de prescripci\u00f3n para interponer una demanda por un accidente con lesiones personales suele ser el siguiente <a href=\"https:\/\/leginfo.legislature.ca.gov\/faces\/codes_displayexpandedbranch.xhtml?tocCode=CCP&amp;division=&amp;title=2.&amp;part=2.&amp;chapter=&amp;article=\" target=\"_blank\" rel=\"noopener\">dos a\u00f1os desde que ocurri\u00f3 el accidente<\/a>. Hay algunas excepciones al plazo para presentar una demanda, dependiendo de las circunstancias de cada caso.<\/p>\n<p>Como ejemplo, si una lesi\u00f3n no era inmediatamente obvio inmediatamente despu\u00e9s de un accidente, el plazo de prescripci\u00f3n podr\u00eda, de hecho, comenzar en la fecha en que la lesi\u00f3n fue descubierta por primera vez o desde la fecha en que razonablemente deber\u00eda haber sido descubierto. Hay algunas otras distinciones de plazo y matices a la ley de California, y consultando a un abogado bien informado de California puede ayudar a asegurar que usted no pierda ningunos plazos para archivar su demanda de Sherman Oaks.<\/p>\n<h2>\u00bfC\u00f3mo puedo ganar mi demanda por lesiones personales en Sherman Oaks?<\/h2>\n<p>Por lo general, tendr\u00e1 que trabajar con un abogado para identificar a la parte responsable de causar las lesiones sufridas. Entonces, un abogado puede argumentar que los da\u00f1os fueron sufridos s\u00f3lo como resultado directo de las acciones directas de otra parte o negligencia. Un abogado puede reunir pruebas pertinentes acerca de los da\u00f1os sufridos y puede ayudar a argumentar la negligencia de otra persona o la falta de uso de cuidado razonable condujo al accidente.<\/p>\n<p>Solicitar la recuperaci\u00f3n total de cualquier p\u00e9rdida econ\u00f3mica, que normalmente incluye la recuperaci\u00f3n financiera de las facturas m\u00e9dicas, el dolor y el sufrimiento, los da\u00f1os a la propiedad y los salarios perdidos. A veces, su abogado puede argumentar que usted tiene derecho a otros da\u00f1os en algunas circunstancias.<\/p>\n<p>Los abogados bien informados pueden abordar todas las posibles opciones de recuperaci\u00f3n con usted, incluso si las circunstancias de su caso parecen ser bastante sencillas. P\u00f3ngase en contacto con un abogado con experiencia en lesiones personales de Sherman Oaks para discutir su reclamo en particular.<\/p>\n<h2>\u00bfCu\u00e1nto vale mi caso de accidente de coche en Sherman Oaks?<\/h2>\n<p>El valor de su indemnizaci\u00f3n suele depender de la gravedad de sus lesiones. Por lo general, cuanto m\u00e1s graves sean las lesiones, mayor ser\u00e1 el valor del caso. <strong>Naturalmente, hay muchos factores que afectan al valor del caso, entre ellos:<\/strong><\/p>\n<ul>\n<li>Si su capacidad laboral se vio afectada por el accidente (temporal o permanentemente).<\/li>\n<li>El alcance de los da\u00f1os materiales del accidente.<\/li>\n<li>C\u00f3mo afectaron el accidente y los da\u00f1os a su estado emocional.<\/li>\n<\/ul>\n<p>Un abogado con experiencia puede ayudarle a obtener una recuperaci\u00f3n financiera completa y abordar exhaustivamente el valor de su caso.<\/p>\n<h2>\u00bfQu\u00e9 debo hacer despu\u00e9s de un accidente de coche en Sherman Oaks?<\/h2>\n<p><strong>Tras un accidente, puede ayudar a recuperar la indemnizaci\u00f3n:<\/strong><\/p>\n<ul>\n<li>Permanecer en el lugar de los hechos pero trasladarse (y trasladar su veh\u00edculo si es posible) a una parte segura de la calzada.<\/li>\n<li>Intercambiar seguros e informaci\u00f3n de contacto sin pedir disculpas a ninguna de las partes implicadas ni admitir la culpa ante ninguna de las fuerzas del orden que respondieron.<\/li>\n<li>Ponerse en contacto con la polic\u00eda en caso de lesiones, ya que un agente realizar\u00e1 una investigaci\u00f3n preliminar y redactar\u00e1 un parte policial de accidente.<\/li>\n<li>Obtener la atenci\u00f3n m\u00e9dica necesaria.<\/li>\n<\/ul>\n<p>Adem\u00e1s, no debe facilitar una declaraci\u00f3n grabada y dirija todos los contactos a su abogado, que puede ocuparse de todas las partes de una reclamaci\u00f3n por accidente en su nombre.<\/p>\n<p>Si usted o un ser querido est\u00e1 involucrado en un accidente, es crucial ponerse en contacto con un abogado de inmediato.<\/p>\n<h2>\u00bfCu\u00e1nto cuesta contratar a un abogado para mi accidente de coche?<\/h2>\n<p>La mayor\u00eda de los abogados de accidentes de coche de California trabajan en su caso sobre una base de honorarios de contingencia, lo que significa que s\u00f3lo paga si ganan su caso y recuperar los da\u00f1os \/ indemnizaci\u00f3n en su nombre. <strong>Hay factores que afectan a los costes de contratar a un abogado, entre ellos:<\/strong><\/p>\n<ul>\n<li>El nivel de experiencia del abogado.<\/li>\n<li>Si el caso va a juicio en un tribunal de California.<\/li>\n<li>La complejidad del caso.<\/li>\n<li>Cu\u00e1nto tiempo puede dedicar el abogado al caso.<\/li>\n<\/ul>\n<p>Con un asunto de contingencia, por lo general no hay ning\u00fan costo por adelantado que se espera que pague por la representaci\u00f3n legal, y el abogado asume todos los riesgos financieros asociados con llevar su caso a la resoluci\u00f3n. Por lo general, s\u00f3lo pagar\u00e1 a su abogado cuando negocien un acuerdo. <a href=\"https:\/\/freeman-freeman.com\/es\/blog\/indemnizacion-media-por-accidente-de-trafico-en-california\/\">importe de liquidaci\u00f3n<\/a> o si obtienen un resultado a su favor en el juicio.<\/p>\n<h2>\u00bfC\u00f3mo puede un abogado de Sherman Oaks abogar por m\u00ed?<\/h2>\n<p>Un abogado puede ser un recurso inestimable a la hora de navegar por el sistema legal con una reclamaci\u00f3n por lesiones personales. <strong>Un abogado puede luchar por usted:<\/strong><\/p>\n<ul>\n<li>Investigar diligentemente las circunstancias de su accidente concreto.<\/li>\n<li>Consultar a especialistas para elaborar un caso completo.<\/li>\n<li>Negociar con las compa\u00f1\u00edas de seguros y los peritos para garantizar que reciba una indemnizaci\u00f3n significativamente mayor.<\/li>\n<li>Abordar cualquier argumento de que usted podr\u00eda compartir cualquier culpa por el accidente subyacente.<\/li>\n<li>Representarle ante los tribunales si las negociaciones de conciliaci\u00f3n no resuelven totalmente la reclamaci\u00f3n.<\/li>\n<\/ul>\n<h2>Un abogado de lesiones personales de Sherman Oaks puede discutir sus circunstancias espec\u00edficas<\/h2>\n<p>Un abogado puede asesorarle sobre las implicaciones de las medidas que est\u00e1 considerando, adem\u00e1s de abordar todas las posibilidades de recuperaci\u00f3n disponibles en su caso. P\u00f3ngase en contacto con un abogado con experiencia en lesiones personales para entender sus opciones y proteger plenamente su recuperaci\u00f3n.<\/p>\n<h2>Sherman Oaks accidente de coche FAQs<\/h2>\n<h3>P: \u00bfCu\u00e1l es la diferencia entre abogado y procurador en California?<\/h3>\n<p><strong>A:<\/strong> En California, hay una distinci\u00f3n entre un abogado y un procurador. Principalmente, un abogado tiene una licencia v\u00e1lida para ejercer la abogac\u00eda y puede representar a clientes en los tribunales de California.<\/p>\n<p>Por otra parte, un abogado es un licenciado en Derecho que no necesariamente est\u00e1 habilitado para ejercer la abogac\u00eda, ya que puede no haber aprobado el examen del Colegio de Abogados de California. Por lo tanto, aunque todos los abogados son abogados, no todos los abogados son letrados.<\/p>\n<h3>P: \u00bfQu\u00e9 causa la mayor\u00eda de los accidentes de coche en Sherman Oaks?<\/h3>\n<p><strong>A:<\/strong> La negligencia es la principal causa de accidentes en <a href=\"https:\/\/en.wikipedia.org\/wiki\/Sherman_Oaks,_Los_Angeles\" target=\"_blank\" rel=\"noopener\">Sherman Oaks<\/a>. Esto significa que alguien ten\u00eda la obligaci\u00f3n legal de actuar de una determinada manera, pero no lo hizo. Debido a ello, otra persona result\u00f3 perjudicada. Los accidentes son causados por exceso de velocidad, no ceder el paso, rabia al volante, conducci\u00f3n cansada, conducci\u00f3n distra\u00edda, ir a rebufo e ignorar las leyes de tr\u00e1fico.<\/p>\n<p>Para demostrar la negligencia en California, debe probar que otra parte ten\u00eda un deber de cuidado, luego lo incumpli\u00f3, lo que caus\u00f3 da\u00f1os.<\/p>\n<h3>P: \u00bfQu\u00e9 tipos de indemnizaci\u00f3n hay por lesiones en accidente de tr\u00e1fico?<\/h3>\n<p><strong>A:<\/strong> En California, usted puede reclamar da\u00f1os econ\u00f3micos y no econ\u00f3micos. Los da\u00f1os econ\u00f3micos deben compensar los gastos de un accidente, incluidas las facturas m\u00e9dicas, la rehabilitaci\u00f3n y la terapia, y la p\u00e9rdida de ingresos. Los da\u00f1os no econ\u00f3micos deben compensar las lesiones que son dif\u00edciles de determinar, como la angustia emocional y mental, la depresi\u00f3n y la p\u00e9rdida de la alegr\u00eda de vivir.<\/p>\n<p>Estos ejemplos de da\u00f1os y perjuicios no son exhaustivos y un abogado puede abordar m\u00e1s a fondo la recuperaci\u00f3n potencial. Mientras tanto, tomar tiempo para documentar las lesiones puede ayudar a maximizar la recuperaci\u00f3n.<\/p>\n<h3>P: \u00bfQui\u00e9n puede ser responsable de mis lesiones por accidente de tr\u00e1fico?<\/h3>\n<p><strong>A:<\/strong> Las partes potencialmente responsables de sus lesiones por accidente de coche podr\u00edan incluir a cualquier conductor de otros autom\u00f3viles o veh\u00edculos, peatones, ciclistas, motociclistas, operadores de otros tipos de veh\u00edculos, organismos gubernamentales y empresas fabricantes de piezas defectuosas.<\/p>\n<p>Un abogado de Sherman Oaks puede ayudar a investigar cuidadosamente su accidente individual para abordar las causas del accidente y averiguar qui\u00e9n es responsable.<\/p>\n<h2>P\u00f3ngase en contacto con un abogado de Sherman Oaks, CA, con experiencia en el manejo exitoso de casos de accidentes automovil\u00edsticos<\/h2>\n<p>En <a href=\"https:\/\/freeman-freeman.com\/es\/acerca-de\/\">Freeman &amp; Freeman, LLP<\/a>Podemos ayudarle a obtener los resultados m\u00e1s beneficiosos para su accidente de coche. Usted puede sentirse seguro sabiendo que tiene un representante celoso de su lado que puede ayudar a obtener la compensaci\u00f3n que se merece. Nuestro equipo entiende lo abrumador que puede sentirse cuando usted o un ser querido ha sufrido un accidente. <a href=\"https:\/\/freeman-freeman.com\/es\/pongase-en-contacto-con\/\">P\u00f3ngase en contacto con nosotros<\/a> de inmediato para concertar una consulta inicial gratuita o si podemos responder a cualquier pregunta que pueda tener.<\/p>","protected":false},"excerpt":{"rendered":"<p>Sherman Oaks Car Accident Attorney A motor vehicle accident can leave you or a loved one feeling overwhelmed with mounting medical bills, pain and suffering, and even lost wages from your job. You might be entitled to damages suffered in the accident. A skilled Sherman Oaks car accident lawyer can advocate for your recovery and &hellip; <\/p>\n<p class=\"link-more\"><a href=\"https:\/\/freeman-freeman.com\/es\/sherman-oaks-car-accident-lawyer\/\" class=\"more-link\">Seguir leyendo<span class=\"screen-reader-text\"> &#8220;Sherman Oaks Car Accident Lawyer&#8221;<\/span><\/a><\/p>","protected":false},"author":1,"featured_media":0,"parent":0,"menu_order":0,"comment_status":"closed","ping_status":"closed","template":"","meta":{"_acf_changed":false,"footnotes":""},"class_list":["post-2978","page","type-page","status-publish","hentry","entry"],"acf":[],"yoast_head":"<!-- This site is optimized with the Yoast SEO plugin v27.3 - https:\/\/yoast.com\/product\/yoast-seo-wordpress\/ -->\n<title>Sherman Oaks Car Accident Lawyer - Free Consultation<\/title>\n<meta name=\"description\" content=\"Sherman Oaks Car Accident Lawyer: Freeman &amp; Freeman, LLP fights for maximum compensation for car accident victims in Sherman Oaks.\" \/>\n<meta name=\"robots\" content=\"index, follow, max-snippet:-1, max-image-preview:large, max-video-preview:-1\" \/>\n<link rel=\"canonical\" href=\"https:\/\/freeman-freeman.com\/es\/sherman-oaks-abogado-de-accidente-de-coche\/\" \/>\n<meta property=\"og:locale\" content=\"es_MX\" \/>\n<meta property=\"og:type\" content=\"article\" \/>\n<meta property=\"og:title\" content=\"Sherman Oaks Car Accident Lawyer - Free Consultation\" \/>\n<meta property=\"og:description\" content=\"Sherman Oaks Car Accident Lawyer: Freeman &amp; Freeman, LLP fights for maximum compensation for car accident victims in Sherman Oaks.\" \/>\n<meta property=\"og:url\" content=\"https:\/\/freeman-freeman.com\/es\/sherman-oaks-abogado-de-accidente-de-coche\/\" \/>\n<meta property=\"og:site_name\" content=\"Freeman &amp; Freeman, LLP\" \/>\n<meta property=\"article:publisher\" content=\"https:\/\/www.facebook.com\/FreemanFreemanLaw\" \/>\n<meta property=\"article:modified_time\" content=\"2025-01-02T09:13:58+00:00\" \/>\n<meta property=\"og:image\" content=\"https:\/\/freeman-freeman.com\/wp-content\/uploads\/2025\/01\/best-sherman-oaks-car-accident-lawyer.webp\" \/>\n\t<meta property=\"og:image:width\" content=\"800\" \/>\n\t<meta property=\"og:image:height\" content=\"400\" \/>\n\t<meta property=\"og:image:type\" content=\"image\/webp\" \/>\n<meta name=\"twitter:card\" content=\"summary_large_image\" \/>\n<meta name=\"twitter:site\" content=\"@FreemanFreeman1\" \/>\n<meta name=\"twitter:label1\" content=\"Tiempo de lectura\" \/>\n\t<meta name=\"twitter:data1\" content=\"7 minutos\" \/>\n<script type=\"application\/ld+json\" class=\"yoast-schema-graph\">{\"@context\":\"https:\\\/\\\/schema.org\",\"@graph\":[{\"@type\":\"WebPage\",\"@id\":\"https:\\\/\\\/freeman-freeman.com\\\/sherman-oaks-car-accident-lawyer\\\/\",\"url\":\"https:\\\/\\\/freeman-freeman.com\\\/sherman-oaks-car-accident-lawyer\\\/\",\"name\":\"Sherman Oaks Car Accident Lawyer - Free Consultation\",\"isPartOf\":{\"@id\":\"https:\\\/\\\/freeman-freeman.com\\\/#website\"},\"primaryImageOfPage\":{\"@id\":\"https:\\\/\\\/freeman-freeman.com\\\/sherman-oaks-car-accident-lawyer\\\/#primaryimage\"},\"image\":{\"@id\":\"https:\\\/\\\/freeman-freeman.com\\\/sherman-oaks-car-accident-lawyer\\\/#primaryimage\"},\"thumbnailUrl\":\"https:\\\/\\\/freeman-freeman.com\\\/wp-content\\\/uploads\\\/2025\\\/01\\\/best-sherman-oaks-car-accident-lawyer.webp\",\"datePublished\":\"2025-01-02T09:10:13+00:00\",\"dateModified\":\"2025-01-02T09:13:58+00:00\",\"description\":\"Sherman Oaks Car Accident Lawyer: Freeman & Freeman, LLP fights for maximum compensation for car accident victims in Sherman Oaks.\",\"inLanguage\":\"es\",\"potentialAction\":[{\"@type\":\"ReadAction\",\"target\":[\"https:\\\/\\\/freeman-freeman.com\\\/sherman-oaks-car-accident-lawyer\\\/\"]}]},{\"@type\":\"ImageObject\",\"inLanguage\":\"es\",\"@id\":\"https:\\\/\\\/freeman-freeman.com\\\/sherman-oaks-car-accident-lawyer\\\/#primaryimage\",\"url\":\"https:\\\/\\\/freeman-freeman.com\\\/wp-content\\\/uploads\\\/2025\\\/01\\\/best-sherman-oaks-car-accident-lawyer.webp\",\"contentUrl\":\"https:\\\/\\\/freeman-freeman.com\\\/wp-content\\\/uploads\\\/2025\\\/01\\\/best-sherman-oaks-car-accident-lawyer.webp\"},{\"@type\":\"WebSite\",\"@id\":\"https:\\\/\\\/freeman-freeman.com\\\/#website\",\"url\":\"https:\\\/\\\/freeman-freeman.com\\\/\",\"name\":\"Freeman &amp; Freeman, LLP\",\"description\":\"\",\"publisher\":{\"@id\":\"https:\\\/\\\/freeman-freeman.com\\\/#organization\"},\"potentialAction\":[{\"@type\":\"SearchAction\",\"target\":{\"@type\":\"EntryPoint\",\"urlTemplate\":\"https:\\\/\\\/freeman-freeman.com\\\/?s={search_term_string}\"},\"query-input\":{\"@type\":\"PropertyValueSpecification\",\"valueRequired\":true,\"valueName\":\"search_term_string\"}}],\"inLanguage\":\"es\"},{\"@type\":\"Organization\",\"@id\":\"https:\\\/\\\/freeman-freeman.com\\\/#organization\",\"name\":\"Freeman & Freeman, LLP\",\"url\":\"https:\\\/\\\/freeman-freeman.com\\\/\",\"logo\":{\"@type\":\"ImageObject\",\"inLanguage\":\"es\",\"@id\":\"https:\\\/\\\/freeman-freeman.com\\\/#\\\/schema\\\/logo\\\/image\\\/\",\"url\":\"https:\\\/\\\/freeman-freeman.com\\\/wp-content\\\/uploads\\\/2024\\\/01\\\/logo.jpg\",\"contentUrl\":\"https:\\\/\\\/freeman-freeman.com\\\/wp-content\\\/uploads\\\/2024\\\/01\\\/logo.jpg\",\"width\":674,\"height\":104,\"caption\":\"Freeman & Freeman, LLP\"},\"image\":{\"@id\":\"https:\\\/\\\/freeman-freeman.com\\\/#\\\/schema\\\/logo\\\/image\\\/\"},\"sameAs\":[\"https:\\\/\\\/www.facebook.com\\\/FreemanFreemanLaw\",\"https:\\\/\\\/x.com\\\/FreemanFreeman1\",\"https:\\\/\\\/www.linkedin.com\\\/company\\\/freeman-freeman-llp\"]}]}<\/script>\n<!-- \/ Yoast SEO plugin. -->","yoast_head_json":{"title":"Sherman Oaks Abogado de Accidente de Coche - Consulta Gratuita","description":"Sherman Oaks Abogado de Accidente de Coche: Freeman &amp; Freeman, LLP lucha por la m\u00e1xima compensaci\u00f3n para las v\u00edctimas de accidentes automovil\u00edsticos en Sherman Oaks.","robots":{"index":"index","follow":"follow","max-snippet":"max-snippet:-1","max-image-preview":"max-image-preview:large","max-video-preview":"max-video-preview:-1"},"canonical":"https:\/\/freeman-freeman.com\/es\/sherman-oaks-abogado-de-accidente-de-coche\/","og_locale":"es_MX","og_type":"article","og_title":"Sherman Oaks Car Accident Lawyer - Free Consultation","og_description":"Sherman Oaks Car Accident Lawyer: Freeman & Freeman, LLP fights for maximum compensation for car accident victims in Sherman Oaks.","og_url":"https:\/\/freeman-freeman.com\/es\/sherman-oaks-abogado-de-accidente-de-coche\/","og_site_name":"Freeman &amp; Freeman, LLP","article_publisher":"https:\/\/www.facebook.com\/FreemanFreemanLaw","article_modified_time":"2025-01-02T09:13:58+00:00","og_image":[{"width":800,"height":400,"url":"https:\/\/freeman-freeman.com\/wp-content\/uploads\/2025\/01\/best-sherman-oaks-car-accident-lawyer.webp","type":"image\/webp"}],"twitter_card":"summary_large_image","twitter_site":"@FreemanFreeman1","twitter_misc":{"Tiempo de lectura":"7 minutos"},"schema":{"@context":"https:\/\/schema.org","@graph":[{"@type":"WebPage","@id":"https:\/\/freeman-freeman.com\/sherman-oaks-car-accident-lawyer\/","url":"https:\/\/freeman-freeman.com\/sherman-oaks-car-accident-lawyer\/","name":"Sherman Oaks Abogado de Accidente de Coche - Consulta Gratuita","isPartOf":{"@id":"https:\/\/freeman-freeman.com\/#website"},"primaryImageOfPage":{"@id":"https:\/\/freeman-freeman.com\/sherman-oaks-car-accident-lawyer\/#primaryimage"},"image":{"@id":"https:\/\/freeman-freeman.com\/sherman-oaks-car-accident-lawyer\/#primaryimage"},"thumbnailUrl":"https:\/\/freeman-freeman.com\/wp-content\/uploads\/2025\/01\/best-sherman-oaks-car-accident-lawyer.webp","datePublished":"2025-01-02T09:10:13+00:00","dateModified":"2025-01-02T09:13:58+00:00","description":"Sherman Oaks Abogado de Accidente de Coche: Freeman &amp; Freeman, LLP lucha por la m\u00e1xima compensaci\u00f3n para las v\u00edctimas de accidentes automovil\u00edsticos en Sherman Oaks.","inLanguage":"es","potentialAction":[{"@type":"ReadAction","target":["https:\/\/freeman-freeman.com\/sherman-oaks-car-accident-lawyer\/"]}]},{"@type":"ImageObject","inLanguage":"es","@id":"https:\/\/freeman-freeman.com\/sherman-oaks-car-accident-lawyer\/#primaryimage","url":"https:\/\/freeman-freeman.com\/wp-content\/uploads\/2025\/01\/best-sherman-oaks-car-accident-lawyer.webp","contentUrl":"https:\/\/freeman-freeman.com\/wp-content\/uploads\/2025\/01\/best-sherman-oaks-car-accident-lawyer.webp"},{"@type":"WebSite","@id":"https:\/\/freeman-freeman.com\/#website","url":"https:\/\/freeman-freeman.com\/","name":"Freeman &amp; Freeman, LLP","description":"","publisher":{"@id":"https:\/\/freeman-freeman.com\/#organization"},"potentialAction":[{"@type":"SearchAction","target":{"@type":"EntryPoint","urlTemplate":"https:\/\/freeman-freeman.com\/?s={search_term_string}"},"query-input":{"@type":"PropertyValueSpecification","valueRequired":true,"valueName":"search_term_string"}}],"inLanguage":"es"},{"@type":"Organization","@id":"https:\/\/freeman-freeman.com\/#organization","name":"Freeman &amp; Freeman, LLP","url":"https:\/\/freeman-freeman.com\/","logo":{"@type":"ImageObject","inLanguage":"es","@id":"https:\/\/freeman-freeman.com\/#\/schema\/logo\/image\/","url":"https:\/\/freeman-freeman.com\/wp-content\/uploads\/2024\/01\/logo.jpg","contentUrl":"https:\/\/freeman-freeman.com\/wp-content\/uploads\/2024\/01\/logo.jpg","width":674,"height":104,"caption":"Freeman & Freeman, LLP"},"image":{"@id":"https:\/\/freeman-freeman.com\/#\/schema\/logo\/image\/"},"sameAs":["https:\/\/www.facebook.com\/FreemanFreemanLaw","https:\/\/x.com\/FreemanFreeman1","https:\/\/www.linkedin.com\/company\/freeman-freeman-llp"]}]}},"_links":{"self":[{"href":"https:\/\/freeman-freeman.com\/es\/wp-json\/wp\/v2\/pages\/2978","targetHints":{"allow":["GET"]}}],"collection":[{"href":"https:\/\/freeman-freeman.com\/es\/wp-json\/wp\/v2\/pages"}],"about":[{"href":"https:\/\/freeman-freeman.com\/es\/wp-json\/wp\/v2\/types\/page"}],"author":[{"embeddable":true,"href":"https:\/\/freeman-freeman.com\/es\/wp-json\/wp\/v2\/users\/1"}],"replies":[{"embeddable":true,"href":"https:\/\/freeman-freeman.com\/es\/wp-json\/wp\/v2\/comments?post=2978"}],"version-history":[{"count":4,"href":"https:\/\/freeman-freeman.com\/es\/wp-json\/wp\/v2\/pages\/2978\/revisions"}],"predecessor-version":[{"id":2993,"href":"https:\/\/freeman-freeman.com\/es\/wp-json\/wp\/v2\/pages\/2978\/revisions\/2993"}],"wp:attachment":[{"href":"https:\/\/freeman-freeman.com\/es\/wp-json\/wp\/v2\/media?parent=2978"}],"curies":[{"name":"wp","href":"https:\/\/api.w.org\/{rel}","templated":true}]}}