{"id":3031,"date":"2025-03-04T07:21:36","date_gmt":"2025-03-04T07:21:36","guid":{"rendered":"https:\/\/freeman-freeman.com\/?page_id=3031"},"modified":"2025-03-04T07:21:36","modified_gmt":"2025-03-04T07:21:36","slug":"sherman-oaks-resbalon-y-caida-abogado","status":"publish","type":"page","link":"https:\/\/freeman-freeman.com\/es\/sherman-oaks-slip-and-fall-lawyer\/","title":{"rendered":"Sherman Oaks Resbal\u00f3n y Ca\u00edda Abogado"},"content":{"rendered":"<div class=\"abt-img\"><img loading=\"lazy\" decoding=\"async\" class=\"alignnone wp-image-3039 size-full\" title=\"resbal\u00f3n y ca\u00edda abogado sherman oaks\" src=\"https:\/\/freeman-freeman.com\/wp-content\/uploads\/2025\/03\/slip-and-fall-lawyer-sherman-oaks.webp\" alt=\"resbal\u00f3n y ca\u00edda abogado sherman oaks\" width=\"800\" height=\"400\" srcset=\"https:\/\/freeman-freeman.com\/wp-content\/uploads\/2025\/03\/slip-and-fall-lawyer-sherman-oaks.webp 800w, https:\/\/freeman-freeman.com\/wp-content\/uploads\/2025\/03\/slip-and-fall-lawyer-sherman-oaks-300x150.webp 300w, https:\/\/freeman-freeman.com\/wp-content\/uploads\/2025\/03\/slip-and-fall-lawyer-sherman-oaks-768x384.webp 768w, https:\/\/freeman-freeman.com\/wp-content\/uploads\/2025\/03\/slip-and-fall-lawyer-sherman-oaks-18x9.webp 18w\" sizes=\"auto, (max-width: 800px) 100vw, 800px\" \/><\/div>\n<h2>Sherman Oaks Resbal\u00f3n y Ca\u00edda Abogado<\/h2>\n<p>Sufrir un resbal\u00f3n y una ca\u00edda puede provocar lesiones f\u00edsicas graves. Nadie puede predecir cu\u00e1ndo puede ocurrir un accidente. Sin embargo, podr\u00eda ser posible responsabilizar a una parte si sus acciones negligentes o intencionadas provocaron un accidente que caus\u00f3 tus lesiones. <strong>Hablar con un abogado de resbalones y ca\u00eddas de Sherman Oaks<\/strong> puede ayudarle a aclarar sus opciones legales.<\/p>\n<p>Durante m\u00e1s de tres d\u00e9cadas, Freeman &amp; Freeman, LLP, ha ayudado a clientes a recibir la compensaci\u00f3n a la que tienen derecho despu\u00e9s de un accidente. Nuestro equipo compasivo trabaja diligentemente en su caso de lesiones personales para que pueda centrarse en la curaci\u00f3n. A S<a href=\"https:\/\/freeman-freeman.com\/es\/abogado-de-lesiones-personales-en-sherman-oaks\/\">herman Oaks abogado de lesiones personales<\/a> de nuestro equipo puede ayudarle.<\/p>\n<h2>Pasos a seguir tras un accidente por resbal\u00f3n y ca\u00edda<\/h2>\n<p>Si usted o un ser querido ha sufrido lesiones tras un accidente por resbal\u00f3n y ca\u00edda, es posible que no sepa qu\u00e9 pasos dar.<\/p>\n<p><strong>A continuaci\u00f3n se indican algunas medidas que puede considerar tras un accidente.<\/strong><\/p>\n<ul>\n<li><strong>Busque atenci\u00f3n m\u00e9dica:<\/strong> Debe buscar atenci\u00f3n m\u00e9dica inmediata si ha sufrido lesiones graves por un resbal\u00f3n o una ca\u00edda. Es posible que no note lesiones importantes por un resbal\u00f3n y ca\u00edda hasta horas o d\u00edas despu\u00e9s.<\/li>\n<li><strong>Consulte a un abogado:<\/strong> Para quienes han sufrido lesiones tras un resbal\u00f3n y ca\u00edda, puede ser posible obtener una indemnizaci\u00f3n por gastos m\u00e9dicos y p\u00e9rdida de salarios. Se aconseja consultar a un abogado especializado en lesiones personales que pueda evaluar su caso y discutir las opciones para recuperar los da\u00f1os.<\/li>\n<li><strong>Presentar una reclamaci\u00f3n al seguro:<\/strong> En muchos casos, puede presentar una reclamaci\u00f3n a su compa\u00f1\u00eda de seguros para cubrir los gastos m\u00e9dicos relacionados con su accidente. Si el accidente se produjo en el trabajo, es posible que tenga cubiertos los salarios a trav\u00e9s de la compensaci\u00f3n de los trabajadores.<\/li>\n<li><strong>Presentar una demanda por da\u00f1os personales:<\/strong> Un abogado puede recomendar seguir un caso civil si hay pruebas suficientes para demostrar que las acciones de otro condujeron al accidente y que sus lesiones fueron el resultado del accidente.<\/li>\n<\/ul>\n<h2>Reclamaciones por da\u00f1os personales en California<\/h2>\n<p>Dependiendo de los detalles del accidente, una persona que ha sufrido lesiones por un resbal\u00f3n y ca\u00edda puede tener motivos para actuar contra otra persona o una empresa. El \u00e9xito de una demanda por lesiones personales depende de su capacidad para demostrar que sus lesiones se produjeron como consecuencia de un accidente causado por la negligencia de otra persona o como resultado de una acci\u00f3n intencionada, como una agresi\u00f3n o una lesi\u00f3n.<\/p>\n<p>La negligencia se puede probar a trav\u00e9s de la responsabilidad de las premisas. Bajo la ley de California, un propietario, ya sea un residente o un negocio, puede ser considerado responsable de una lesi\u00f3n en su propiedad si es resultado de su negligencia. Por ejemplo, dejar escombros en una v\u00eda p\u00fablica en una obra en construcci\u00f3n o no quitar la nieve de un porche podr\u00eda constituir negligencia.<\/p>\n<p>Obtener un resultado favorable en un caso de lesiones personales puede dar lugar a una compensaci\u00f3n econ\u00f3mica por los gastos m\u00e9dicos relacionados con sus lesiones f\u00edsicas y para cubrir la p\u00e9rdida de ingresos. Un tribunal tambi\u00e9n puede conceder una indemnizaci\u00f3n por da\u00f1os emocionales o psicol\u00f3gicos.<\/p>\n<h2>Formas en que un abogado especializado en lesiones personales puede ayudarle<\/h2>\n<p>Un abogado de resbal\u00f3n y ca\u00edda de Sherman Oaks de confianza de Freeman &amp; Freeman, LLP, puede proporcionar asesoramiento jur\u00eddico y representaci\u00f3n en su caso de responsabilidad de las premisas.<\/p>\n<p><strong>Pueden ayudar en todas las fases del proceso, incluidas:<\/strong><\/p>\n<ul>\n<li>Revisi\u00f3n de su caso y evaluaci\u00f3n de la viabilidad de una demanda civil.<\/li>\n<li>Determinar la parte culpable apropiada en la reclamaci\u00f3n.<\/li>\n<li>Evaluar la indemnizaci\u00f3n a la que puede tener derecho.<\/li>\n<li>Recopilaci\u00f3n de pruebas, incluidas grabaciones electr\u00f3nicas y testigos, si se dispone de ellos.<\/li>\n<li>Presentar la petici\u00f3n en el condado de California correspondiente dentro del plazo de prescripci\u00f3n.<\/li>\n<li>Negociar un acuerdo con la otra parte.<\/li>\n<li>Representarle ante los tribunales.<\/li>\n<\/ul>\n<p>Un abogado cualificado puede ayudarle a evitar retrasos en su caso, y sabe cu\u00e1ndo es apropiado negociar un acuerdo con la otra parte o si es mejor seguir adelante con el litigio.<\/p>\n<p>Trabajar con un abogado experimentado que tiene a\u00f1os de pr\u00e1ctica ayudando a clientes en Sherman Oaks y otras comunidades en el condado de Los \u00c1ngeles asegurar una compensaci\u00f3n justa por sus lesiones puede ayudarle a lograr el resultado m\u00e1s \u00f3ptimo en su caso.<\/p>\n<h2>Sherman Oaks Resbal\u00f3n y Ca\u00edda FAQs<\/h2>\n<h3>Q: \u00bfCu\u00e1l es el promedio de pago por un resbal\u00f3n y ca\u00edda en Sherman Oaks?<\/h3>\n<p><strong>A:<\/strong> Un pago en un caso de resbal\u00f3n y ca\u00edda en <a href=\"https:\/\/en.wikipedia.org\/wiki\/Sherman_Oaks,_Los_Angeles\" target=\"_blank\" rel=\"noopener\">Sherman Oaks<\/a> var\u00eda en funci\u00f3n de los hechos del caso. Los da\u00f1os compensatorios pueden incluir la cobertura de gastos m\u00e9dicos y p\u00e9rdida de salarios. En ciertos casos, un tribunal puede conceder da\u00f1os y perjuicios por lesiones emocionales y psicol\u00f3gicas. Hablar con un abogado experto en resbalones y ca\u00eddas de California puede arrojar m\u00e1s luz sobre la indemnizaci\u00f3n a la que puede tener derecho.<\/p>\n<h3>P: \u00bfSon dif\u00edciles de ganar los casos de resbalones y ca\u00eddas?<\/h3>\n<p><strong>A:<\/strong> Que un caso de resbal\u00f3n y ca\u00edda sea dif\u00edcil de ganar o no depende de la solidez de las pruebas o de si el demandado es responsable del accidente. Tener \u00e9xito en una demanda por lesiones personales depende de demostrar que sus lesiones se produjeron por un accidente causado por la negligencia o acci\u00f3n intencionada de otra persona. Tambi\u00e9n es necesario demostrar que el demandado era responsable de la seguridad de un local.<\/p>\n<h3>P: \u00bfC\u00f3mo negociar un acuerdo por resbal\u00f3n y ca\u00edda?<\/h3>\n<p><strong>A:<\/strong> Para negociar un acuerdo por resbal\u00f3n y ca\u00edda, se recomienda que trabaje con un abogado de lesiones personales cualificado que haya trabajado en casos similares al suyo. Bas\u00e1ndose en sus a\u00f1os de pr\u00e1ctica, un abogado puede ser capaz de evaluar c\u00f3mo sus lesiones pueden afectar su salud e ingresos a largo plazo y puede presentar adecuadamente esta evidencia en un caso para motivar a la otra parte a llegar a un acuerdo y evitar el litigio.<\/p>\n<h3>P: \u00bfC\u00f3mo funciona un caso de resbal\u00f3n y ca\u00edda?<\/h3>\n<p><strong>A:<\/strong> Un caso de resbal\u00f3n y ca\u00edda puede ser perseguido en un tribunal de California si hay causa para la acci\u00f3n. Un demandante debe ser capaz de demostrar mediante pruebas que sufrieron lesiones de un accidente de resbal\u00f3n y ca\u00edda que fue causada por la negligencia de otro o acci\u00f3n intencional. Una vez que se presenta una petici\u00f3n, un demandante puede ser capaz de recibir un acuerdo a trav\u00e9s de la negociaci\u00f3n, o un juez o un jurado puede concederles una indemnizaci\u00f3n.<\/p>\n<h2>Consulte a un abogado de resbalones y ca\u00eddas de Sherman Oaks para obtener m\u00e1s informaci\u00f3n<\/h2>\n<p>Puede ser frustrante manejar un caso legal mientras se recupera de sus lesiones por un resbal\u00f3n y ca\u00edda. Tener un abogado de resbal\u00f3n y ca\u00edda de Sherman Oaks de confianza que puede explicar el proceso de reclamaci\u00f3n de lesiones personales y est\u00e1 dispuesto a luchar agresivamente en su nombre puede ayudar a proporcionar una sensaci\u00f3n de alivio durante este tiempo dif\u00edcil.<\/p>\n<p>El equipo jur\u00eddico de <a href=\"https:\/\/freeman-freeman.com\/es\/acerca-de\/\">Freeman &amp; Freeman, LLP<\/a>aporta un profundo conocimiento de cada caso. <a href=\"https:\/\/freeman-freeman.com\/es\/pongase-en-contacto-con\/\">P\u00f3ngase en contacto con nuestra oficina<\/a> para discutir su reclamo de responsabilidad de locales.<\/p>","protected":false},"excerpt":{"rendered":"<p>Sherman Oaks Slip and Fall Attorney Suffering from a slip and fall can result in serious physical injuries. No one can predict when an accident may occur. It might be possible, however, to hold a party accountable if their negligent or intentional actions led to an accident that caused your injuries. Speaking with a Sherman &hellip; <\/p>\n<p class=\"link-more\"><a href=\"https:\/\/freeman-freeman.com\/es\/sherman-oaks-slip-and-fall-lawyer\/\" class=\"more-link\">Seguir leyendo<span class=\"screen-reader-text\"> &#8220;Sherman Oaks Slip and Fall Lawyer&#8221;<\/span><\/a><\/p>","protected":false},"author":1,"featured_media":0,"parent":0,"menu_order":0,"comment_status":"closed","ping_status":"closed","template":"","meta":{"_acf_changed":false,"footnotes":""},"class_list":["post-3031","page","type-page","status-publish","hentry","entry"],"acf":[],"yoast_head":"<!-- This site is optimized with the Yoast SEO plugin v27.3 - https:\/\/yoast.com\/product\/yoast-seo-wordpress\/ -->\n<title>Sherman Oaks Slip and Fall Lawyer - Premises Liability Claims<\/title>\n<meta name=\"description\" content=\"Sherman Oaks Slip and Fall Lawyer: Injured in a fall? Freeman &amp; Freeman, LLP fights for maximum compensation. Get a free consultation today.\" \/>\n<meta name=\"robots\" content=\"index, follow, max-snippet:-1, max-image-preview:large, max-video-preview:-1\" \/>\n<link rel=\"canonical\" href=\"https:\/\/freeman-freeman.com\/es\/sherman-oaks-resbalon-y-caida-abogado\/\" \/>\n<meta property=\"og:locale\" content=\"es_MX\" \/>\n<meta property=\"og:type\" content=\"article\" \/>\n<meta property=\"og:title\" content=\"Sherman Oaks Slip and Fall Lawyer - Premises Liability Claims\" \/>\n<meta property=\"og:description\" content=\"Sherman Oaks Slip and Fall Lawyer: Injured in a fall? Freeman &amp; Freeman, LLP fights for maximum compensation. Get a free consultation today.\" \/>\n<meta property=\"og:url\" content=\"https:\/\/freeman-freeman.com\/es\/sherman-oaks-resbalon-y-caida-abogado\/\" \/>\n<meta property=\"og:site_name\" content=\"Freeman &amp; Freeman, LLP\" \/>\n<meta property=\"article:publisher\" content=\"https:\/\/www.facebook.com\/FreemanFreemanLaw\" \/>\n<meta property=\"og:image\" content=\"https:\/\/freeman-freeman.com\/wp-content\/uploads\/2025\/03\/slip-and-fall-lawyer-sherman-oaks.webp\" \/>\n\t<meta property=\"og:image:width\" content=\"800\" \/>\n\t<meta property=\"og:image:height\" content=\"400\" \/>\n\t<meta property=\"og:image:type\" content=\"image\/webp\" \/>\n<meta name=\"twitter:card\" content=\"summary_large_image\" \/>\n<meta name=\"twitter:site\" content=\"@FreemanFreeman1\" \/>\n<meta name=\"twitter:label1\" content=\"Tiempo de lectura\" \/>\n\t<meta name=\"twitter:data1\" content=\"5 minutos\" \/>\n<script type=\"application\/ld+json\" class=\"yoast-schema-graph\">{\"@context\":\"https:\\\/\\\/schema.org\",\"@graph\":[{\"@type\":\"WebPage\",\"@id\":\"https:\\\/\\\/freeman-freeman.com\\\/sherman-oaks-slip-and-fall-lawyer\\\/\",\"url\":\"https:\\\/\\\/freeman-freeman.com\\\/sherman-oaks-slip-and-fall-lawyer\\\/\",\"name\":\"Sherman Oaks Slip and Fall Lawyer - Premises Liability Claims\",\"isPartOf\":{\"@id\":\"https:\\\/\\\/freeman-freeman.com\\\/#website\"},\"primaryImageOfPage\":{\"@id\":\"https:\\\/\\\/freeman-freeman.com\\\/sherman-oaks-slip-and-fall-lawyer\\\/#primaryimage\"},\"image\":{\"@id\":\"https:\\\/\\\/freeman-freeman.com\\\/sherman-oaks-slip-and-fall-lawyer\\\/#primaryimage\"},\"thumbnailUrl\":\"https:\\\/\\\/freeman-freeman.com\\\/wp-content\\\/uploads\\\/2025\\\/03\\\/slip-and-fall-lawyer-sherman-oaks.webp\",\"datePublished\":\"2025-03-04T07:21:36+00:00\",\"description\":\"Sherman Oaks Slip and Fall Lawyer: Injured in a fall? Freeman & Freeman, LLP fights for maximum compensation. Get a free consultation today.\",\"inLanguage\":\"es\",\"potentialAction\":[{\"@type\":\"ReadAction\",\"target\":[\"https:\\\/\\\/freeman-freeman.com\\\/sherman-oaks-slip-and-fall-lawyer\\\/\"]}]},{\"@type\":\"ImageObject\",\"inLanguage\":\"es\",\"@id\":\"https:\\\/\\\/freeman-freeman.com\\\/sherman-oaks-slip-and-fall-lawyer\\\/#primaryimage\",\"url\":\"https:\\\/\\\/freeman-freeman.com\\\/wp-content\\\/uploads\\\/2025\\\/03\\\/slip-and-fall-lawyer-sherman-oaks.webp\",\"contentUrl\":\"https:\\\/\\\/freeman-freeman.com\\\/wp-content\\\/uploads\\\/2025\\\/03\\\/slip-and-fall-lawyer-sherman-oaks.webp\"},{\"@type\":\"WebSite\",\"@id\":\"https:\\\/\\\/freeman-freeman.com\\\/#website\",\"url\":\"https:\\\/\\\/freeman-freeman.com\\\/\",\"name\":\"Freeman &amp; Freeman, LLP\",\"description\":\"\",\"publisher\":{\"@id\":\"https:\\\/\\\/freeman-freeman.com\\\/#organization\"},\"potentialAction\":[{\"@type\":\"SearchAction\",\"target\":{\"@type\":\"EntryPoint\",\"urlTemplate\":\"https:\\\/\\\/freeman-freeman.com\\\/?s={search_term_string}\"},\"query-input\":{\"@type\":\"PropertyValueSpecification\",\"valueRequired\":true,\"valueName\":\"search_term_string\"}}],\"inLanguage\":\"es\"},{\"@type\":\"Organization\",\"@id\":\"https:\\\/\\\/freeman-freeman.com\\\/#organization\",\"name\":\"Freeman & Freeman, LLP\",\"url\":\"https:\\\/\\\/freeman-freeman.com\\\/\",\"logo\":{\"@type\":\"ImageObject\",\"inLanguage\":\"es\",\"@id\":\"https:\\\/\\\/freeman-freeman.com\\\/#\\\/schema\\\/logo\\\/image\\\/\",\"url\":\"https:\\\/\\\/freeman-freeman.com\\\/wp-content\\\/uploads\\\/2024\\\/01\\\/logo.jpg\",\"contentUrl\":\"https:\\\/\\\/freeman-freeman.com\\\/wp-content\\\/uploads\\\/2024\\\/01\\\/logo.jpg\",\"width\":674,\"height\":104,\"caption\":\"Freeman & Freeman, LLP\"},\"image\":{\"@id\":\"https:\\\/\\\/freeman-freeman.com\\\/#\\\/schema\\\/logo\\\/image\\\/\"},\"sameAs\":[\"https:\\\/\\\/www.facebook.com\\\/FreemanFreemanLaw\",\"https:\\\/\\\/x.com\\\/FreemanFreeman1\",\"https:\\\/\\\/www.linkedin.com\\\/company\\\/freeman-freeman-llp\"]}]}<\/script>\n<!-- \/ Yoast SEO plugin. -->","yoast_head_json":{"title":"Sherman Oaks Resbal\u00f3n y Ca\u00edda Abogado - Locales Reclamaciones de Responsabilidad","description":"Abogado de resbalones y caidas en Sherman Oaks: \u00bfLastimado en una ca\u00edda? Freeman &amp; Freeman, LLP lucha por la compensaci\u00f3n m\u00e1xima. Obtenga una consulta gratis hoy.","robots":{"index":"index","follow":"follow","max-snippet":"max-snippet:-1","max-image-preview":"max-image-preview:large","max-video-preview":"max-video-preview:-1"},"canonical":"https:\/\/freeman-freeman.com\/es\/sherman-oaks-resbalon-y-caida-abogado\/","og_locale":"es_MX","og_type":"article","og_title":"Sherman Oaks Slip and Fall Lawyer - Premises Liability Claims","og_description":"Sherman Oaks Slip and Fall Lawyer: Injured in a fall? Freeman & Freeman, LLP fights for maximum compensation. Get a free consultation today.","og_url":"https:\/\/freeman-freeman.com\/es\/sherman-oaks-resbalon-y-caida-abogado\/","og_site_name":"Freeman &amp; Freeman, LLP","article_publisher":"https:\/\/www.facebook.com\/FreemanFreemanLaw","og_image":[{"width":800,"height":400,"url":"https:\/\/freeman-freeman.com\/wp-content\/uploads\/2025\/03\/slip-and-fall-lawyer-sherman-oaks.webp","type":"image\/webp"}],"twitter_card":"summary_large_image","twitter_site":"@FreemanFreeman1","twitter_misc":{"Tiempo de lectura":"5 minutos"},"schema":{"@context":"https:\/\/schema.org","@graph":[{"@type":"WebPage","@id":"https:\/\/freeman-freeman.com\/sherman-oaks-slip-and-fall-lawyer\/","url":"https:\/\/freeman-freeman.com\/sherman-oaks-slip-and-fall-lawyer\/","name":"Sherman Oaks Resbal\u00f3n y Ca\u00edda Abogado - Locales Reclamaciones de Responsabilidad","isPartOf":{"@id":"https:\/\/freeman-freeman.com\/#website"},"primaryImageOfPage":{"@id":"https:\/\/freeman-freeman.com\/sherman-oaks-slip-and-fall-lawyer\/#primaryimage"},"image":{"@id":"https:\/\/freeman-freeman.com\/sherman-oaks-slip-and-fall-lawyer\/#primaryimage"},"thumbnailUrl":"https:\/\/freeman-freeman.com\/wp-content\/uploads\/2025\/03\/slip-and-fall-lawyer-sherman-oaks.webp","datePublished":"2025-03-04T07:21:36+00:00","description":"Abogado de resbalones y caidas en Sherman Oaks: \u00bfLastimado en una ca\u00edda? Freeman &amp; Freeman, LLP lucha por la compensaci\u00f3n m\u00e1xima. Obtenga una consulta gratis hoy.","inLanguage":"es","potentialAction":[{"@type":"ReadAction","target":["https:\/\/freeman-freeman.com\/sherman-oaks-slip-and-fall-lawyer\/"]}]},{"@type":"ImageObject","inLanguage":"es","@id":"https:\/\/freeman-freeman.com\/sherman-oaks-slip-and-fall-lawyer\/#primaryimage","url":"https:\/\/freeman-freeman.com\/wp-content\/uploads\/2025\/03\/slip-and-fall-lawyer-sherman-oaks.webp","contentUrl":"https:\/\/freeman-freeman.com\/wp-content\/uploads\/2025\/03\/slip-and-fall-lawyer-sherman-oaks.webp"},{"@type":"WebSite","@id":"https:\/\/freeman-freeman.com\/#website","url":"https:\/\/freeman-freeman.com\/","name":"Freeman &amp; Freeman, LLP","description":"","publisher":{"@id":"https:\/\/freeman-freeman.com\/#organization"},"potentialAction":[{"@type":"SearchAction","target":{"@type":"EntryPoint","urlTemplate":"https:\/\/freeman-freeman.com\/?s={search_term_string}"},"query-input":{"@type":"PropertyValueSpecification","valueRequired":true,"valueName":"search_term_string"}}],"inLanguage":"es"},{"@type":"Organization","@id":"https:\/\/freeman-freeman.com\/#organization","name":"Freeman &amp; Freeman, LLP","url":"https:\/\/freeman-freeman.com\/","logo":{"@type":"ImageObject","inLanguage":"es","@id":"https:\/\/freeman-freeman.com\/#\/schema\/logo\/image\/","url":"https:\/\/freeman-freeman.com\/wp-content\/uploads\/2024\/01\/logo.jpg","contentUrl":"https:\/\/freeman-freeman.com\/wp-content\/uploads\/2024\/01\/logo.jpg","width":674,"height":104,"caption":"Freeman & Freeman, LLP"},"image":{"@id":"https:\/\/freeman-freeman.com\/#\/schema\/logo\/image\/"},"sameAs":["https:\/\/www.facebook.com\/FreemanFreemanLaw","https:\/\/x.com\/FreemanFreeman1","https:\/\/www.linkedin.com\/company\/freeman-freeman-llp"]}]}},"_links":{"self":[{"href":"https:\/\/freeman-freeman.com\/es\/wp-json\/wp\/v2\/pages\/3031","targetHints":{"allow":["GET"]}}],"collection":[{"href":"https:\/\/freeman-freeman.com\/es\/wp-json\/wp\/v2\/pages"}],"about":[{"href":"https:\/\/freeman-freeman.com\/es\/wp-json\/wp\/v2\/types\/page"}],"author":[{"embeddable":true,"href":"https:\/\/freeman-freeman.com\/es\/wp-json\/wp\/v2\/users\/1"}],"replies":[{"embeddable":true,"href":"https:\/\/freeman-freeman.com\/es\/wp-json\/wp\/v2\/comments?post=3031"}],"version-history":[{"count":2,"href":"https:\/\/freeman-freeman.com\/es\/wp-json\/wp\/v2\/pages\/3031\/revisions"}],"predecessor-version":[{"id":3040,"href":"https:\/\/freeman-freeman.com\/es\/wp-json\/wp\/v2\/pages\/3031\/revisions\/3040"}],"wp:attachment":[{"href":"https:\/\/freeman-freeman.com\/es\/wp-json\/wp\/v2\/media?parent=3031"}],"curies":[{"name":"wp","href":"https:\/\/api.w.org\/{rel}","templated":true}]}}