{"id":3058,"date":"2025-05-01T12:29:29","date_gmt":"2025-05-01T12:29:29","guid":{"rendered":"https:\/\/freeman-freeman.com\/?page_id=3058"},"modified":"2025-05-02T07:24:35","modified_gmt":"2025-05-02T07:24:35","slug":"abogado-de-accidentes-de-moto-en-northridge","status":"publish","type":"page","link":"https:\/\/freeman-freeman.com\/es\/northridge-motorcycle-accident-lawyer\/","title":{"rendered":"Northridge Abogado de Accidente de Motocicleta"},"content":{"rendered":"<h2>Northridge Abogado de Accidente de Motocicleta<\/h2>\n<div class=\"abt-img\"><img loading=\"lazy\" decoding=\"async\" class=\"alignnone wp-image-3063 size-full\" title=\"accidente de moto abogado northridge\" src=\"https:\/\/freeman-freeman.com\/wp-content\/uploads\/2025\/05\/motorcycle-accident-lawyer-northridge.webp\" alt=\"accidente de moto abogado northridge\" width=\"800\" height=\"400\" srcset=\"https:\/\/freeman-freeman.com\/wp-content\/uploads\/2025\/05\/motorcycle-accident-lawyer-northridge.webp 800w, https:\/\/freeman-freeman.com\/wp-content\/uploads\/2025\/05\/motorcycle-accident-lawyer-northridge-300x150.webp 300w, https:\/\/freeman-freeman.com\/wp-content\/uploads\/2025\/05\/motorcycle-accident-lawyer-northridge-768x384.webp 768w, https:\/\/freeman-freeman.com\/wp-content\/uploads\/2025\/05\/motorcycle-accident-lawyer-northridge-18x9.webp 18w\" sizes=\"auto, (max-width: 800px) 100vw, 800px\" \/><\/div>\n<p>Si usted ha sido herido en un accidente de motocicleta en California, usted puede tener derecho a da\u00f1os y compensaci\u00f3n que puede ayudarle a sanar. Para recuperar los da\u00f1os por sus p\u00e9rdidas, es importante entender sus derechos, as\u00ed como las leyes que van a dictar sus futuros procedimientos legales. Para darse la oportunidad m\u00e1s fuerte de asegurar la compensaci\u00f3n que usted merece, es vital que usted busca la ayuda de un <strong>abogado con experiencia en accidentes de moto en Northridge<\/strong>.<\/p>\n<p>Si trabaja con un experto <a href=\"https:\/\/freeman-freeman.com\/es\/abogado-de-lesiones-personales-northridge\/\">Northridge abogado de lesiones personales<\/a> de nuestro bufete, podr\u00e1 beneficiarse de todas las competencias, recursos y experiencia que aportamos. Nuestro equipo de <a href=\"https:\/\/freeman-freeman.com\/es\/acerca-de\/\">Freeman &amp; Freeman, LLP<\/a> ha ayudado a recuperar decenas de millones de d\u00f3lares para nuestros clientes a trav\u00e9s de nuestros servicios legales superiores. Trabajamos para garantizar que nuestros clientes comprendan sus derechos, reciban un trato justo y reciban la indemnizaci\u00f3n que les corresponde por derecho.<\/p>\n<h2>Estad\u00edsticas de accidentes de motocicleta en California<\/h2>\n<p>Los accidentes de motocicleta han ido en aumento en California durante a\u00f1os. Debido a que los motociclistas est\u00e1n menos protegidos que muchos de los otros veh\u00edculos en la carretera, las lesiones y muertes que involucran motocicletas tienden a ser mucho m\u00e1s devastadoras. En 2021, los accidentes de motocicleta contribuyeron a cerca de <a href=\"https:\/\/safetrec.berkeley.edu\/2023-safetrec-traffic-safety-facts-motorcycle-safety\" target=\"_blank\" rel=\"noopener\">13 por ciento<\/a> de todas las muertes por accidentes de veh\u00edculos de motor en California. Adem\u00e1s, entre 2021 y 2022, las v\u00edctimas mortales de motocicletas aumentaron un <a href=\"https:\/\/www.ots.ca.gov\/ots-and-traffic-safety\/score-card\/\" target=\"_blank\" rel=\"noopener\">3,8 por ciento<\/a>.<\/p>\n<p>Hay aproximadamente <a href=\"https:\/\/www.dmv.ca.gov\/portal\/dmv-research-reports\/research-development-data-dashboards\/vehicles-registered-by-county\/\" target=\"_blank\" rel=\"noopener\">139.137 motocicletas<\/a> registrados s\u00f3lo en el condado de Los \u00c1ngeles. Desafortunadamente, incluso si un motociclista opera su veh\u00edculo de forma segura, otros conductores en la carretera pueden no mostrar el mismo tipo de precauci\u00f3n. En Freeman &amp; Freeman, LLP, estamos dedicados a proteger los derechos de los motociclistas cuando su seguridad y medios de vida se ven comprometidos.<\/p>\n<h2>C\u00f3mo presentar una reclamaci\u00f3n por accidente de moto en Northridge<\/h2>\n<p>Si usted planea presentar una demanda por lesiones personales en Northridge despu\u00e9s de un accidente de motocicleta, por lo general debe hacerlo <a href=\"https:\/\/leginfo.legislature.ca.gov\/faces\/codes_displaySection.xhtml?lawCode=CCP&amp;sectionNum=335.1\" target=\"_blank\" rel=\"noopener\">en un plazo de dos a\u00f1os<\/a> del siniestro o del fallecimiento de la v\u00edctima. Es importante tener en cuenta que el plazo de prescripci\u00f3n es m\u00e1s corto para los accidentes en los que est\u00e1n implicados veh\u00edculos de propiedad estatal. En estos casos, debe presentar su reclamaci\u00f3n <a href=\"https:\/\/leginfo.legislature.ca.gov\/faces\/codes_displaySection.xhtml?lawCode=GOV&amp;sectionNum=945.6\" target=\"_blank\" rel=\"noopener\">en un plazo de seis meses<\/a> de su accidente. Si se le pasa el plazo de prescripci\u00f3n, pierde la posibilidad de presentar una demanda v\u00e1lida por lesiones personales en Northridge.<\/p>\n<p>La mayor\u00eda de las demandas por lesiones personales se resuelven fuera de los tribunales a trav\u00e9s de negociaciones con la compa\u00f1\u00eda de seguros de la parte culpable. Su abogado de accidentes de motocicleta Northridge puede negociar en su nombre y luchar para asegurar la mayor cantidad de compensaci\u00f3n disponible para usted.<\/p>\n<p>Si no puede llegar a un acuerdo fuera de <a href=\"https:\/\/www.lacourt.org\/courthouse\" target=\"_blank\" rel=\"noopener\">tribunal<\/a> en <a href=\"https:\/\/en.wikipedia.org\/wiki\/Northridge,_Los_Angeles\" target=\"_blank\" rel=\"noopener\">Northridge<\/a>su reclamaci\u00f3n tendr\u00e1 que ir a juicio. Navegar por los procedimientos judiciales puede ser complicado, por lo que tener un abogado de su lado puede hacer una inmensa diferencia en el resultado de su demanda por accidente de motocicleta.<\/p>\n<h2>Reclamaciones por Homicidio Culposo en Accidentes de Motocicleta en Northridge<\/h2>\n<p>Si ha perdido a un ser querido en un accidente de moto en Northridge debido a las acciones de otro conductor, es posible que pueda solicitar una indemnizaci\u00f3n en nombre de la v\u00edctima. Para ello, debe presentar su reclamaci\u00f3n <a href=\"https:\/\/leginfo.legislature.ca.gov\/faces\/codes_displaySection.xhtml?lawCode=CCP&amp;sectionNum=335.1\" target=\"_blank\" rel=\"noopener\">en un plazo de dos a\u00f1os<\/a> de la muerte de la v\u00edctima para tener un caso v\u00e1lido de homicidio culposo.<\/p>\n<p><strong>En California, las siguientes personas pueden recuperar los da\u00f1os de un caso de homicidio culposo:<\/strong><\/p>\n<ul>\n<li>C\u00f3nyuge o pareja de hecho<\/li>\n<li>Beneficiarios o herederos<\/li>\n<li>Ni\u00f1os<\/li>\n<li>Menores a cargo que viven en el hogar<\/li>\n<li>Familiares<\/li>\n<li>Padres<\/li>\n<\/ul>\n<p>La legislaci\u00f3n californiana distingue entre negligencia y negligencia grave, que pueden afectar a la cuant\u00eda total de la indemnizaci\u00f3n. <a href=\"https:\/\/freeman-freeman.com\/es\/blog\/cantidades-de-acuerdos-por-lesiones-personales-ejemplos-en-california\/\">importe de liquidaci\u00f3n<\/a> de un caso de homicidio culposo. La negligencia se refiere a acciones que no cumplen con un nivel apropiado de cuidado. La negligencia grave se refiere a acciones que voluntaria o intencionadamente hacen caso omiso de un cuidado razonable, lo que significa esencialmente que el infractor sab\u00eda que sus acciones podr\u00edan causar da\u00f1os graves y las realiz\u00f3 de todos modos.<\/p>\n<p>Bajo las leyes de muerte por negligencia de California, la cantidad de da\u00f1os que puede recuperar aumenta con el nivel de culpabilidad del delincuente. Si usted puede probar que actuaron con malicia, usted puede esperar para asegurar una mayor cantidad de liquidaci\u00f3n. Usted debe consultar a un abogado experto de nuestra firma para entender mejor su elegibilidad para una demanda por homicidio culposo en Northridge.<\/p>\n<h2>Preguntas frecuentes<\/h2>\n<h3>P: \u00bfNecesito un abogado para un accidente de moto en Northridge?<\/h3>\n<p><strong>A:<\/strong> Aunque no est\u00e1 obligado a trabajar con un abogado de lesiones personales de Northridge cuando presente una reclamaci\u00f3n por un accidente de motocicleta, es muy recomendable que lo haga. Navegar por los procedimientos legales que vienen con una demanda por lesiones personales puede ser complicado y agotador, incluso cuando no se est\u00e1 recuperando de un accidente. Al trabajar con un abogado de accidentes, puede centrarse en la curaci\u00f3n, mientras que tener un firme defensor lucha por la compensaci\u00f3n que se le debe.<\/p>\n<h3>P: \u00bfCu\u00e1nto suele valer un acuerdo por accidente de moto en Northridge?<\/h3>\n<p><strong>A:<\/strong> El monto de su acuerdo depende de la gravedad de su accidente y sus lesiones. Adem\u00e1s, es cr\u00edtico establecer la culpa en estos casos desde que California sigue pautas comparativas puras de negligencia. Estas pautas indican que usted puede recuperar da\u00f1os incluso si usted era ligeramente culpable. Generalmente, su responsabilidad, la severidad de sus heridas, la cantidad de negligencia implicada, y la habilidad de su abogado impactar\u00e1n su arreglo final.<\/p>\n<h3>P: \u00bfCu\u00e1nto cobran los abogados de accidentes de moto de Northridge?<\/h3>\n<p><strong>A:<\/strong> El costo de trabajar con un abogado de accidentes de motocicleta Northridge puede variar dependiendo de la complejidad de su reclamo y la experiencia de su abogado. Normalmente, los abogados de lesiones personales de Northridge cobran una cuota de contingencia por sus servicios, lo que significa que no se les paga hasta que su cliente gana un caso.<\/p>\n<h3>P: \u00bfCu\u00e1nto tiempo se tarda en llegar a un acuerdo por accidente de moto en Northridge?<\/h3>\n<p><strong>A:<\/strong> El tiempo que se tarda en llegar a un acuerdo en un accidente de moto depende en gran medida de los detalles de su caso. La voluntad de las compa\u00f1\u00edas de seguros a cooperar, su capacidad para llegar a un acuerdo de soluci\u00f3n, y cu\u00e1nto tiempo necesita atenci\u00f3n m\u00e9dica puede determinar cu\u00e1nto tiempo su caso toma. Si su reclamaci\u00f3n termina yendo a juicio, puede esperar que el proceso lleve m\u00e1s tiempo, ya que hay que atenerse a los plazos del tribunal.<\/p>\n<h2>Hable hoy con un abogado de accidentes de motocicleta de Northridge sobre su caso<\/h2>\n<p>En Freeman &amp; Freeman, LLP, nuestro equipo tiene m\u00e1s de tres d\u00e9cadas de experiencia representando a californianos en casos de lesiones personales, incluyendo accidentes de motocicleta. Trabajamos con especialistas de la escena del accidente, investigadores, mec\u00e1nicos, profesionales m\u00e9dicos, y m\u00e1s para llevar a cabo una investigaci\u00f3n exhaustiva de su incidente y trabajar para asegurar la cantidad m\u00e1xima de liquidaci\u00f3n para usted.<\/p>\n<p>Si est\u00e1 listo para hablar sobre la presentaci\u00f3n de una demanda por lesiones personales con m\u00e1s detalle, <a href=\"https:\/\/freeman-freeman.com\/es\/pongase-en-contacto-con\/\">p\u00f3ngase en contacto con nuestra oficina<\/a> para concertar hoy mismo una cita con un abogado especializado en accidentes de moto en Northridge.<\/p>","protected":false},"excerpt":{"rendered":"<p>Northridge Motorcycle Accident Attorney If you\u2019ve been hurt in a California motorcycle accident, you may be entitled to damages and compensation that can help you heal. To recover damages for your losses, it\u2019s important to understand your rights as well as the laws that are going to dictate your future legal proceedings. To give yourself &hellip; <\/p>\n<p class=\"link-more\"><a href=\"https:\/\/freeman-freeman.com\/es\/northridge-motorcycle-accident-lawyer\/\" class=\"more-link\">Seguir leyendo<span class=\"screen-reader-text\"> &#8220;Northridge Motorcycle Accident Lawyer&#8221;<\/span><\/a><\/p>","protected":false},"author":1,"featured_media":0,"parent":0,"menu_order":0,"comment_status":"closed","ping_status":"closed","template":"","meta":{"_acf_changed":false,"footnotes":""},"class_list":["post-3058","page","type-page","status-publish","hentry","entry"],"acf":[],"yoast_head":"<!-- This site is optimized with the Yoast SEO plugin v27.3 - https:\/\/yoast.com\/product\/yoast-seo-wordpress\/ -->\n<title>Northridge Motorcycle Accident Lawyer - Free Consultation<\/title>\n<meta name=\"description\" content=\"Injured in a crash? Contact a trusted Northridge Motorcycle Accident Lawyer at Freeman &amp; Freeman, LLP for expert legal help and a free case evaluation today\" \/>\n<meta name=\"robots\" content=\"index, follow, max-snippet:-1, max-image-preview:large, max-video-preview:-1\" \/>\n<link rel=\"canonical\" href=\"https:\/\/freeman-freeman.com\/es\/abogado-de-accidentes-de-moto-en-northridge\/\" \/>\n<meta property=\"og:locale\" content=\"es_MX\" \/>\n<meta property=\"og:type\" content=\"article\" \/>\n<meta property=\"og:title\" content=\"Northridge Motorcycle Accident Lawyer - Free Consultation\" \/>\n<meta property=\"og:description\" content=\"Injured in a crash? Contact a trusted Northridge Motorcycle Accident Lawyer at Freeman &amp; Freeman, LLP for expert legal help and a free case evaluation today\" \/>\n<meta property=\"og:url\" content=\"https:\/\/freeman-freeman.com\/es\/abogado-de-accidentes-de-moto-en-northridge\/\" \/>\n<meta property=\"og:site_name\" content=\"Freeman &amp; Freeman, LLP\" \/>\n<meta property=\"article:publisher\" content=\"https:\/\/www.facebook.com\/FreemanFreemanLaw\" \/>\n<meta property=\"article:modified_time\" content=\"2025-05-02T07:24:35+00:00\" \/>\n<meta property=\"og:image\" content=\"https:\/\/freeman-freeman.com\/wp-content\/uploads\/2025\/05\/motorcycle-accident-lawyer-northridge.webp\" \/>\n\t<meta property=\"og:image:width\" content=\"800\" \/>\n\t<meta property=\"og:image:height\" content=\"400\" \/>\n\t<meta property=\"og:image:type\" content=\"image\/webp\" \/>\n<meta name=\"twitter:card\" content=\"summary_large_image\" \/>\n<meta name=\"twitter:site\" content=\"@FreemanFreeman1\" \/>\n<meta name=\"twitter:label1\" content=\"Tiempo de lectura\" \/>\n\t<meta name=\"twitter:data1\" content=\"5 minutos\" \/>\n<script type=\"application\/ld+json\" class=\"yoast-schema-graph\">{\"@context\":\"https:\\\/\\\/schema.org\",\"@graph\":[{\"@type\":\"WebPage\",\"@id\":\"https:\\\/\\\/freeman-freeman.com\\\/northridge-motorcycle-accident-lawyer\\\/\",\"url\":\"https:\\\/\\\/freeman-freeman.com\\\/northridge-motorcycle-accident-lawyer\\\/\",\"name\":\"Northridge Motorcycle Accident Lawyer - Free Consultation\",\"isPartOf\":{\"@id\":\"https:\\\/\\\/freeman-freeman.com\\\/#website\"},\"primaryImageOfPage\":{\"@id\":\"https:\\\/\\\/freeman-freeman.com\\\/northridge-motorcycle-accident-lawyer\\\/#primaryimage\"},\"image\":{\"@id\":\"https:\\\/\\\/freeman-freeman.com\\\/northridge-motorcycle-accident-lawyer\\\/#primaryimage\"},\"thumbnailUrl\":\"https:\\\/\\\/freeman-freeman.com\\\/wp-content\\\/uploads\\\/2025\\\/05\\\/motorcycle-accident-lawyer-northridge.webp\",\"datePublished\":\"2025-05-01T12:29:29+00:00\",\"dateModified\":\"2025-05-02T07:24:35+00:00\",\"description\":\"Injured in a crash? Contact a trusted Northridge Motorcycle Accident Lawyer at Freeman & Freeman, LLP for expert legal help and a free case evaluation today\",\"inLanguage\":\"es\",\"potentialAction\":[{\"@type\":\"ReadAction\",\"target\":[\"https:\\\/\\\/freeman-freeman.com\\\/northridge-motorcycle-accident-lawyer\\\/\"]}]},{\"@type\":\"ImageObject\",\"inLanguage\":\"es\",\"@id\":\"https:\\\/\\\/freeman-freeman.com\\\/northridge-motorcycle-accident-lawyer\\\/#primaryimage\",\"url\":\"https:\\\/\\\/freeman-freeman.com\\\/wp-content\\\/uploads\\\/2025\\\/05\\\/motorcycle-accident-lawyer-northridge.webp\",\"contentUrl\":\"https:\\\/\\\/freeman-freeman.com\\\/wp-content\\\/uploads\\\/2025\\\/05\\\/motorcycle-accident-lawyer-northridge.webp\"},{\"@type\":\"WebSite\",\"@id\":\"https:\\\/\\\/freeman-freeman.com\\\/#website\",\"url\":\"https:\\\/\\\/freeman-freeman.com\\\/\",\"name\":\"Freeman &amp; Freeman, LLP\",\"description\":\"\",\"publisher\":{\"@id\":\"https:\\\/\\\/freeman-freeman.com\\\/#organization\"},\"potentialAction\":[{\"@type\":\"SearchAction\",\"target\":{\"@type\":\"EntryPoint\",\"urlTemplate\":\"https:\\\/\\\/freeman-freeman.com\\\/?s={search_term_string}\"},\"query-input\":{\"@type\":\"PropertyValueSpecification\",\"valueRequired\":true,\"valueName\":\"search_term_string\"}}],\"inLanguage\":\"es\"},{\"@type\":\"Organization\",\"@id\":\"https:\\\/\\\/freeman-freeman.com\\\/#organization\",\"name\":\"Freeman & Freeman, LLP\",\"url\":\"https:\\\/\\\/freeman-freeman.com\\\/\",\"logo\":{\"@type\":\"ImageObject\",\"inLanguage\":\"es\",\"@id\":\"https:\\\/\\\/freeman-freeman.com\\\/#\\\/schema\\\/logo\\\/image\\\/\",\"url\":\"https:\\\/\\\/freeman-freeman.com\\\/wp-content\\\/uploads\\\/2024\\\/01\\\/logo.jpg\",\"contentUrl\":\"https:\\\/\\\/freeman-freeman.com\\\/wp-content\\\/uploads\\\/2024\\\/01\\\/logo.jpg\",\"width\":674,\"height\":104,\"caption\":\"Freeman & Freeman, LLP\"},\"image\":{\"@id\":\"https:\\\/\\\/freeman-freeman.com\\\/#\\\/schema\\\/logo\\\/image\\\/\"},\"sameAs\":[\"https:\\\/\\\/www.facebook.com\\\/FreemanFreemanLaw\",\"https:\\\/\\\/x.com\\\/FreemanFreeman1\",\"https:\\\/\\\/www.linkedin.com\\\/company\\\/freeman-freeman-llp\"]}]}<\/script>\n<!-- \/ Yoast SEO plugin. -->","yoast_head_json":{"title":"Northridge Abogado de Accidente de Motocicleta - Consulta Gratis","description":"\u00bfLastimado en un choque? P\u00f3ngase en contacto con un abogado de confianza Northridge accidente de motocicleta en Freeman y Freeman, LLP para la ayuda legal de expertos y una evaluaci\u00f3n gratuita de su caso hoy.","robots":{"index":"index","follow":"follow","max-snippet":"max-snippet:-1","max-image-preview":"max-image-preview:large","max-video-preview":"max-video-preview:-1"},"canonical":"https:\/\/freeman-freeman.com\/es\/abogado-de-accidentes-de-moto-en-northridge\/","og_locale":"es_MX","og_type":"article","og_title":"Northridge Motorcycle Accident Lawyer - Free Consultation","og_description":"Injured in a crash? Contact a trusted Northridge Motorcycle Accident Lawyer at Freeman & Freeman, LLP for expert legal help and a free case evaluation today","og_url":"https:\/\/freeman-freeman.com\/es\/abogado-de-accidentes-de-moto-en-northridge\/","og_site_name":"Freeman &amp; Freeman, LLP","article_publisher":"https:\/\/www.facebook.com\/FreemanFreemanLaw","article_modified_time":"2025-05-02T07:24:35+00:00","og_image":[{"width":800,"height":400,"url":"https:\/\/freeman-freeman.com\/wp-content\/uploads\/2025\/05\/motorcycle-accident-lawyer-northridge.webp","type":"image\/webp"}],"twitter_card":"summary_large_image","twitter_site":"@FreemanFreeman1","twitter_misc":{"Tiempo de lectura":"5 minutos"},"schema":{"@context":"https:\/\/schema.org","@graph":[{"@type":"WebPage","@id":"https:\/\/freeman-freeman.com\/northridge-motorcycle-accident-lawyer\/","url":"https:\/\/freeman-freeman.com\/northridge-motorcycle-accident-lawyer\/","name":"Northridge Abogado de Accidente de Motocicleta - Consulta Gratis","isPartOf":{"@id":"https:\/\/freeman-freeman.com\/#website"},"primaryImageOfPage":{"@id":"https:\/\/freeman-freeman.com\/northridge-motorcycle-accident-lawyer\/#primaryimage"},"image":{"@id":"https:\/\/freeman-freeman.com\/northridge-motorcycle-accident-lawyer\/#primaryimage"},"thumbnailUrl":"https:\/\/freeman-freeman.com\/wp-content\/uploads\/2025\/05\/motorcycle-accident-lawyer-northridge.webp","datePublished":"2025-05-01T12:29:29+00:00","dateModified":"2025-05-02T07:24:35+00:00","description":"\u00bfLastimado en un choque? P\u00f3ngase en contacto con un abogado de confianza Northridge accidente de motocicleta en Freeman y Freeman, LLP para la ayuda legal de expertos y una evaluaci\u00f3n gratuita de su caso hoy.","inLanguage":"es","potentialAction":[{"@type":"ReadAction","target":["https:\/\/freeman-freeman.com\/northridge-motorcycle-accident-lawyer\/"]}]},{"@type":"ImageObject","inLanguage":"es","@id":"https:\/\/freeman-freeman.com\/northridge-motorcycle-accident-lawyer\/#primaryimage","url":"https:\/\/freeman-freeman.com\/wp-content\/uploads\/2025\/05\/motorcycle-accident-lawyer-northridge.webp","contentUrl":"https:\/\/freeman-freeman.com\/wp-content\/uploads\/2025\/05\/motorcycle-accident-lawyer-northridge.webp"},{"@type":"WebSite","@id":"https:\/\/freeman-freeman.com\/#website","url":"https:\/\/freeman-freeman.com\/","name":"Freeman &amp; Freeman, LLP","description":"","publisher":{"@id":"https:\/\/freeman-freeman.com\/#organization"},"potentialAction":[{"@type":"SearchAction","target":{"@type":"EntryPoint","urlTemplate":"https:\/\/freeman-freeman.com\/?s={search_term_string}"},"query-input":{"@type":"PropertyValueSpecification","valueRequired":true,"valueName":"search_term_string"}}],"inLanguage":"es"},{"@type":"Organization","@id":"https:\/\/freeman-freeman.com\/#organization","name":"Freeman &amp; Freeman, LLP","url":"https:\/\/freeman-freeman.com\/","logo":{"@type":"ImageObject","inLanguage":"es","@id":"https:\/\/freeman-freeman.com\/#\/schema\/logo\/image\/","url":"https:\/\/freeman-freeman.com\/wp-content\/uploads\/2024\/01\/logo.jpg","contentUrl":"https:\/\/freeman-freeman.com\/wp-content\/uploads\/2024\/01\/logo.jpg","width":674,"height":104,"caption":"Freeman & Freeman, LLP"},"image":{"@id":"https:\/\/freeman-freeman.com\/#\/schema\/logo\/image\/"},"sameAs":["https:\/\/www.facebook.com\/FreemanFreemanLaw","https:\/\/x.com\/FreemanFreeman1","https:\/\/www.linkedin.com\/company\/freeman-freeman-llp"]}]}},"_links":{"self":[{"href":"https:\/\/freeman-freeman.com\/es\/wp-json\/wp\/v2\/pages\/3058","targetHints":{"allow":["GET"]}}],"collection":[{"href":"https:\/\/freeman-freeman.com\/es\/wp-json\/wp\/v2\/pages"}],"about":[{"href":"https:\/\/freeman-freeman.com\/es\/wp-json\/wp\/v2\/types\/page"}],"author":[{"embeddable":true,"href":"https:\/\/freeman-freeman.com\/es\/wp-json\/wp\/v2\/users\/1"}],"replies":[{"embeddable":true,"href":"https:\/\/freeman-freeman.com\/es\/wp-json\/wp\/v2\/comments?post=3058"}],"version-history":[{"count":4,"href":"https:\/\/freeman-freeman.com\/es\/wp-json\/wp\/v2\/pages\/3058\/revisions"}],"predecessor-version":[{"id":3066,"href":"https:\/\/freeman-freeman.com\/es\/wp-json\/wp\/v2\/pages\/3058\/revisions\/3066"}],"wp:attachment":[{"href":"https:\/\/freeman-freeman.com\/es\/wp-json\/wp\/v2\/media?parent=3058"}],"curies":[{"name":"wp","href":"https:\/\/api.w.org\/{rel}","templated":true}]}}