{"id":3075,"date":"2025-06-06T11:37:52","date_gmt":"2025-06-06T11:37:52","guid":{"rendered":"https:\/\/freeman-freeman.com\/?page_id=3075"},"modified":"2025-06-06T12:58:24","modified_gmt":"2025-06-06T12:58:24","slug":"encino-abogado-de-muerte-injusta","status":"publish","type":"page","link":"https:\/\/freeman-freeman.com\/es\/encino-wrongful-death-lawyer\/","title":{"rendered":"Encino Abogado de Muerte Injusta"},"content":{"rendered":"<div class=\"abt-img\"><img loading=\"lazy\" decoding=\"async\" class=\"alignnone wp-image-3090 size-full\" title=\"mejor abogado de muerte injusta encino\" src=\"https:\/\/freeman-freeman.com\/wp-content\/uploads\/2025\/06\/best-encino-wrongful-death-lawyer.webp\" alt=\"mejor abogado de muerte injusta encino\" width=\"800\" height=\"400\" srcset=\"https:\/\/freeman-freeman.com\/wp-content\/uploads\/2025\/06\/best-encino-wrongful-death-lawyer.webp 800w, https:\/\/freeman-freeman.com\/wp-content\/uploads\/2025\/06\/best-encino-wrongful-death-lawyer-300x150.webp 300w, https:\/\/freeman-freeman.com\/wp-content\/uploads\/2025\/06\/best-encino-wrongful-death-lawyer-768x384.webp 768w, https:\/\/freeman-freeman.com\/wp-content\/uploads\/2025\/06\/best-encino-wrongful-death-lawyer-18x9.webp 18w\" sizes=\"auto, (max-width: 800px) 100vw, 800px\" \/><\/div>\n<div>\n<h2>Encino Abogado de Muerte Injusta<\/h2>\n<\/div>\n<p>Un abogado de muerte injusta en Encino puede hacer toda la diferencia en su caso. Si usted est\u00e1 buscando un abogado de este tipo, es probable que est\u00e9 bajo mucho estr\u00e9s. Puede haber preguntas que usted necesita respuestas, como qu\u00e9 paso dar a continuaci\u00f3n, si usted es elegible para presentar una demanda por muerte injusta, y otros. Tambi\u00e9n es posible que necesite apoyo emocional mientras atraviesa este proceso legal. En <a href=\"https:\/\/freeman-freeman.com\/es\/encino-abogado-de-lesiones-personales\/\">Encino abogado de lesiones personales<\/a> puede ser de ayuda en cada uno de estos aspectos y en muchos m\u00e1s.<\/p>\n<p>Contratar al abogado adecuado en Encino puede marcar la diferencia en el resultado de su caso. Puede ser dif\u00edcil navegar por las complejidades legales de los casos, incluso simples, pero navegar por un caso de homicidio culposo en medio de un intenso dolor puede ser m\u00e1s que abrumador. Tener un abogado con experiencia que pueda manejar cada aspecto legal le ayudar\u00e1 a navegar estas aguas dif\u00edciles con cuidado y precisi\u00f3n.<\/p>\n<h2>Muerte por negligencia en California<\/h2>\n<p>En California, la muerte por negligencia se produce cuando un individuo muere debido a la culpa legal o negligencia de otra persona, empresa o entidad oficial. Aunque a veces puede ser dif\u00edcil para un juez o tribunal clasificar un caso como homicidio culposo, existen normas estatales espec\u00edficas que definen esta circunstancia. Tambi\u00e9n hay requisitos espec\u00edficos sobre qui\u00e9n puede presentar un caso de homicidio culposo.<\/p>\n<p>La ley de California establece que s\u00f3lo pueden presentar una demanda quienes tuvieran una relaci\u00f3n estrecha o dependieran econ\u00f3micamente del fallecido en un caso de homicidio culposo. Esto incluir\u00eda a menudo los c\u00f3nyuges o los hijos, en su caso. Si una persona no tiene ninguna de estas relaciones, los padres u otros parientes cercanos pueden ser capaces de recibir alg\u00fan tipo de compensaci\u00f3n.<\/p>\n<h2>Tipos de homicidio culposo<\/h2>\n<p>Existe un sinf\u00edn de circunstancias que pueden dar lugar a un homicidio culposo. <strong>Sin embargo, a continuaci\u00f3n se enumeran algunas de las circunstancias que se dan con m\u00e1s frecuencia que otras.<\/strong><\/p>\n<ul>\n<li><a href=\"https:\/\/freeman-freeman.com\/es\/abogado-de-accidentes-de-coche-en-encino\/\">Accidentes de tr\u00e1fico<\/a><\/li>\n<li><a href=\"https:\/\/freeman-freeman.com\/es\/encino-accidente-de-motocicleta-abogado\/\">Accidentes de moto<\/a><\/li>\n<li>Negligencias y errores m\u00e9dicos<\/li>\n<li>Productos defectuosos<\/li>\n<li>Accidentes laborales o de la construcci\u00f3n<\/li>\n<\/ul>\n<p>Muchos casos de homicidio culposo ocurren en el lugar de trabajo. Aunque pueda resultar chocante, no todas las muertes por negligencia en el lugar de trabajo se producen en entornos de alto riesgo. Por ejemplo, el Consejo Nacional de Seguridad informa de que en 2022, <a href=\"https:\/\/www.nsc.org\/workplace\/safety-topics\/slips-trips-and-falls\/slips-trips-and-falls-home?\" target=\"_blank\" rel=\"noopener\">865 trabajadores muertos en ca\u00eddas<\/a> que podr\u00edan haberse evitado. <a href=\"https:\/\/freeman-freeman.com\/es\/encino-resbalon-y-caida-abogado\/\">Algunas de estas ca\u00eddas<\/a> no se produjo desde un lugar elevado y peligroso, sino en un entorno cotidiano normal.<\/p>\n<h2>Error m\u00e9dico<\/h2>\n<p>Seg\u00fan la Biblioteca Nacional de Medicina, se calcula que <a href=\"https:\/\/www.ncbi.nlm.nih.gov\/books\/NBK499956\/\" target=\"_blank\" rel=\"noopener\">m\u00e1s de 200.000<\/a> Pacientes estadounidenses mueren cada a\u00f1o a causa de errores m\u00e9dicos evitables. Esto significa que si su ser querido falleci\u00f3 durante su estancia en el hospital, puede merecer la pena investigar si un error m\u00e9dico pudo ser la causa de la muerte. De ser as\u00ed, puede tener derecho a cierto tipo y cuant\u00eda de indemnizaci\u00f3n.<\/p>\n<p>Aunque nada puede reemplazar la presencia de su ser querido, hay ciertas maneras en que usted puede ser compensado que pueden ayudar a aliviar el estr\u00e9s financiero que puede haber acumulado. Por ejemplo, usted puede ser capaz de ser compensado por todas las facturas m\u00e9dicas, p\u00e9rdida de salarios, dolor y sufrimiento, gastos funerarios, y m\u00e1s.<\/p>\n<h2>Buscar asesoramiento jur\u00eddico<\/h2>\n<p>Independientemente de sus circunstancias, si cree que tiene motivos para presentar una demanda por homicidio culposo, es importante que busque orientaci\u00f3n jur\u00eddica. Un abogado con experiencia en homicidio culposo puede evaluar los hechos para ayudarle a determinar si debe o no presentar una demanda de indemnizaci\u00f3n.<\/p>\n<h2>Preguntas frecuentes<\/h2>\n<h3>P: \u00bfQu\u00e9 probabilidades hay de ganar un caso de homicidio culposo?<\/h3>\n<p><strong>A:<\/strong> Las posibilidades de que una persona gane un caso de homicidio culposo var\u00edan de un caso a otro. Hay muchos factores que pueden afectar al resultado, como el abogado que elija, las pruebas que pueda presentar, la presencia o ausencia de testigos y otros. La solidez de sus pruebas puede tener un efecto significativo. Adem\u00e1s, la experiencia de su abogado en la recopilaci\u00f3n y presentaci\u00f3n de pruebas convincentes puede influir enormemente en la decisi\u00f3n de un juez.<\/p>\n<h3>P: \u00bfLos casos de homicidio culposo se juzgan como casos estatales o federales?<\/h3>\n<p><strong>A:<\/strong> Cada estado tiene sus propias leyes en materia de homicidio culposo. Si bien hay ciertos detalles que, de estar presentes, podr\u00edan convertir un caso de homicidio culposo en un asunto federal, estos casos normalmente ser\u00e1n juzgados dentro de la jurisdicci\u00f3n de su estado. Cada estado puede variar por sus leyes con respecto a lo que un individuo puede buscar da\u00f1os y perjuicios, el estatuto de limitaciones que se aplican, y m\u00e1s. Los diferentes estados tambi\u00e9n pueden tener pasos \u00fanicos en el proceso de presentaci\u00f3n de una reclamaci\u00f3n.<\/p>\n<h3>Q: \u00bfC\u00f3mo puedo presentar una demanda por muerte injusta en Encino, California?<\/h3>\n<p><strong>A:<\/strong>\u00a0 Hay varias formas de presentar una <strong>demanda por homicidio culposo en <a href=\"https:\/\/en.wikipedia.org\/wiki\/Encino,_Los_Angeles\" target=\"_blank\" rel=\"noopener\">Encino<\/a><\/strong>California. De antemano, puede ser \u00fatil consultar la orientaci\u00f3n y el asesoramiento de un abogado que haya llevado casos similares. Una vez que est\u00e9 listo para presentar la demanda, puede hacerlo en l\u00ednea o en persona en el tribunal civil del condado de Los \u00c1ngeles. Este podr\u00eda ser el Stanley Mosk Courthouse en Los \u00c1ngeles, dependiendo de las especificidades de su caso. Una vez que haya presentado la demanda, su abogado puede ayudarle a dar los siguientes pasos.<\/p>\n<h3>P: \u00bfQu\u00e9 puede considerarse homicidio culposo?<\/h3>\n<p><strong>A:<\/strong> Los casos de homicidio culposo pueden presentarse por muchos motivos, como accidentes de tr\u00e1fico, accidentes y lesiones laborales, negligencia m\u00e9dica y cualquier otra situaci\u00f3n en la que una persona o empresa sea responsable de la muerte de otra persona. Estas demandas pueden ser presentadas por familiares cercanos del fallecido, como hijos, c\u00f3nyuges, padres, hermanos y otros, dependiendo de las circunstancias. La ley de California puede ser estricta en cuanto a qui\u00e9n puede presentar una demanda por homicidio culposo.<\/p>\n<h2>Freeman &amp; Freeman, LLP, Abogados Excepcionales de Muerte Injusta<\/h2>\n<p>En <a href=\"https:\/\/freeman-freeman.com\/es\/acerca-de\/\">Freeman &amp; Freeman, LLP<\/a>Nuestro objetivo es cuidar de cada cliente con compasi\u00f3n, mientras que tambi\u00e9n se esfuerza estrat\u00e9gicamente para lograr resultados favorables en cada caso. Hemos manejado numerosos casos de homicidio culposo y somos expertos en cada paso del proceso. Nuestro equipo legal tambi\u00e9n entiende lo dif\u00edcil que es este momento para usted y su familia y se dedica a guiarlo en cada paso del camino.<\/p>\n<p>Desde el momento en que usted comienza a cuestionar si es elegible para presentar un caso de homicidio culposo hasta la \u00faltima resoluci\u00f3n, le ayudaremos y asistiremos en todo lo que podamos. Trabajaremos incansablemente para protegerle en todos los sentidos a la vez que luchamos por su derecho a ser compensado por su p\u00e9rdida. <a href=\"https:\/\/freeman-freeman.com\/es\/pongase-en-contacto-con\/\">P\u00f3ngase en contacto con Freeman &amp; Freeman, LLP hoy mismo<\/a> para obtener m\u00e1s informaci\u00f3n sobre los servicios que ofrecemos y plantear cualquier pregunta que pueda tener.<\/p>","protected":false},"excerpt":{"rendered":"<p>Encino Wrongful Death Attorney An Encino wrongful death lawyer can make all the difference in your case. If you are searching for such a lawyer, you are likely under a lot of stress. There may be questions you need answered, such as what step to take next, whether you are eligible to file a wrongful &hellip; <\/p>\n<p class=\"link-more\"><a href=\"https:\/\/freeman-freeman.com\/es\/encino-wrongful-death-lawyer\/\" class=\"more-link\">Seguir leyendo<span class=\"screen-reader-text\"> &#8220;Encino Wrongful Death Lawyer&#8221;<\/span><\/a><\/p>","protected":false},"author":1,"featured_media":0,"parent":0,"menu_order":0,"comment_status":"closed","ping_status":"closed","template":"","meta":{"_acf_changed":false,"footnotes":""},"class_list":["post-3075","page","type-page","status-publish","hentry","entry"],"acf":[],"yoast_head":"<!-- This site is optimized with the Yoast SEO plugin v27.3 - https:\/\/yoast.com\/product\/yoast-seo-wordpress\/ -->\n<title>Encino Wrongful Death Lawyer - Free Consultation<\/title>\n<meta name=\"description\" content=\"Freeman &amp; Freeman, LLP \u2013 Trusted Encino wrongful death lawyers fighting for families after tragic loss. Get experienced, compassionate legal help today\" \/>\n<meta name=\"robots\" content=\"index, follow, max-snippet:-1, max-image-preview:large, max-video-preview:-1\" \/>\n<link rel=\"canonical\" href=\"https:\/\/freeman-freeman.com\/es\/encino-abogado-de-muerte-injusta\/\" \/>\n<meta property=\"og:locale\" content=\"es_MX\" \/>\n<meta property=\"og:type\" content=\"article\" \/>\n<meta property=\"og:title\" content=\"Encino Wrongful Death Lawyer - Free Consultation\" \/>\n<meta property=\"og:description\" content=\"Freeman &amp; Freeman, LLP \u2013 Trusted Encino wrongful death lawyers fighting for families after tragic loss. Get experienced, compassionate legal help today\" \/>\n<meta property=\"og:url\" content=\"https:\/\/freeman-freeman.com\/es\/encino-abogado-de-muerte-injusta\/\" \/>\n<meta property=\"og:site_name\" content=\"Freeman &amp; Freeman, LLP\" \/>\n<meta property=\"article:publisher\" content=\"https:\/\/www.facebook.com\/FreemanFreemanLaw\" \/>\n<meta property=\"article:modified_time\" content=\"2025-06-06T12:58:24+00:00\" \/>\n<meta property=\"og:image\" content=\"https:\/\/freeman-freeman.com\/wp-content\/uploads\/2025\/06\/best-encino-wrongful-death-lawyer.webp\" \/>\n\t<meta property=\"og:image:width\" content=\"800\" \/>\n\t<meta property=\"og:image:height\" content=\"400\" \/>\n\t<meta property=\"og:image:type\" content=\"image\/webp\" \/>\n<meta name=\"twitter:card\" content=\"summary_large_image\" \/>\n<meta name=\"twitter:site\" content=\"@FreemanFreeman1\" \/>\n<meta name=\"twitter:label1\" content=\"Tiempo de lectura\" \/>\n\t<meta name=\"twitter:data1\" content=\"5 minutos\" \/>\n<script type=\"application\/ld+json\" class=\"yoast-schema-graph\">{\"@context\":\"https:\\\/\\\/schema.org\",\"@graph\":[{\"@type\":\"WebPage\",\"@id\":\"https:\\\/\\\/freeman-freeman.com\\\/encino-wrongful-death-lawyer\\\/\",\"url\":\"https:\\\/\\\/freeman-freeman.com\\\/encino-wrongful-death-lawyer\\\/\",\"name\":\"Encino Wrongful Death Lawyer - Free Consultation\",\"isPartOf\":{\"@id\":\"https:\\\/\\\/freeman-freeman.com\\\/#website\"},\"primaryImageOfPage\":{\"@id\":\"https:\\\/\\\/freeman-freeman.com\\\/encino-wrongful-death-lawyer\\\/#primaryimage\"},\"image\":{\"@id\":\"https:\\\/\\\/freeman-freeman.com\\\/encino-wrongful-death-lawyer\\\/#primaryimage\"},\"thumbnailUrl\":\"https:\\\/\\\/freeman-freeman.com\\\/wp-content\\\/uploads\\\/2025\\\/06\\\/best-encino-wrongful-death-lawyer.webp\",\"datePublished\":\"2025-06-06T11:37:52+00:00\",\"dateModified\":\"2025-06-06T12:58:24+00:00\",\"description\":\"Freeman & Freeman, LLP \u2013 Trusted Encino wrongful death lawyers fighting for families after tragic loss. Get experienced, compassionate legal help today\",\"inLanguage\":\"es\",\"potentialAction\":[{\"@type\":\"ReadAction\",\"target\":[\"https:\\\/\\\/freeman-freeman.com\\\/encino-wrongful-death-lawyer\\\/\"]}]},{\"@type\":\"ImageObject\",\"inLanguage\":\"es\",\"@id\":\"https:\\\/\\\/freeman-freeman.com\\\/encino-wrongful-death-lawyer\\\/#primaryimage\",\"url\":\"https:\\\/\\\/freeman-freeman.com\\\/wp-content\\\/uploads\\\/2025\\\/06\\\/best-encino-wrongful-death-lawyer.webp\",\"contentUrl\":\"https:\\\/\\\/freeman-freeman.com\\\/wp-content\\\/uploads\\\/2025\\\/06\\\/best-encino-wrongful-death-lawyer.webp\"},{\"@type\":\"WebSite\",\"@id\":\"https:\\\/\\\/freeman-freeman.com\\\/#website\",\"url\":\"https:\\\/\\\/freeman-freeman.com\\\/\",\"name\":\"Freeman &amp; Freeman, LLP\",\"description\":\"\",\"publisher\":{\"@id\":\"https:\\\/\\\/freeman-freeman.com\\\/#organization\"},\"potentialAction\":[{\"@type\":\"SearchAction\",\"target\":{\"@type\":\"EntryPoint\",\"urlTemplate\":\"https:\\\/\\\/freeman-freeman.com\\\/?s={search_term_string}\"},\"query-input\":{\"@type\":\"PropertyValueSpecification\",\"valueRequired\":true,\"valueName\":\"search_term_string\"}}],\"inLanguage\":\"es\"},{\"@type\":\"Organization\",\"@id\":\"https:\\\/\\\/freeman-freeman.com\\\/#organization\",\"name\":\"Freeman & Freeman, LLP\",\"url\":\"https:\\\/\\\/freeman-freeman.com\\\/\",\"logo\":{\"@type\":\"ImageObject\",\"inLanguage\":\"es\",\"@id\":\"https:\\\/\\\/freeman-freeman.com\\\/#\\\/schema\\\/logo\\\/image\\\/\",\"url\":\"https:\\\/\\\/freeman-freeman.com\\\/wp-content\\\/uploads\\\/2024\\\/01\\\/logo.jpg\",\"contentUrl\":\"https:\\\/\\\/freeman-freeman.com\\\/wp-content\\\/uploads\\\/2024\\\/01\\\/logo.jpg\",\"width\":674,\"height\":104,\"caption\":\"Freeman & Freeman, LLP\"},\"image\":{\"@id\":\"https:\\\/\\\/freeman-freeman.com\\\/#\\\/schema\\\/logo\\\/image\\\/\"},\"sameAs\":[\"https:\\\/\\\/www.facebook.com\\\/FreemanFreemanLaw\",\"https:\\\/\\\/x.com\\\/FreemanFreeman1\",\"https:\\\/\\\/www.linkedin.com\\\/company\\\/freeman-freeman-llp\"]}]}<\/script>\n<!-- \/ Yoast SEO plugin. -->","yoast_head_json":{"title":"Encino Abogado de Muerte Injusta - Consulta Gratuita","description":"Freeman &amp; Freeman, LLP - Abogados de confianza en Encino especializados en homicidio culposo que luchan por las familias despu\u00e9s de una p\u00e9rdida tr\u00e1gica. Obtenga ayuda legal experimentada y compasiva hoy mismo.","robots":{"index":"index","follow":"follow","max-snippet":"max-snippet:-1","max-image-preview":"max-image-preview:large","max-video-preview":"max-video-preview:-1"},"canonical":"https:\/\/freeman-freeman.com\/es\/encino-abogado-de-muerte-injusta\/","og_locale":"es_MX","og_type":"article","og_title":"Encino Wrongful Death Lawyer - Free Consultation","og_description":"Freeman & Freeman, LLP \u2013 Trusted Encino wrongful death lawyers fighting for families after tragic loss. Get experienced, compassionate legal help today","og_url":"https:\/\/freeman-freeman.com\/es\/encino-abogado-de-muerte-injusta\/","og_site_name":"Freeman &amp; Freeman, LLP","article_publisher":"https:\/\/www.facebook.com\/FreemanFreemanLaw","article_modified_time":"2025-06-06T12:58:24+00:00","og_image":[{"width":800,"height":400,"url":"https:\/\/freeman-freeman.com\/wp-content\/uploads\/2025\/06\/best-encino-wrongful-death-lawyer.webp","type":"image\/webp"}],"twitter_card":"summary_large_image","twitter_site":"@FreemanFreeman1","twitter_misc":{"Tiempo de lectura":"5 minutos"},"schema":{"@context":"https:\/\/schema.org","@graph":[{"@type":"WebPage","@id":"https:\/\/freeman-freeman.com\/encino-wrongful-death-lawyer\/","url":"https:\/\/freeman-freeman.com\/encino-wrongful-death-lawyer\/","name":"Encino Abogado de Muerte Injusta - Consulta Gratuita","isPartOf":{"@id":"https:\/\/freeman-freeman.com\/#website"},"primaryImageOfPage":{"@id":"https:\/\/freeman-freeman.com\/encino-wrongful-death-lawyer\/#primaryimage"},"image":{"@id":"https:\/\/freeman-freeman.com\/encino-wrongful-death-lawyer\/#primaryimage"},"thumbnailUrl":"https:\/\/freeman-freeman.com\/wp-content\/uploads\/2025\/06\/best-encino-wrongful-death-lawyer.webp","datePublished":"2025-06-06T11:37:52+00:00","dateModified":"2025-06-06T12:58:24+00:00","description":"Freeman &amp; Freeman, LLP - Abogados de confianza en Encino especializados en homicidio culposo que luchan por las familias despu\u00e9s de una p\u00e9rdida tr\u00e1gica. Obtenga ayuda legal experimentada y compasiva hoy mismo.","inLanguage":"es","potentialAction":[{"@type":"ReadAction","target":["https:\/\/freeman-freeman.com\/encino-wrongful-death-lawyer\/"]}]},{"@type":"ImageObject","inLanguage":"es","@id":"https:\/\/freeman-freeman.com\/encino-wrongful-death-lawyer\/#primaryimage","url":"https:\/\/freeman-freeman.com\/wp-content\/uploads\/2025\/06\/best-encino-wrongful-death-lawyer.webp","contentUrl":"https:\/\/freeman-freeman.com\/wp-content\/uploads\/2025\/06\/best-encino-wrongful-death-lawyer.webp"},{"@type":"WebSite","@id":"https:\/\/freeman-freeman.com\/#website","url":"https:\/\/freeman-freeman.com\/","name":"Freeman &amp; Freeman, LLP","description":"","publisher":{"@id":"https:\/\/freeman-freeman.com\/#organization"},"potentialAction":[{"@type":"SearchAction","target":{"@type":"EntryPoint","urlTemplate":"https:\/\/freeman-freeman.com\/?s={search_term_string}"},"query-input":{"@type":"PropertyValueSpecification","valueRequired":true,"valueName":"search_term_string"}}],"inLanguage":"es"},{"@type":"Organization","@id":"https:\/\/freeman-freeman.com\/#organization","name":"Freeman &amp; Freeman, LLP","url":"https:\/\/freeman-freeman.com\/","logo":{"@type":"ImageObject","inLanguage":"es","@id":"https:\/\/freeman-freeman.com\/#\/schema\/logo\/image\/","url":"https:\/\/freeman-freeman.com\/wp-content\/uploads\/2024\/01\/logo.jpg","contentUrl":"https:\/\/freeman-freeman.com\/wp-content\/uploads\/2024\/01\/logo.jpg","width":674,"height":104,"caption":"Freeman & Freeman, LLP"},"image":{"@id":"https:\/\/freeman-freeman.com\/#\/schema\/logo\/image\/"},"sameAs":["https:\/\/www.facebook.com\/FreemanFreemanLaw","https:\/\/x.com\/FreemanFreeman1","https:\/\/www.linkedin.com\/company\/freeman-freeman-llp"]}]}},"_links":{"self":[{"href":"https:\/\/freeman-freeman.com\/es\/wp-json\/wp\/v2\/pages\/3075","targetHints":{"allow":["GET"]}}],"collection":[{"href":"https:\/\/freeman-freeman.com\/es\/wp-json\/wp\/v2\/pages"}],"about":[{"href":"https:\/\/freeman-freeman.com\/es\/wp-json\/wp\/v2\/types\/page"}],"author":[{"embeddable":true,"href":"https:\/\/freeman-freeman.com\/es\/wp-json\/wp\/v2\/users\/1"}],"replies":[{"embeddable":true,"href":"https:\/\/freeman-freeman.com\/es\/wp-json\/wp\/v2\/comments?post=3075"}],"version-history":[{"count":10,"href":"https:\/\/freeman-freeman.com\/es\/wp-json\/wp\/v2\/pages\/3075\/revisions"}],"predecessor-version":[{"id":3098,"href":"https:\/\/freeman-freeman.com\/es\/wp-json\/wp\/v2\/pages\/3075\/revisions\/3098"}],"wp:attachment":[{"href":"https:\/\/freeman-freeman.com\/es\/wp-json\/wp\/v2\/media?parent=3075"}],"curies":[{"name":"wp","href":"https:\/\/api.w.org\/{rel}","templated":true}]}}