{"id":3109,"date":"2025-07-21T16:56:33","date_gmt":"2025-07-21T16:56:33","guid":{"rendered":"https:\/\/freeman-freeman.com\/?page_id=3109"},"modified":"2025-07-22T15:08:33","modified_gmt":"2025-07-22T15:08:33","slug":"abogado-de-muerte-por-negligencia-northridge","status":"publish","type":"page","link":"https:\/\/freeman-freeman.com\/es\/northridge-wrongful-death-lawyer\/","title":{"rendered":"Northridge Abogado de Muerte Injusta"},"content":{"rendered":"<div class=\"abt-img\"><img loading=\"lazy\" decoding=\"async\" class=\"alignnone wp-image-3097 size-full\" title=\"abogado de muerte por negligencia northridge\" src=\"https:\/\/freeman-freeman.com\/wp-content\/uploads\/2025\/07\/best-northridge-wrongful-death-lawyer.webp\" alt=\"abogado de muerte por negligencia northridge\" width=\"800\" height=\"400\" \/><\/div>\n<div>\n<h2>Northridge Abogado de Muerte Injusta<\/h2>\n<\/div>\n<p>La muerte de un ser querido es dif\u00edcil de afrontar, pero lo es a\u00fan m\u00e1s cuando su muerte fue el resultado de las acciones de otra persona. Tanto si las acciones del acusado fueron intencionadas como accidentales, usted ha perdido a una persona incre\u00edblemente importante. En algunos casos, usted tiene la posibilidad de obtener una compensaci\u00f3n econ\u00f3mica como resultado de la muerte de su ser querido. Si usted cree que tiene un caso de homicidio culposo, un <strong>Northridge abogado de muerte injusta<\/strong> puede ayudar.<\/p>\n<p>Entender los par\u00e1metros legales y c\u00f3mo se aplican a su caso puede ser dif\u00edcil. Esto es a\u00fan m\u00e1s cierto si usted tambi\u00e9n est\u00e1 navegando por el dolor y la ira despu\u00e9s de la muerte de un ser querido. Hablar con un abogado experto puede proporcionarle una valiosa perspectiva de su caso, as\u00ed como posibles opciones. Permitir que un <a href=\"https:\/\/freeman-freeman.com\/es\/abogado-de-lesiones-personales-northridge\/\">Northridge abogado de lesiones personales<\/a> para hacerse cargo del aspecto legal de su caso le libera para cuidar de s\u00ed mismo y de su familia durante este momento emocional.<\/p>\n<h2>Compasivo y digno de confianza Northfield muerte injusta abogado<\/h2>\n<p>No es raro que las personas tengan sentimientos complejos acerca de la presentaci\u00f3n de una demanda por muerte injusta, ya que es posible que desee evitar asignar un valor a la p\u00e9rdida de su ser querido. Aunque un acuerdo por homicidio culposo no puede traer de vuelta a su ser querido, puede ayudarle a recuperarse econ\u00f3micamente y hacer que la parte responsable rinda cuentas.<\/p>\n<p><a href=\"https:\/\/freeman-freeman.com\/es\/acerca-de\/\">Freeman &amp; Freeman, LLP<\/a>El bufete de abogados de la muerte por negligencia de otro, entiende los matices de cada caso de muerte por negligencia y ha apoyado a nuestra comunidad a trav\u00e9s de sus reclamaciones durante m\u00e1s de 30 a\u00f1os. Elegir una cifra por la p\u00e9rdida de su ser querido puede parecer imposible, pero podemos trabajar dentro de las especificaciones de la ley para ayudarle a recibir la <a href=\"https:\/\/freeman-freeman.com\/es\/blog\/cantidades-de-acuerdos-por-lesiones-personales-ejemplos-en-california\/\">m\u00e1xima liquidaci\u00f3n posible<\/a>.<\/p>\n<h2>Tipos de indemnizaci\u00f3n recuperables en un caso de homicidio culposo<\/h2>\n<p>La indemnizaci\u00f3n que puede obtener en un caso de homicidio culposo est\u00e1 destinada a cubrir los gastos pertinentes, as\u00ed como los gastos futuros derivados de la p\u00e9rdida. Hay varios tipos de indemnizaci\u00f3n que pueden recuperarse en un caso de homicidio culposo, pero en su mayor\u00eda se dividen en dos tipos principales: econ\u00f3mica y no econ\u00f3mica.<\/p>\n<p>Los da\u00f1os y perjuicios utilizados para compensar a la familia superviviente por las p\u00e9rdidas financieras sufridas como consecuencia de la muerte de su ser querido se denominan da\u00f1os y perjuicios econ\u00f3micos. Por ejemplo, los servicios funerarios pueden ser costosos, siendo el servicio funerario medio con un entierro <a href=\"https:\/\/worldpopulationreview.com\/state-rankings\/average-funeral-cost-by-state\" target=\"_blank\" rel=\"noopener\">superior a $8.000 en California<\/a>. <strong>Adem\u00e1s de los gastos de funeral y entierro, los da\u00f1os econ\u00f3micos pueden incluir:<\/strong><\/p>\n<ul>\n<li>Gastos m\u00e9dicos<\/li>\n<li>Salarios perdidos<\/li>\n<li>P\u00e9rdida de apoyo financiero<\/li>\n<li>P\u00e9rdida de prestaciones<\/li>\n<\/ul>\n<p>Adem\u00e1s de los da\u00f1os econ\u00f3micos est\u00e1n los da\u00f1os no econ\u00f3micos, que cubren las p\u00e9rdidas intangibles de los familiares supervivientes. <strong>Los da\u00f1os no econ\u00f3micos son m\u00e1s subjetivos e incluyen:<\/strong><\/p>\n<ul>\n<li><strong>Angustia emocional:<\/strong>\u00a0Es probable que tras la muerte de su ser querido se produzcan sufrimiento emocional, pena y angustia mental.<\/li>\n<li><strong>P\u00e9rdida de compa\u00f1\u00eda:<\/strong>\u00a0La p\u00e9rdida de un ser querido puede acarrear la p\u00e9rdida de compa\u00f1\u00eda, cuidados y afecto.<\/li>\n<li><strong>P\u00e9rdida de consorcio:<\/strong>\u00a0Aplicable a los c\u00f3nyuges, este tipo de indemnizaci\u00f3n cubre la p\u00e9rdida de las relaciones conyugales y de la compa\u00f1\u00eda f\u00edsica y emocional que proporcionaban.<\/li>\n<li><strong>P\u00e9rdida de orientaci\u00f3n y apoyo:<\/strong>\u00a0Espec\u00edfico para los ni\u00f1os, este tipo de indemnizaci\u00f3n est\u00e1 pensado para ayudar a los ni\u00f1os que han perdido la orientaci\u00f3n, el apoyo y la crianza de sus padres.<\/li>\n<\/ul>\n<p>En circunstancias limitadas, tambi\u00e9n se le pueden conceder da\u00f1os punitivos. Estos da\u00f1os pueden solicitarse cuando las acciones del demandado han sido particularmente atroces y se aplican en circunstancias como la prevaricaci\u00f3n empresarial, la negligencia extrema y el da\u00f1o intencionado.<\/p>\n<h2>Freeman &amp; Freeman, LLP: Contrate a un abogado con experiencia en homicidio culposo<\/h2>\n<p>El abogado de homicidio culposo que elija para llevar su caso puede tener un gran impacto en el resultado. <strong>Freeman &amp; Freeman, LLP, es la elecci\u00f3n correcta porque lo hemos hecho:<\/strong><\/p>\n<ul>\n<li><strong>Experiencia:<\/strong>\u00a0Nuestra oficina tiene m\u00e1s de 30 a\u00f1os de experiencia apoyando a nuestra comunidad a trav\u00e9s de situaciones legales dif\u00edciles como los casos de homicidio culposo.<\/li>\n<li><strong>Soporte multiling\u00fce:<\/strong>\u00a0El equipo de Freeman &amp; Freeman, LLP, est\u00e1 formado por miembros que hablan espa\u00f1ol y tagalo.<\/li>\n<li><strong>Compasi\u00f3n:<\/strong>\u00a0Entendemos lo complejos y emocionalmente desafiantes que pueden ser los casos de homicidio culposo. Nos acercamos a cada caso con la compasi\u00f3n y el cuidado que se merece.<\/li>\n<\/ul>\n<h2>Preguntas frecuentes<\/h2>\n<h3>P: \u00bfQui\u00e9n puede presentar una demanda por homicidio culposo en California?<\/h3>\n<p><strong>A:<\/strong> Normalmente, en California, una demanda por homicidio culposo puede ser presentada por el c\u00f3nyuge sup\u00e9rstite, los hijos, la pareja de hecho o el representante personal del difunto. En algunos casos, la persona con derecho a la propiedad del difunto por sucesi\u00f3n intestada puede presentar la reclamaci\u00f3n. Un abogado experto en homicidio culposo puede ayudarle a determinar si re\u00fane los requisitos para presentar una demanda por homicidio culposo tras la muerte de un ser querido.<\/p>\n<h3>P: \u00bfCu\u00e1les son las posibles causas de homicidio culposo en California?<\/h3>\n<p><strong>A:<\/strong> Hay varias causas potenciales de homicidio culposo en California. Una de las causas m\u00e1s comunes es <a href=\"https:\/\/freeman-freeman.com\/es\/blog\/estadisticas-de-accidentes-de-coche-en-california\/\">accidentes de tr\u00e1fico<\/a>: <a href=\"https:\/\/wonder.cdc.gov\/controller\/datarequest\/D158;jsessionid=7DC0014381E9A5AEA027A4C17A16\" target=\"_blank\" rel=\"noopener\">murieron 4.619 personas<\/a> como consecuencia de accidentes de tr\u00e1fico en California en 2023. Otras causas potenciales incluyen negligencia m\u00e9dica, responsabilidad de las instalaciones e incidentes en el lugar de trabajo. Si usted cree que tiene una demanda por muerte injusta de un ser querido, un abogado de muerte injusta puede ayudarle a explorar sus opciones.<\/p>\n<h3>P: \u00bfNecesito un abogado para un caso de homicidio culposo en California?<\/h3>\n<p><strong>A:<\/strong> Usted no est\u00e1 obligado a contratar a un abogado para presentar un caso de homicidio culposo en California, sin embargo, a menudo se recomienda que trabaje con un abogado de homicidio culposo. Es probable que su experiencia y conocimientos sean inestimables a medida que avanza en el proceso legal. Contratar a un abogado significa que usted puede centrar su energ\u00eda en la curaci\u00f3n y el apoyo a sus seres queridos a trav\u00e9s de la p\u00e9rdida.<\/p>\n<h3>P: \u00bfTiene que pagar impuestos sobre un acuerdo de muerte por negligencia en California?<\/h3>\n<p><strong>A:<\/strong> En la mayor\u00eda de los casos, usted no tiene que pagar impuestos sobre una indemnizaci\u00f3n por homicidio culposo en California. Bajo la ley federal, la compensaci\u00f3n de un acuerdo de muerte por negligencia no se considera ganancias si la muerte fue el resultado de una enfermedad f\u00edsica o lesi\u00f3n. Una excepci\u00f3n a esta regla son los da\u00f1os punitivos, ya que suelen estar sujetos a impuestos.<\/p>\n<h2>Proteger su futuro tras un homicidio culposo<\/h2>\n<p>La p\u00e9rdida de un ser querido como consecuencia de las acciones de otra persona es traum\u00e1tica desde el punto de vista econ\u00f3mico y emocional. Puedes proteger tu futuro asegur\u00e1ndote de que la parte responsable pague los gastos actuales y futuros relacionados con la p\u00e9rdida.<\/p>\n<p>Freeman &amp; Freeman, LLP, entiende lo dif\u00edcil que los casos de homicidio culposo pueden ser para los miembros de nuestra comunidad. <a href=\"https:\/\/freeman-freeman.com\/es\/pongase-en-contacto-con\/\">Concertar una consulta<\/a> con nuestra oficina para ver c\u00f3mo podemos ayudarle a trav\u00e9s de su demanda por homicidio culposo.<\/p>","protected":false},"excerpt":{"rendered":"<p>Northridge Wrongful Death Attorney A loved one\u2019s death is challenging to deal with, but it becomes even more so when their death was the result of another\u2019s actions. Whether the defendant\u2019s actions were intentional or accidental, you have still lost an incredibly important person. In some instances, you have the ability to gain financial compensation &hellip; <\/p>\n<p class=\"link-more\"><a href=\"https:\/\/freeman-freeman.com\/es\/northridge-wrongful-death-lawyer\/\" class=\"more-link\">Seguir leyendo<span class=\"screen-reader-text\"> &#8220;Northridge Wrongful Death Lawyer&#8221;<\/span><\/a><\/p>","protected":false},"author":1,"featured_media":0,"parent":0,"menu_order":0,"comment_status":"closed","ping_status":"closed","template":"","meta":{"_acf_changed":false,"footnotes":""},"class_list":["post-3109","page","type-page","status-publish","hentry","entry"],"acf":[],"yoast_head":"<!-- This site is optimized with the Yoast SEO plugin v27.3 - https:\/\/yoast.com\/product\/yoast-seo-wordpress\/ -->\n<title>Northridge Wrongful Death Lawyer - Free Consultation<\/title>\n<meta name=\"description\" content=\"Northridge Wrongful Death Lawyer \u2013 Freeman &amp; Freeman, LLP provides compassionate, expert legal support to help families pursue justice and compensation.\" \/>\n<meta name=\"robots\" content=\"index, follow, max-snippet:-1, max-image-preview:large, max-video-preview:-1\" \/>\n<link rel=\"canonical\" href=\"https:\/\/freeman-freeman.com\/es\/abogado-de-muerte-por-negligencia-northridge\/\" \/>\n<meta property=\"og:locale\" content=\"es_MX\" \/>\n<meta property=\"og:type\" content=\"article\" \/>\n<meta property=\"og:title\" content=\"Northridge Wrongful Death Lawyer - Free Consultation\" \/>\n<meta property=\"og:description\" content=\"Northridge Wrongful Death Lawyer \u2013 Freeman &amp; Freeman, LLP provides compassionate, expert legal support to help families pursue justice and compensation.\" \/>\n<meta property=\"og:url\" content=\"https:\/\/freeman-freeman.com\/es\/abogado-de-muerte-por-negligencia-northridge\/\" \/>\n<meta property=\"og:site_name\" content=\"Freeman &amp; Freeman, LLP\" \/>\n<meta property=\"article:publisher\" content=\"https:\/\/www.facebook.com\/FreemanFreemanLaw\" \/>\n<meta property=\"article:modified_time\" content=\"2025-07-22T15:08:33+00:00\" \/>\n<meta property=\"og:image\" content=\"https:\/\/freeman-freeman.com\/wp-content\/uploads\/2025\/06\/best-reseda-wrongful-death-lawyer.webp\" \/>\n\t<meta property=\"og:image:width\" content=\"800\" \/>\n\t<meta property=\"og:image:height\" content=\"400\" \/>\n\t<meta property=\"og:image:type\" content=\"image\/webp\" \/>\n<meta name=\"twitter:card\" content=\"summary_large_image\" \/>\n<meta name=\"twitter:site\" content=\"@FreemanFreeman1\" \/>\n<meta name=\"twitter:label1\" content=\"Tiempo de lectura\" \/>\n\t<meta name=\"twitter:data1\" content=\"5 minutos\" \/>\n<script type=\"application\/ld+json\" class=\"yoast-schema-graph\">{\"@context\":\"https:\\\/\\\/schema.org\",\"@graph\":[{\"@type\":\"WebPage\",\"@id\":\"https:\\\/\\\/freeman-freeman.com\\\/northridge-wrongful-death-lawyer\\\/\",\"url\":\"https:\\\/\\\/freeman-freeman.com\\\/northridge-wrongful-death-lawyer\\\/\",\"name\":\"Northridge Wrongful Death Lawyer - Free Consultation\",\"isPartOf\":{\"@id\":\"https:\\\/\\\/freeman-freeman.com\\\/#website\"},\"primaryImageOfPage\":{\"@id\":\"https:\\\/\\\/freeman-freeman.com\\\/northridge-wrongful-death-lawyer\\\/#primaryimage\"},\"image\":{\"@id\":\"https:\\\/\\\/freeman-freeman.com\\\/northridge-wrongful-death-lawyer\\\/#primaryimage\"},\"thumbnailUrl\":\"https:\\\/\\\/freeman-freeman.com\\\/wp-content\\\/uploads\\\/2025\\\/07\\\/best-northridge-wrongful-death-lawyer.webp\",\"datePublished\":\"2025-07-21T16:56:33+00:00\",\"dateModified\":\"2025-07-22T15:08:33+00:00\",\"description\":\"Northridge Wrongful Death Lawyer \u2013 Freeman & Freeman, LLP provides compassionate, expert legal support to help families pursue justice and compensation.\",\"inLanguage\":\"es\",\"potentialAction\":[{\"@type\":\"ReadAction\",\"target\":[\"https:\\\/\\\/freeman-freeman.com\\\/northridge-wrongful-death-lawyer\\\/\"]}]},{\"@type\":\"ImageObject\",\"inLanguage\":\"es\",\"@id\":\"https:\\\/\\\/freeman-freeman.com\\\/northridge-wrongful-death-lawyer\\\/#primaryimage\",\"url\":\"https:\\\/\\\/freeman-freeman.com\\\/wp-content\\\/uploads\\\/2025\\\/07\\\/best-northridge-wrongful-death-lawyer.webp\",\"contentUrl\":\"https:\\\/\\\/freeman-freeman.com\\\/wp-content\\\/uploads\\\/2025\\\/07\\\/best-northridge-wrongful-death-lawyer.webp\"},{\"@type\":\"WebSite\",\"@id\":\"https:\\\/\\\/freeman-freeman.com\\\/#website\",\"url\":\"https:\\\/\\\/freeman-freeman.com\\\/\",\"name\":\"Freeman &amp; Freeman, LLP\",\"description\":\"\",\"publisher\":{\"@id\":\"https:\\\/\\\/freeman-freeman.com\\\/#organization\"},\"potentialAction\":[{\"@type\":\"SearchAction\",\"target\":{\"@type\":\"EntryPoint\",\"urlTemplate\":\"https:\\\/\\\/freeman-freeman.com\\\/?s={search_term_string}\"},\"query-input\":{\"@type\":\"PropertyValueSpecification\",\"valueRequired\":true,\"valueName\":\"search_term_string\"}}],\"inLanguage\":\"es\"},{\"@type\":\"Organization\",\"@id\":\"https:\\\/\\\/freeman-freeman.com\\\/#organization\",\"name\":\"Freeman & Freeman, LLP\",\"url\":\"https:\\\/\\\/freeman-freeman.com\\\/\",\"logo\":{\"@type\":\"ImageObject\",\"inLanguage\":\"es\",\"@id\":\"https:\\\/\\\/freeman-freeman.com\\\/#\\\/schema\\\/logo\\\/image\\\/\",\"url\":\"https:\\\/\\\/freeman-freeman.com\\\/wp-content\\\/uploads\\\/2024\\\/01\\\/logo.jpg\",\"contentUrl\":\"https:\\\/\\\/freeman-freeman.com\\\/wp-content\\\/uploads\\\/2024\\\/01\\\/logo.jpg\",\"width\":674,\"height\":104,\"caption\":\"Freeman & Freeman, LLP\"},\"image\":{\"@id\":\"https:\\\/\\\/freeman-freeman.com\\\/#\\\/schema\\\/logo\\\/image\\\/\"},\"sameAs\":[\"https:\\\/\\\/www.facebook.com\\\/FreemanFreemanLaw\",\"https:\\\/\\\/x.com\\\/FreemanFreeman1\",\"https:\\\/\\\/www.linkedin.com\\\/company\\\/freeman-freeman-llp\"]}]}<\/script>\n<!-- \/ Yoast SEO plugin. -->","yoast_head_json":{"title":"Northridge Abogado de Muerte Injusta - Consulta Gratuita","description":"Northridge Abogado de Muerte Injusta - Freeman &amp; Freeman, LLP proporciona compasi\u00f3n, apoyo legal experto para ayudar a las familias a buscar justicia y compensaci\u00f3n.","robots":{"index":"index","follow":"follow","max-snippet":"max-snippet:-1","max-image-preview":"max-image-preview:large","max-video-preview":"max-video-preview:-1"},"canonical":"https:\/\/freeman-freeman.com\/es\/abogado-de-muerte-por-negligencia-northridge\/","og_locale":"es_MX","og_type":"article","og_title":"Northridge Wrongful Death Lawyer - Free Consultation","og_description":"Northridge Wrongful Death Lawyer \u2013 Freeman & Freeman, LLP provides compassionate, expert legal support to help families pursue justice and compensation.","og_url":"https:\/\/freeman-freeman.com\/es\/abogado-de-muerte-por-negligencia-northridge\/","og_site_name":"Freeman &amp; Freeman, LLP","article_publisher":"https:\/\/www.facebook.com\/FreemanFreemanLaw","article_modified_time":"2025-07-22T15:08:33+00:00","og_image":[{"width":800,"height":400,"url":"https:\/\/freeman-freeman.com\/wp-content\/uploads\/2025\/06\/best-reseda-wrongful-death-lawyer.webp","type":"image\/webp"}],"twitter_card":"summary_large_image","twitter_site":"@FreemanFreeman1","twitter_misc":{"Tiempo de lectura":"5 minutos"},"schema":{"@context":"https:\/\/schema.org","@graph":[{"@type":"WebPage","@id":"https:\/\/freeman-freeman.com\/northridge-wrongful-death-lawyer\/","url":"https:\/\/freeman-freeman.com\/northridge-wrongful-death-lawyer\/","name":"Northridge Abogado de Muerte Injusta - Consulta Gratuita","isPartOf":{"@id":"https:\/\/freeman-freeman.com\/#website"},"primaryImageOfPage":{"@id":"https:\/\/freeman-freeman.com\/northridge-wrongful-death-lawyer\/#primaryimage"},"image":{"@id":"https:\/\/freeman-freeman.com\/northridge-wrongful-death-lawyer\/#primaryimage"},"thumbnailUrl":"https:\/\/freeman-freeman.com\/wp-content\/uploads\/2025\/07\/best-northridge-wrongful-death-lawyer.webp","datePublished":"2025-07-21T16:56:33+00:00","dateModified":"2025-07-22T15:08:33+00:00","description":"Northridge Abogado de Muerte Injusta - Freeman &amp; Freeman, LLP proporciona compasi\u00f3n, apoyo legal experto para ayudar a las familias a buscar justicia y compensaci\u00f3n.","inLanguage":"es","potentialAction":[{"@type":"ReadAction","target":["https:\/\/freeman-freeman.com\/northridge-wrongful-death-lawyer\/"]}]},{"@type":"ImageObject","inLanguage":"es","@id":"https:\/\/freeman-freeman.com\/northridge-wrongful-death-lawyer\/#primaryimage","url":"https:\/\/freeman-freeman.com\/wp-content\/uploads\/2025\/07\/best-northridge-wrongful-death-lawyer.webp","contentUrl":"https:\/\/freeman-freeman.com\/wp-content\/uploads\/2025\/07\/best-northridge-wrongful-death-lawyer.webp"},{"@type":"WebSite","@id":"https:\/\/freeman-freeman.com\/#website","url":"https:\/\/freeman-freeman.com\/","name":"Freeman &amp; Freeman, LLP","description":"","publisher":{"@id":"https:\/\/freeman-freeman.com\/#organization"},"potentialAction":[{"@type":"SearchAction","target":{"@type":"EntryPoint","urlTemplate":"https:\/\/freeman-freeman.com\/?s={search_term_string}"},"query-input":{"@type":"PropertyValueSpecification","valueRequired":true,"valueName":"search_term_string"}}],"inLanguage":"es"},{"@type":"Organization","@id":"https:\/\/freeman-freeman.com\/#organization","name":"Freeman &amp; Freeman, LLP","url":"https:\/\/freeman-freeman.com\/","logo":{"@type":"ImageObject","inLanguage":"es","@id":"https:\/\/freeman-freeman.com\/#\/schema\/logo\/image\/","url":"https:\/\/freeman-freeman.com\/wp-content\/uploads\/2024\/01\/logo.jpg","contentUrl":"https:\/\/freeman-freeman.com\/wp-content\/uploads\/2024\/01\/logo.jpg","width":674,"height":104,"caption":"Freeman & Freeman, LLP"},"image":{"@id":"https:\/\/freeman-freeman.com\/#\/schema\/logo\/image\/"},"sameAs":["https:\/\/www.facebook.com\/FreemanFreemanLaw","https:\/\/x.com\/FreemanFreeman1","https:\/\/www.linkedin.com\/company\/freeman-freeman-llp"]}]}},"_links":{"self":[{"href":"https:\/\/freeman-freeman.com\/es\/wp-json\/wp\/v2\/pages\/3109","targetHints":{"allow":["GET"]}}],"collection":[{"href":"https:\/\/freeman-freeman.com\/es\/wp-json\/wp\/v2\/pages"}],"about":[{"href":"https:\/\/freeman-freeman.com\/es\/wp-json\/wp\/v2\/types\/page"}],"author":[{"embeddable":true,"href":"https:\/\/freeman-freeman.com\/es\/wp-json\/wp\/v2\/users\/1"}],"replies":[{"embeddable":true,"href":"https:\/\/freeman-freeman.com\/es\/wp-json\/wp\/v2\/comments?post=3109"}],"version-history":[{"count":7,"href":"https:\/\/freeman-freeman.com\/es\/wp-json\/wp\/v2\/pages\/3109\/revisions"}],"predecessor-version":[{"id":3124,"href":"https:\/\/freeman-freeman.com\/es\/wp-json\/wp\/v2\/pages\/3109\/revisions\/3124"}],"wp:attachment":[{"href":"https:\/\/freeman-freeman.com\/es\/wp-json\/wp\/v2\/media?parent=3109"}],"curies":[{"name":"wp","href":"https:\/\/api.w.org\/{rel}","templated":true}]}}